{"id":10593,"date":"2024-12-19T11:09:27","date_gmt":"2024-12-19T11:09:27","guid":{"rendered":"https:\/\/recambiosecogas.com\/producto\/cartucho-de-filtros-para-landi-renzo-incl-kit-de-empaque-fase-liquida\/"},"modified":"2025-12-02T10:06:33","modified_gmt":"2025-12-02T09:06:33","slug":"filtro-fase-liquida-med-71-landi-renzo","status":"publish","type":"product","link":"https:\/\/recambiosecogas.com\/it\/producto\/filtro-fase-liquida-med-71-landi-renzo\/","title":{"rendered":"Filtro fase liquida MED 71 | Landi Renzo"},"content":{"rendered":"<h3 style=\"text-align: center;\">Filtro fase liquida MED 71 | Landi Renzo<\/h3>\n<h4 data-start=\"190\" data-end=\"272\"><strong data-start=\"194\" data-end=\"272\">Filtro GLP Fase L\u00edquida MED 71 | Landi Renzo \u2013 Ref. 674072000 \/ 169191812R<\/strong><\/h4>\n<p class=\"\" data-start=\"274\" data-end=\"640\">Filtro fase liquida MED 71 | Landi Renzo est\u00e1 dise\u00f1ado para sistemas <strong data-start=\"339\" data-end=\"346\">GLP<\/strong> que utilizan <strong data-start=\"360\" data-end=\"394\">v\u00e1lvulas de cierre MED Tipo 71<\/strong>, siendo compatible con veh\u00edculos equipados con <strong data-start=\"442\" data-end=\"466\">sistemas Landi Renzo<\/strong> como <strong data-start=\"472\" data-end=\"493\">LCS, IGS y Omegas<\/strong>. Este filtro es fundamental para proteger el vaporizador y el sistema de inyecci\u00f3n frente a part\u00edculas s\u00f3lidas y residuos del gas en fase l\u00edquida.<\/p>\n<p class=\"\" data-start=\"642\" data-end=\"1031\">Fabricado en <strong data-start=\"655\" data-end=\"685\">pl\u00e1stico y papel filtrante<\/strong>, ofrece una <strong data-start=\"698\" data-end=\"742\">alta capacidad de retenci\u00f3n de impurezas<\/strong>, garantizando un funcionamiento limpio y eficiente del sistema autogas. Este modelo incluye dimensiones estandarizadas para un ajuste perfecto y <strong data-start=\"888\" data-end=\"934\">cuenta con referencias cruzadas originales<\/strong> como <strong data-start=\"940\" data-end=\"957\">MED 674072000<\/strong> y <strong data-start=\"960\" data-end=\"982\">Renault 169191812R<\/strong>, com\u00fan en veh\u00edculos con sistemas GLP de f\u00e1brica.<\/p>\n<p class=\"\" data-start=\"1033\" data-end=\"1211\">Gracias a su dise\u00f1o compacto, este filtro permite un <strong data-start=\"1086\" data-end=\"1115\">reemplazo r\u00e1pido y eficaz<\/strong>, siendo ideal para tareas de mantenimiento preventivo en instalaciones GLP de alto rendimiento.<\/p>\n<hr class=\"\" data-start=\"1213\" data-end=\"1216\" \/>\n<h4 data-start=\"1218\" data-end=\"1278\"><strong data-start=\"1222\" data-end=\"1278\">Caracter\u00edsticas T\u00e9cnicas \u2013 Filtro MED 71 Landi Renzo<\/strong><\/h4>\n<div class=\"overflow-x-auto contain-inline-size\">\n<table data-start=\"1280\" data-end=\"2140\">\n<thead data-start=\"1280\" data-end=\"1366\">\n<tr data-start=\"1280\" data-end=\"1366\">\n<th data-start=\"1280\" data-end=\"1309\">Especificaci\u00f3n<\/th>\n<th data-start=\"1309\" data-end=\"1366\">Detalles<\/th>\n<\/tr>\n<\/thead>\n<tbody data-start=\"1453\" data-end=\"2140\">\n<tr data-start=\"1453\" data-end=\"1538\">\n<td><strong data-start=\"1455\" data-end=\"1473\">Tipo de filtro<\/strong><\/td>\n<td>Fase l\u00edquida<\/td>\n<\/tr>\n<tr data-start=\"1539\" data-end=\"1624\">\n<td><strong data-start=\"1541\" data-end=\"1564\">Material del filtro<\/strong><\/td>\n<td>Pl\u00e1stico \/ Papel<\/td>\n<\/tr>\n<tr data-start=\"1625\" data-end=\"1710\">\n<td><strong data-start=\"1627\" data-end=\"1641\">Altura (h)<\/strong><\/td>\n<td>16,0 mm<\/td>\n<\/tr>\n<tr data-start=\"1711\" data-end=\"1796\">\n<td><strong data-start=\"1713\" data-end=\"1738\">Di\u00e1metro exterior (D)<\/strong><\/td>\n<td>36,0 mm<\/td>\n<\/tr>\n<tr data-start=\"1797\" data-end=\"1882\">\n<td><strong data-start=\"1799\" data-end=\"1824\">Di\u00e1metro interior (d)<\/strong><\/td>\n<td>14,5 mm<\/td>\n<\/tr>\n<tr data-start=\"1883\" data-end=\"1968\">\n<td><strong data-start=\"1885\" data-end=\"1907\">V\u00e1lvulas de cierre<\/strong><\/td>\n<td>MED Tipo 71<\/td>\n<\/tr>\n<tr data-start=\"1969\" data-end=\"2054\">\n<td><strong data-start=\"1971\" data-end=\"1995\">Sistemas compatibles<\/strong><\/td>\n<td>Landi Renzo (LCS, IGS, Omegas)<\/td>\n<\/tr>\n<tr data-start=\"2055\" data-end=\"2140\">\n<td><strong data-start=\"2057\" data-end=\"2085\">Referencias equivalentes<\/strong><\/td>\n<td>MED 674072000, Renault 169191812R<\/td>\n<\/tr>\n<\/tbody>\n<\/table>\n<\/div>\n<blockquote data-start=\"2142\" data-end=\"2264\">\n<p class=\"\" data-start=\"2144\" data-end=\"2264\"><strong><em>Recomendado su reemplazo cada 15.000 \u2013 20.000 km o en cada revisi\u00f3n del sistema GLP para asegurar una m\u00e1xima eficiencia.<\/em><\/strong><\/p>\n<\/blockquote>\n<p><a href=\"https:\/\/recambiosecogas.com\/categoria-producto\/filtros\/\">COMPRA MAS PRODUCTOS ONLINE EN NUESTRA TIENDA<\/a><\/p>\n<p><a href=\"http:\/\/www.segimonautomocio.com\/\">HAZ LA CONVERSION A GLP EN NUESTRO TALLER INSTALADOR OFICIAL, MAS INFORMACION EN NUESTRA WEB DE TALLER<\/a><\/p>\n","protected":false},"excerpt":{"rendered":"<p>Landi Renzo<\/p>\n","protected":false},"featured_media":11842,"comment_status":"open","ping_status":"closed","template":"","meta":{"googlesitekit_rrm_CAowud7EDA:productID":"","_uag_custom_page_level_css":""},"product_brand":[997],"product_cat":[345],"product_tag":[],"class_list":{"0":"post-10593","1":"product","2":"type-product","3":"status-publish","4":"has-post-thumbnail","6":"product_brand-landi-renzo","7":"product_cat-fase-liquida","9":"first","10":"onbackorder","11":"taxable","12":"shipping-taxable","13":"purchasable","14":"product-type-simple"},"ct_brands":[{"id":997,"name":"Landi Renzo","slug":"landi-renzo"}],"yoast_head":"<!-- This site is optimized with the Yoast SEO Premium plugin v27.4 (Yoast SEO v27.4) - https:\/\/yoast.com\/product\/yoast-seo-premium-wordpress\/ -->\n<title>Filtro fase liquida MED 71 | Landi Renzo | Recambios EcoGas | Sistemas GLP y GNC<\/title>\n<meta name=\"description\" content=\"Filtro GLP fase l\u00edquida MED 71 para Landi Renzo. Medidas 16x36x14,5 mm. Referencias: 674072000, 169191812R. Alta eficiencia.\" \/>\n<meta name=\"robots\" content=\"index, follow, max-snippet:-1, max-image-preview:large, max-video-preview:-1\" \/>\n<link rel=\"canonical\" href=\"https:\/\/recambiosecogas.com\/it\/producto\/filtro-fase-liquida-med-71-landi-renzo\/\" \/>\n<meta property=\"og:locale\" content=\"it_IT\" \/>\n<meta property=\"og:type\" content=\"article\" \/>\n<meta property=\"og:title\" content=\"Filtro fase liquida MED 71 | Landi Renzo\" \/>\n<meta property=\"og:description\" content=\"Filtro GLP fase l\u00edquida MED 71 para Landi Renzo. Medidas 16x36x14,5 mm. Referencias: 674072000, 169191812R. Alta eficiencia.\" \/>\n<meta property=\"og:url\" content=\"https:\/\/recambiosecogas.com\/it\/producto\/filtro-fase-liquida-med-71-landi-renzo\/\" \/>\n<meta property=\"og:site_name\" content=\"Recambios EcoGas\" \/>\n<meta property=\"article:publisher\" content=\"https:\/\/www.facebook.com\/profile.php?id=100062419705358\" \/>\n<meta property=\"article:modified_time\" content=\"2025-12-02T09:06:33+00:00\" \/>\n<meta property=\"og:image\" content=\"https:\/\/recambiosecogas.com\/wp-content\/uploads\/2024\/12\/Cartucho-filtrante-para-Landi-Renzo-con-junta-incluida-fase-liquida-png.webp\" \/>\n\t<meta property=\"og:image:width\" content=\"1000\" \/>\n\t<meta property=\"og:image:height\" content=\"1000\" \/>\n\t<meta property=\"og:image:type\" content=\"image\/png\" \/>\n<meta name=\"twitter:card\" content=\"summary_large_image\" \/>\n<meta name=\"twitter:label1\" content=\"Prezzo\" \/>\n\t<meta name=\"twitter:data1\" content=\"6,66&nbsp;&euro; (Sin IVA: 5,50&nbsp;&euro;)\" \/>\n\t<meta name=\"twitter:label2\" content=\"Disponibilit\u00e0\" \/>\n\t<meta name=\"twitter:data2\" content=\"Su ordinazione\" \/>\n<script type=\"application\/ld+json\" class=\"yoast-schema-graph\">{\"@context\":\"https:\\\/\\\/schema.org\",\"@graph\":[{\"@type\":\"WebPage\",\"@id\":\"https:\\\/\\\/recambiosecogas.com\\\/it\\\/producto\\\/filtro-fase-liquida-med-71-landi-renzo\\\/\",\"url\":\"https:\\\/\\\/recambiosecogas.com\\\/it\\\/producto\\\/filtro-fase-liquida-med-71-landi-renzo\\\/\",\"name\":\"Filtro fase liquida MED 71 | Landi Renzo | Recambios EcoGas | Sistemas GLP y GNC\",\"isPartOf\":{\"@id\":\"https:\\\/\\\/recambiosecogas.com\\\/it\\\/#website\"},\"primaryImageOfPage\":{\"@id\":\"https:\\\/\\\/recambiosecogas.com\\\/it\\\/producto\\\/filtro-fase-liquida-med-71-landi-renzo\\\/#primaryimage\"},\"image\":{\"@id\":\"https:\\\/\\\/recambiosecogas.com\\\/it\\\/producto\\\/filtro-fase-liquida-med-71-landi-renzo\\\/#primaryimage\"},\"thumbnailUrl\":\"https:\\\/\\\/recambiosecogas.com\\\/wp-content\\\/uploads\\\/2024\\\/12\\\/Cartucho-filtrante-para-Landi-Renzo-con-junta-incluida-fase-liquida-png.webp\",\"datePublished\":\"2024-12-19T11:09:27+00:00\",\"dateModified\":\"2025-12-02T09:06:33+00:00\",\"description\":\"Filtro GLP fase l\u00edquida MED 71 para Landi Renzo. Medidas 16x36x14,5 mm. Referencias: 674072000, 169191812R. Alta eficiencia.\",\"breadcrumb\":{\"@id\":\"https:\\\/\\\/recambiosecogas.com\\\/it\\\/producto\\\/filtro-fase-liquida-med-71-landi-renzo\\\/#breadcrumb\"},\"inLanguage\":\"it-IT\",\"potentialAction\":[{\"@type\":\"ReadAction\",\"target\":[\"https:\\\/\\\/recambiosecogas.com\\\/it\\\/producto\\\/filtro-fase-liquida-med-71-landi-renzo\\\/\"]}]},{\"@type\":\"ImageObject\",\"inLanguage\":\"it-IT\",\"@id\":\"https:\\\/\\\/recambiosecogas.com\\\/it\\\/producto\\\/filtro-fase-liquida-med-71-landi-renzo\\\/#primaryimage\",\"url\":\"https:\\\/\\\/recambiosecogas.com\\\/wp-content\\\/uploads\\\/2024\\\/12\\\/Cartucho-filtrante-para-Landi-Renzo-con-junta-incluida-fase-liquida-png.webp\",\"contentUrl\":\"https:\\\/\\\/recambiosecogas.com\\\/wp-content\\\/uploads\\\/2024\\\/12\\\/Cartucho-filtrante-para-Landi-Renzo-con-junta-incluida-fase-liquida-png.webp\",\"width\":1000,\"height\":1000},{\"@type\":\"BreadcrumbList\",\"@id\":\"https:\\\/\\\/recambiosecogas.com\\\/it\\\/producto\\\/filtro-fase-liquida-med-71-landi-renzo\\\/#breadcrumb\",\"itemListElement\":[{\"@type\":\"ListItem\",\"position\":1,\"name\":\"Portada\",\"item\":\"https:\\\/\\\/recambiosecogas.com\\\/it\\\/\"},{\"@type\":\"ListItem\",\"position\":2,\"name\":\"Negozio\",\"item\":\"https:\\\/\\\/recambiosecogas.com\\\/it\\\/?page_id=46382\"},{\"@type\":\"ListItem\",\"position\":3,\"name\":\"Filtro fase liquida MED 71 | Landi Renzo\"}]},{\"@type\":\"WebSite\",\"@id\":\"https:\\\/\\\/recambiosecogas.com\\\/it\\\/#website\",\"url\":\"https:\\\/\\\/recambiosecogas.com\\\/it\\\/\",\"name\":\"Recambios EcoGas\",\"description\":\"Recambios Multimarca para sistemas de GLP\\\/GNC\\\/GNL\\\/Hidr\u00f3geno\",\"publisher\":{\"@id\":\"https:\\\/\\\/recambiosecogas.com\\\/it\\\/#organization\"},\"alternateName\":\"Recambios Autogas GLP\",\"potentialAction\":[{\"@type\":\"SearchAction\",\"target\":{\"@type\":\"EntryPoint\",\"urlTemplate\":\"https:\\\/\\\/recambiosecogas.com\\\/it\\\/?s={search_term_string}\"},\"query-input\":{\"@type\":\"PropertyValueSpecification\",\"valueRequired\":true,\"valueName\":\"search_term_string\"}}],\"inLanguage\":\"it-IT\"},{\"@type\":[\"Organization\",\"Place\"],\"@id\":\"https:\\\/\\\/recambiosecogas.com\\\/it\\\/#organization\",\"name\":\"Recambios EcoGas\",\"alternateName\":\"Tienda Online GLP Espa\u00f1a\",\"url\":\"https:\\\/\\\/recambiosecogas.com\\\/it\\\/\",\"logo\":{\"@id\":\"https:\\\/\\\/recambiosecogas.com\\\/it\\\/producto\\\/filtro-fase-liquida-med-71-landi-renzo\\\/#local-main-organization-logo\"},\"image\":{\"@id\":\"https:\\\/\\\/recambiosecogas.com\\\/it\\\/producto\\\/filtro-fase-liquida-med-71-landi-renzo\\\/#local-main-organization-logo\"},\"sameAs\":[\"https:\\\/\\\/www.facebook.com\\\/profile.php?id=100062419705358\",\"https:\\\/\\\/www.instagram.com\\\/segimon_automocio\"],\"description\":\"Recambios EcoGas \u2013 Venta y distribuci\u00f3n de sistemas GLP y GNC en Espa\u00f1a y Portugal. Env\u00edos 24 h, soporte t\u00e9cnico a talleres y distribuidores.\",\"hasMerchantReturnPolicy\":{\"@type\":\"MerchantReturnPolicy\",\"merchantReturnLink\":\"https:\\\/\\\/recambiosecogas.com\\\/politicas-privacidad\\\/\"},\"address\":{\"@id\":\"https:\\\/\\\/recambiosecogas.com\\\/it\\\/producto\\\/filtro-fase-liquida-med-71-landi-renzo\\\/#local-main-place-address\"},\"telephone\":[\"616250633\"],\"contactPoint\":{\"@type\":\"ContactPoint\",\"email\":\"export@recambiosecogas.com\"},\"openingHoursSpecification\":[{\"@type\":\"OpeningHoursSpecification\",\"dayOfWeek\":[\"Monday\",\"Tuesday\",\"Wednesday\",\"Thursday\",\"Friday\",\"Saturday\",\"Sunday\"],\"opens\":\"09:00\",\"closes\":\"17:00\"}],\"email\":\"info@recambiosecogas.com\",\"faxNumber\":\"SEGIMON AUTOMOCION SL\",\"vatID\":\"ESB19819861\",\"globalLocationNumber\":\"938 616 339\"},{\"@type\":\"PostalAddress\",\"@id\":\"https:\\\/\\\/recambiosecogas.com\\\/it\\\/producto\\\/filtro-fase-liquida-med-71-landi-renzo\\\/#local-main-place-address\",\"streetAddress\":\"cami antic de vic, 29 (Nave 3), Pol\u00edgono Industrial Congost\",\"addressLocality\":\"CORRO D`AVALL\",\"postalCode\":\"08520\",\"addressRegion\":\"Barcelona\",\"addressCountry\":\"ES\"},{\"@type\":\"ImageObject\",\"inLanguage\":\"it-IT\",\"@id\":\"https:\\\/\\\/recambiosecogas.com\\\/it\\\/producto\\\/filtro-fase-liquida-med-71-landi-renzo\\\/#local-main-organization-logo\",\"url\":\"https:\\\/\\\/recambiosecogas.com\\\/wp-content\\\/uploads\\\/2024\\\/11\\\/cropped-RECAMBIOS-GLP-png.webp\",\"contentUrl\":\"https:\\\/\\\/recambiosecogas.com\\\/wp-content\\\/uploads\\\/2024\\\/11\\\/cropped-RECAMBIOS-GLP-png.webp\",\"width\":512,\"height\":512,\"caption\":\"Recambios EcoGas\"}]}<\/script>\n<meta property=\"product:brand\" content=\"Landi Renzo\" \/>\n<meta property=\"product:price:amount\" content=\"6.66\" \/>\n<meta property=\"product:price:currency\" content=\"EUR\" \/>\n<meta property=\"og:availability\" content=\"backorder\" \/>\n<meta property=\"product:availability\" content=\"available for order\" \/>\n<meta property=\"product:retailer_item_id\" content=\"100275\" \/>\n<meta property=\"product:condition\" content=\"new\" \/>\n<meta name=\"geo.placename\" content=\"CORRO D`AVALL\" \/>\n<meta name=\"geo.region\" content=\"Spagna\" \/>\n<!-- \/ Yoast SEO Premium plugin. -->","yoast_head_json":{"title":"Filtro fase liquida MED 71 | Landi Renzo | Recambios EcoGas | Sistemas GLP y GNC","description":"Filtro GLP fase l\u00edquida MED 71 para Landi Renzo. Medidas 16x36x14,5 mm. Referencias: 674072000, 169191812R. Alta eficiencia.","robots":{"index":"index","follow":"follow","max-snippet":"max-snippet:-1","max-image-preview":"max-image-preview:large","max-video-preview":"max-video-preview:-1"},"canonical":"https:\/\/recambiosecogas.com\/it\/producto\/filtro-fase-liquida-med-71-landi-renzo\/","og_locale":"it_IT","og_type":"article","og_title":"Filtro fase liquida MED 71 | Landi Renzo","og_description":"Filtro GLP fase l\u00edquida MED 71 para Landi Renzo. Medidas 16x36x14,5 mm. Referencias: 674072000, 169191812R. Alta eficiencia.","og_url":"https:\/\/recambiosecogas.com\/it\/producto\/filtro-fase-liquida-med-71-landi-renzo\/","og_site_name":"Recambios EcoGas","article_publisher":"https:\/\/www.facebook.com\/profile.php?id=100062419705358","article_modified_time":"2025-12-02T09:06:33+00:00","og_image":[{"width":1000,"height":1000,"url":"https:\/\/recambiosecogas.com\/wp-content\/uploads\/2024\/12\/Cartucho-filtrante-para-Landi-Renzo-con-junta-incluida-fase-liquida-png.webp","type":"image\/png"}],"twitter_card":"summary_large_image","twitter_misc":{"Prezzo":"6,66&nbsp;&euro; (Sin IVA: 5,50&nbsp;&euro;)","Disponibilit\u00e0":"Su ordinazione"},"schema":{"@context":"https:\/\/schema.org","@graph":[{"@type":"WebPage","@id":"https:\/\/recambiosecogas.com\/it\/producto\/filtro-fase-liquida-med-71-landi-renzo\/","url":"https:\/\/recambiosecogas.com\/it\/producto\/filtro-fase-liquida-med-71-landi-renzo\/","name":"Filtro fase liquida MED 71 | Landi Renzo | Recambios EcoGas | Sistemas GLP y GNC","isPartOf":{"@id":"https:\/\/recambiosecogas.com\/it\/#website"},"primaryImageOfPage":{"@id":"https:\/\/recambiosecogas.com\/it\/producto\/filtro-fase-liquida-med-71-landi-renzo\/#primaryimage"},"image":{"@id":"https:\/\/recambiosecogas.com\/it\/producto\/filtro-fase-liquida-med-71-landi-renzo\/#primaryimage"},"thumbnailUrl":"https:\/\/recambiosecogas.com\/wp-content\/uploads\/2024\/12\/Cartucho-filtrante-para-Landi-Renzo-con-junta-incluida-fase-liquida-png.webp","datePublished":"2024-12-19T11:09:27+00:00","dateModified":"2025-12-02T09:06:33+00:00","description":"Filtro GLP fase l\u00edquida MED 71 para Landi Renzo. Medidas 16x36x14,5 mm. Referencias: 674072000, 169191812R. Alta eficiencia.","breadcrumb":{"@id":"https:\/\/recambiosecogas.com\/it\/producto\/filtro-fase-liquida-med-71-landi-renzo\/#breadcrumb"},"inLanguage":"it-IT","potentialAction":[{"@type":"ReadAction","target":["https:\/\/recambiosecogas.com\/it\/producto\/filtro-fase-liquida-med-71-landi-renzo\/"]}]},{"@type":"ImageObject","inLanguage":"it-IT","@id":"https:\/\/recambiosecogas.com\/it\/producto\/filtro-fase-liquida-med-71-landi-renzo\/#primaryimage","url":"https:\/\/recambiosecogas.com\/wp-content\/uploads\/2024\/12\/Cartucho-filtrante-para-Landi-Renzo-con-junta-incluida-fase-liquida-png.webp","contentUrl":"https:\/\/recambiosecogas.com\/wp-content\/uploads\/2024\/12\/Cartucho-filtrante-para-Landi-Renzo-con-junta-incluida-fase-liquida-png.webp","width":1000,"height":1000},{"@type":"BreadcrumbList","@id":"https:\/\/recambiosecogas.com\/it\/producto\/filtro-fase-liquida-med-71-landi-renzo\/#breadcrumb","itemListElement":[{"@type":"ListItem","position":1,"name":"Portada","item":"https:\/\/recambiosecogas.com\/it\/"},{"@type":"ListItem","position":2,"name":"Negozio","item":"https:\/\/recambiosecogas.com\/it\/?page_id=46382"},{"@type":"ListItem","position":3,"name":"Filtro fase liquida MED 71 | Landi Renzo"}]},{"@type":"WebSite","@id":"https:\/\/recambiosecogas.com\/it\/#website","url":"https:\/\/recambiosecogas.com\/it\/","name":"Recambios EcoGas","description":"Recambios Multimarca para sistemas de GLP\/GNC\/GNL\/Hidr\u00f3geno","publisher":{"@id":"https:\/\/recambiosecogas.com\/it\/#organization"},"alternateName":"Recambios Autogas GLP","potentialAction":[{"@type":"SearchAction","target":{"@type":"EntryPoint","urlTemplate":"https:\/\/recambiosecogas.com\/it\/?s={search_term_string}"},"query-input":{"@type":"PropertyValueSpecification","valueRequired":true,"valueName":"search_term_string"}}],"inLanguage":"it-IT"},{"@type":["Organization","Place"],"@id":"https:\/\/recambiosecogas.com\/it\/#organization","name":"Recambios EcoGas","alternateName":"Tienda Online GLP Espa\u00f1a","url":"https:\/\/recambiosecogas.com\/it\/","logo":{"@id":"https:\/\/recambiosecogas.com\/it\/producto\/filtro-fase-liquida-med-71-landi-renzo\/#local-main-organization-logo"},"image":{"@id":"https:\/\/recambiosecogas.com\/it\/producto\/filtro-fase-liquida-med-71-landi-renzo\/#local-main-organization-logo"},"sameAs":["https:\/\/www.facebook.com\/profile.php?id=100062419705358","https:\/\/www.instagram.com\/segimon_automocio"],"description":"Recambios EcoGas \u2013 Venta y distribuci\u00f3n de sistemas GLP y GNC en Espa\u00f1a y Portugal. Env\u00edos 24 h, soporte t\u00e9cnico a talleres y distribuidores.","hasMerchantReturnPolicy":{"@type":"MerchantReturnPolicy","merchantReturnLink":"https:\/\/recambiosecogas.com\/politicas-privacidad\/"},"address":{"@id":"https:\/\/recambiosecogas.com\/it\/producto\/filtro-fase-liquida-med-71-landi-renzo\/#local-main-place-address"},"telephone":["616250633"],"contactPoint":{"@type":"ContactPoint","email":"export@recambiosecogas.com"},"openingHoursSpecification":[{"@type":"OpeningHoursSpecification","dayOfWeek":["Monday","Tuesday","Wednesday","Thursday","Friday","Saturday","Sunday"],"opens":"09:00","closes":"17:00"}],"email":"info@recambiosecogas.com","faxNumber":"SEGIMON AUTOMOCION SL","vatID":"ESB19819861","globalLocationNumber":"938 616 339"},{"@type":"PostalAddress","@id":"https:\/\/recambiosecogas.com\/it\/producto\/filtro-fase-liquida-med-71-landi-renzo\/#local-main-place-address","streetAddress":"cami antic de vic, 29 (Nave 3), Pol\u00edgono Industrial Congost","addressLocality":"CORRO D`AVALL","postalCode":"08520","addressRegion":"Barcelona","addressCountry":"ES"},{"@type":"ImageObject","inLanguage":"it-IT","@id":"https:\/\/recambiosecogas.com\/it\/producto\/filtro-fase-liquida-med-71-landi-renzo\/#local-main-organization-logo","url":"https:\/\/recambiosecogas.com\/wp-content\/uploads\/2024\/11\/cropped-RECAMBIOS-GLP-png.webp","contentUrl":"https:\/\/recambiosecogas.com\/wp-content\/uploads\/2024\/11\/cropped-RECAMBIOS-GLP-png.webp","width":512,"height":512,"caption":"Recambios EcoGas"}]},"product_brand":"Landi Renzo","product_price_amount":"6.66","product_price_currency":"EUR","og_availability":"backorder","product_availability":"available for order","product_retailer_item_id":"100275","product_condition":"new","geo.placename":"CORRO D`AVALL","geo.region":"Spagna"},"uagb_featured_image_src":{"full":["https:\/\/recambiosecogas.com\/wp-content\/uploads\/2024\/12\/Cartucho-filtrante-para-Landi-Renzo-con-junta-incluida-fase-liquida-png.webp",1000,1000,false],"thumbnail":["https:\/\/recambiosecogas.com\/wp-content\/uploads\/2024\/12\/Cartucho-filtrante-para-Landi-Renzo-con-junta-incluida-fase-liquida-150x150.webp",150,150,true],"medium":["https:\/\/recambiosecogas.com\/wp-content\/uploads\/2024\/12\/Cartucho-filtrante-para-Landi-Renzo-con-junta-incluida-fase-liquida-300x300.webp",300,300,true],"medium_large":["https:\/\/recambiosecogas.com\/wp-content\/uploads\/2024\/12\/Cartucho-filtrante-para-Landi-Renzo-con-junta-incluida-fase-liquida-768x768.webp",768,768,true],"large":["https:\/\/recambiosecogas.com\/wp-content\/uploads\/2024\/12\/Cartucho-filtrante-para-Landi-Renzo-con-junta-incluida-fase-liquida-png.webp",1000,1000,false],"1536x1536":["https:\/\/recambiosecogas.com\/wp-content\/uploads\/2024\/12\/Cartucho-filtrante-para-Landi-Renzo-con-junta-incluida-fase-liquida-png.webp",1000,1000,false],"2048x2048":["https:\/\/recambiosecogas.com\/wp-content\/uploads\/2024\/12\/Cartucho-filtrante-para-Landi-Renzo-con-junta-incluida-fase-liquida-png.webp",1000,1000,false],"woocommerce_archive_thumbnail":["https:\/\/recambiosecogas.com\/wp-content\/uploads\/2024\/12\/Cartucho-filtrante-para-Landi-Renzo-con-junta-incluida-fase-liquida-png.webp",1000,1000,false],"woocommerce_thumbnail":["https:\/\/recambiosecogas.com\/wp-content\/uploads\/2024\/12\/Cartucho-filtrante-para-Landi-Renzo-con-junta-incluida-fase-liquida-png-300x300.webp",300,300,true],"woocommerce_single":["https:\/\/recambiosecogas.com\/wp-content\/uploads\/2024\/12\/Cartucho-filtrante-para-Landi-Renzo-con-junta-incluida-fase-liquida-png.webp",1000,1000,false],"woocommerce_gallery_thumbnail":["https:\/\/recambiosecogas.com\/wp-content\/uploads\/2024\/12\/Cartucho-filtrante-para-Landi-Renzo-con-junta-incluida-fase-liquida-png.webp",1000,1000,false],"dgwt-wcas-product-suggestion":["https:\/\/recambiosecogas.com\/wp-content\/uploads\/2024\/12\/Cartucho-filtrante-para-Landi-Renzo-con-junta-incluida-fase-liquida-png-64x64.webp",64,64,true]},"uagb_author_info":{"display_name":"Fran - Soporte T\u00e9cnico","author_link":"https:\/\/recambiosecogas.com\/it\/author\/"},"uagb_comment_info":0,"uagb_excerpt":"Landi Renzo","_links":{"self":[{"href":"https:\/\/recambiosecogas.com\/it\/wp-json\/wp\/v2\/product\/10593","targetHints":{"allow":["GET"]}}],"collection":[{"href":"https:\/\/recambiosecogas.com\/it\/wp-json\/wp\/v2\/product"}],"about":[{"href":"https:\/\/recambiosecogas.com\/it\/wp-json\/wp\/v2\/types\/product"}],"replies":[{"embeddable":true,"href":"https:\/\/recambiosecogas.com\/it\/wp-json\/wp\/v2\/comments?post=10593"}],"wp:featuredmedia":[{"embeddable":true,"href":"https:\/\/recambiosecogas.com\/it\/wp-json\/wp\/v2\/media\/11842"}],"wp:attachment":[{"href":"https:\/\/recambiosecogas.com\/it\/wp-json\/wp\/v2\/media?parent=10593"}],"wp:term":[{"taxonomy":"product_brand","embeddable":true,"href":"https:\/\/recambiosecogas.com\/it\/wp-json\/wp\/v2\/product_brand?post=10593"},{"taxonomy":"product_cat","embeddable":true,"href":"https:\/\/recambiosecogas.com\/it\/wp-json\/wp\/v2\/product_cat?post=10593"},{"taxonomy":"product_tag","embeddable":true,"href":"https:\/\/recambiosecogas.com\/it\/wp-json\/wp\/v2\/product_tag?post=10593"}],"curies":[{"name":"wp","href":"https:\/\/api.w.org\/{rel}","templated":true}]}}