{"id":10588,"date":"2024-12-19T11:09:25","date_gmt":"2024-12-19T11:09:25","guid":{"rendered":"https:\/\/recambiosecogas.com\/producto\/cartucho-de-filtros-para-omnia-incl-kit-de-empaques-fase-liquida\/"},"modified":"2025-12-02T10:06:37","modified_gmt":"2025-12-02T09:06:37","slug":"cartucho-de-filtros-para-omnia-incl-kit-de-empaques-fase-liquida","status":"publish","type":"product","link":"https:\/\/recambiosecogas.com\/it\/producto\/cartucho-de-filtros-para-omnia-incl-kit-de-empaques-fase-liquida\/","title":{"rendered":"Filtro GLP fase l\u00edquida OMNIA | compatible con Tartarini y Atiker"},"content":{"rendered":"<h3 class=\"\" style=\"text-align: center;\" data-start=\"199\" data-end=\"293\"><strong data-start=\"203\" data-end=\"293\">Filtro GLP Fase L\u00edquida OMNIA\u00a0 | Compatible con Tartarini y Atiker \u2013 Con Juntas T\u00f3ricas<\/strong><\/h3>\n<p class=\"\" data-start=\"295\" data-end=\"682\">El <strong data-start=\"298\" data-end=\"344\">recambio de filtro para fase l\u00edquida OMNIA<\/strong> es un componente de alta eficiencia, dise\u00f1ado para proteger el sistema de <strong data-start=\"419\" data-end=\"426\">GLP<\/strong> frente a impurezas s\u00f3lidas que puedan da\u00f1ar el reductor o los inyectores. Este filtro es compatible con <strong data-start=\"531\" data-end=\"574\">v\u00e1lvulas de cierre MEG 4G y 1203 Atiker<\/strong>, y se adapta perfectamente a sistemas de marcas como <strong data-start=\"628\" data-end=\"681\">Necam, Koltec, Tartarini, Voltran, Omnia y Atiker<\/strong>.<\/p>\n<p class=\"\" data-start=\"684\" data-end=\"1007\">Fabricado en <strong data-start=\"697\" data-end=\"727\">pl\u00e1stico y papel filtrante<\/strong>, este modelo incluye un <strong data-start=\"752\" data-end=\"777\">kit de juntas t\u00f3ricas<\/strong> para garantizar una instalaci\u00f3n totalmente estanca y segura. Su construcci\u00f3n robusta y dimensiones espec\u00edficas aseguran un ajuste perfecto y una excelente capacidad de filtraci\u00f3n en instalaciones GLP profesionales y particulares.<\/p>\n<p class=\"\" data-start=\"1009\" data-end=\"1155\">Es un recambio esencial para mantener el rendimiento y la durabilidad del sistema autogas, recomendado para mantenimientos preventivos peri\u00f3dicos.<\/p>\n<hr class=\"\" data-start=\"1157\" data-end=\"1160\" \/>\n<h4 data-start=\"1162\" data-end=\"1222\"><strong data-start=\"1166\" data-end=\"1222\">Caracter\u00edsticas T\u00e9cnicas \u2013 Filtro Fase L\u00edquida OMNIA<\/strong><\/h4>\n<div class=\"overflow-x-auto contain-inline-size\">\n<table data-start=\"1224\" data-end=\"2278\">\n<thead data-start=\"1224\" data-end=\"1320\">\n<tr data-start=\"1224\" data-end=\"1320\">\n<th data-start=\"1224\" data-end=\"1253\">Especificaci\u00f3n<\/th>\n<th data-start=\"1253\" data-end=\"1320\">Detalles<\/th>\n<\/tr>\n<\/thead>\n<tbody data-start=\"1417\" data-end=\"2278\">\n<tr data-start=\"1417\" data-end=\"1512\">\n<td><strong data-start=\"1419\" data-end=\"1437\">Tipo de filtro<\/strong><\/td>\n<td>Fase l\u00edquida<\/td>\n<\/tr>\n<tr data-start=\"1513\" data-end=\"1608\">\n<td><strong data-start=\"1515\" data-end=\"1538\">Material del filtro<\/strong><\/td>\n<td>Pl\u00e1stico \/ Papel<\/td>\n<\/tr>\n<tr data-start=\"1609\" data-end=\"1704\">\n<td><strong data-start=\"1611\" data-end=\"1625\">Altura (h)<\/strong><\/td>\n<td>32,0 mm<\/td>\n<\/tr>\n<tr data-start=\"1705\" data-end=\"1800\">\n<td><strong data-start=\"1707\" data-end=\"1732\">Di\u00e1metro exterior (D)<\/strong><\/td>\n<td>18,0 mm<\/td>\n<\/tr>\n<tr data-start=\"1801\" data-end=\"1896\">\n<td><strong data-start=\"1803\" data-end=\"1828\">Di\u00e1metro interior (d)<\/strong><\/td>\n<td>4,0 mm<\/td>\n<\/tr>\n<tr data-start=\"1897\" data-end=\"1992\">\n<td><strong data-start=\"1899\" data-end=\"1921\">V\u00e1lvulas de cierre<\/strong><\/td>\n<td>MEG 4G, 1203 Atiker<\/td>\n<\/tr>\n<tr data-start=\"1993\" data-end=\"2087\">\n<td><strong data-start=\"1995\" data-end=\"2019\">Sistemas compatibles<\/strong><\/td>\n<td>Necam, Koltec, Tartarini, Voltran, Atiker, Omnia<\/td>\n<\/tr>\n<tr data-start=\"2088\" data-end=\"2183\">\n<td><strong data-start=\"2090\" data-end=\"2105\">Referencias<\/strong><\/td>\n<td>Tartarini 8960140, Atiker FC.013<\/td>\n<\/tr>\n<tr data-start=\"2184\" data-end=\"2278\">\n<td><strong data-start=\"2186\" data-end=\"2204\">Incluye juntas<\/strong><\/td>\n<td>S\u00ed (kit de juntas t\u00f3ricas)<\/td>\n<\/tr>\n<\/tbody>\n<\/table>\n<\/div>\n<blockquote data-start=\"2280\" data-end=\"2371\">\n<p class=\"\" data-start=\"2282\" data-end=\"2371\"><em><strong>Reemplazar cada 15.000 \u2013 20.000 km o durante el mantenimiento programado del sistema GLP.<\/strong><\/em><\/p>\n<\/blockquote>\n<p><a href=\"https:\/\/recambiosecogas.com\/categoria-producto\/filtros\/\">COMPRA MAS PRODUCTOS ONLINE EN NUESTRA TIENDA<\/a><\/p>\n<p><a href=\"http:\/\/www.segimonautomocio.com\/\">HAZ LA CONVERSION A GLP EN NUESTRO TALLER INSTALADOR OFICIAL, MAS INFORMACION EN NUESTRA WEB DE TALLER<\/a><\/p>\n<p>&nbsp;<\/p>\n","protected":false},"excerpt":{"rendered":"<p>Omnia<\/p>\n","protected":false},"featured_media":11829,"comment_status":"open","ping_status":"closed","template":"","meta":{"googlesitekit_rrm_CAowud7EDA:productID":"","_uag_custom_page_level_css":""},"product_brand":[984,1000],"product_cat":[345],"product_tag":[],"class_list":{"0":"post-10588","1":"product","2":"type-product","3":"status-publish","4":"has-post-thumbnail","6":"product_brand-omnia","7":"product_brand-tartarini","8":"product_cat-fase-liquida","10":"first","11":"onbackorder","12":"taxable","13":"shipping-taxable","14":"purchasable","15":"product-type-simple"},"ct_brands":[{"id":984,"name":"OMNIA","slug":"omnia"},{"id":1000,"name":"TARTARINI","slug":"tartarini"}],"yoast_head":"<!-- This site is optimized with the Yoast SEO Premium plugin v27.3 (Yoast SEO v27.3) - https:\/\/yoast.com\/product\/yoast-seo-premium-wordpress\/ -->\n<title>Filtro GLP fase l\u00edquida OMNIA | compatible con Tartarini y Atiker | Recambios EcoGas | Sistemas GLP y GNC<\/title>\n<meta name=\"description\" content=\"Filtro fase l\u00edquida OMNIA para GLP. Incluye juntas t\u00f3ricas. Compatible con sistemas Tartarini, Atiker, Koltec, Omnia. Medidas 32x18x4 mm.\" \/>\n<meta name=\"robots\" content=\"index, follow, max-snippet:-1, max-image-preview:large, max-video-preview:-1\" \/>\n<link rel=\"canonical\" href=\"https:\/\/recambiosecogas.com\/it\/producto\/cartucho-de-filtros-para-omnia-incl-kit-de-empaques-fase-liquida\/\" \/>\n<meta property=\"og:locale\" content=\"it_IT\" \/>\n<meta property=\"og:type\" content=\"article\" \/>\n<meta property=\"og:title\" content=\"Filtro GLP fase l\u00edquida OMNIA | compatible con Tartarini y Atiker\" \/>\n<meta property=\"og:description\" content=\"Filtro fase l\u00edquida OMNIA para GLP. Incluye juntas t\u00f3ricas. Compatible con sistemas Tartarini, Atiker, Koltec, Omnia. Medidas 32x18x4 mm.\" \/>\n<meta property=\"og:url\" content=\"https:\/\/recambiosecogas.com\/it\/producto\/cartucho-de-filtros-para-omnia-incl-kit-de-empaques-fase-liquida\/\" \/>\n<meta property=\"og:site_name\" content=\"Recambios EcoGas\" \/>\n<meta property=\"article:publisher\" content=\"https:\/\/www.facebook.com\/profile.php?id=100062419705358\" \/>\n<meta property=\"article:modified_time\" content=\"2025-12-02T09:06:37+00:00\" \/>\n<meta property=\"og:image\" content=\"https:\/\/recambiosecogas.com\/wp-content\/uploads\/2024\/12\/Cartucho-filtrante-para-Omnia-con-junta-fase-liquida-1-png.webp\" \/>\n\t<meta property=\"og:image:width\" content=\"1000\" \/>\n\t<meta property=\"og:image:height\" content=\"1000\" \/>\n\t<meta property=\"og:image:type\" content=\"image\/png\" \/>\n<meta name=\"twitter:card\" content=\"summary_large_image\" \/>\n<meta name=\"twitter:label1\" content=\"Prezzo\" \/>\n\t<meta name=\"twitter:data1\" content=\"5,50&nbsp;&euro; (IVA incl.: 6,66&nbsp;&euro;)\" \/>\n\t<meta name=\"twitter:label2\" content=\"Disponibilit\u00e0\" \/>\n\t<meta name=\"twitter:data2\" content=\"Su ordinazione\" \/>\n<script type=\"application\/ld+json\" class=\"yoast-schema-graph\">{\"@context\":\"https:\\\/\\\/schema.org\",\"@graph\":[{\"@type\":\"WebPage\",\"@id\":\"https:\\\/\\\/recambiosecogas.com\\\/it\\\/producto\\\/cartucho-de-filtros-para-omnia-incl-kit-de-empaques-fase-liquida\\\/\",\"url\":\"https:\\\/\\\/recambiosecogas.com\\\/it\\\/producto\\\/cartucho-de-filtros-para-omnia-incl-kit-de-empaques-fase-liquida\\\/\",\"name\":\"Filtro GLP fase l\u00edquida OMNIA | compatible con Tartarini y Atiker | Recambios EcoGas | Sistemas GLP y GNC\",\"isPartOf\":{\"@id\":\"https:\\\/\\\/recambiosecogas.com\\\/it\\\/#website\"},\"primaryImageOfPage\":{\"@id\":\"https:\\\/\\\/recambiosecogas.com\\\/it\\\/producto\\\/cartucho-de-filtros-para-omnia-incl-kit-de-empaques-fase-liquida\\\/#primaryimage\"},\"image\":{\"@id\":\"https:\\\/\\\/recambiosecogas.com\\\/it\\\/producto\\\/cartucho-de-filtros-para-omnia-incl-kit-de-empaques-fase-liquida\\\/#primaryimage\"},\"thumbnailUrl\":\"https:\\\/\\\/recambiosecogas.com\\\/wp-content\\\/uploads\\\/2024\\\/12\\\/Cartucho-filtrante-para-Omnia-con-junta-fase-liquida-1-png.webp\",\"datePublished\":\"2024-12-19T11:09:25+00:00\",\"dateModified\":\"2025-12-02T09:06:37+00:00\",\"description\":\"Filtro fase l\u00edquida OMNIA para GLP. Incluye juntas t\u00f3ricas. Compatible con sistemas Tartarini, Atiker, Koltec, Omnia. Medidas 32x18x4 mm.\",\"breadcrumb\":{\"@id\":\"https:\\\/\\\/recambiosecogas.com\\\/it\\\/producto\\\/cartucho-de-filtros-para-omnia-incl-kit-de-empaques-fase-liquida\\\/#breadcrumb\"},\"inLanguage\":\"it-IT\",\"potentialAction\":[{\"@type\":\"ReadAction\",\"target\":[\"https:\\\/\\\/recambiosecogas.com\\\/it\\\/producto\\\/cartucho-de-filtros-para-omnia-incl-kit-de-empaques-fase-liquida\\\/\"]}]},{\"@type\":\"ImageObject\",\"inLanguage\":\"it-IT\",\"@id\":\"https:\\\/\\\/recambiosecogas.com\\\/it\\\/producto\\\/cartucho-de-filtros-para-omnia-incl-kit-de-empaques-fase-liquida\\\/#primaryimage\",\"url\":\"https:\\\/\\\/recambiosecogas.com\\\/wp-content\\\/uploads\\\/2024\\\/12\\\/Cartucho-filtrante-para-Omnia-con-junta-fase-liquida-1-png.webp\",\"contentUrl\":\"https:\\\/\\\/recambiosecogas.com\\\/wp-content\\\/uploads\\\/2024\\\/12\\\/Cartucho-filtrante-para-Omnia-con-junta-fase-liquida-1-png.webp\",\"width\":1000,\"height\":1000},{\"@type\":\"BreadcrumbList\",\"@id\":\"https:\\\/\\\/recambiosecogas.com\\\/it\\\/producto\\\/cartucho-de-filtros-para-omnia-incl-kit-de-empaques-fase-liquida\\\/#breadcrumb\",\"itemListElement\":[{\"@type\":\"ListItem\",\"position\":1,\"name\":\"Portada\",\"item\":\"https:\\\/\\\/recambiosecogas.com\\\/it\\\/\"},{\"@type\":\"ListItem\",\"position\":2,\"name\":\"Negozio\",\"item\":\"https:\\\/\\\/recambiosecogas.com\\\/it\\\/?page_id=46382\"},{\"@type\":\"ListItem\",\"position\":3,\"name\":\"Filtro GLP fase l\u00edquida OMNIA | compatible con Tartarini y Atiker\"}]},{\"@type\":\"WebSite\",\"@id\":\"https:\\\/\\\/recambiosecogas.com\\\/it\\\/#website\",\"url\":\"https:\\\/\\\/recambiosecogas.com\\\/it\\\/\",\"name\":\"Recambios EcoGas\",\"description\":\"Recambios Multimarca para sistemas de GLP\\\/GNC\\\/GNL\\\/Hidr\u00f3geno\",\"publisher\":{\"@id\":\"https:\\\/\\\/recambiosecogas.com\\\/it\\\/#organization\"},\"alternateName\":\"Recambios Autogas GLP\",\"potentialAction\":[{\"@type\":\"SearchAction\",\"target\":{\"@type\":\"EntryPoint\",\"urlTemplate\":\"https:\\\/\\\/recambiosecogas.com\\\/it\\\/?s={search_term_string}\"},\"query-input\":{\"@type\":\"PropertyValueSpecification\",\"valueRequired\":true,\"valueName\":\"search_term_string\"}}],\"inLanguage\":\"it-IT\"},{\"@type\":[\"Organization\",\"Place\"],\"@id\":\"https:\\\/\\\/recambiosecogas.com\\\/it\\\/#organization\",\"name\":\"Recambios EcoGas\",\"alternateName\":\"Tienda Online GLP Espa\u00f1a\",\"url\":\"https:\\\/\\\/recambiosecogas.com\\\/it\\\/\",\"logo\":{\"@id\":\"https:\\\/\\\/recambiosecogas.com\\\/it\\\/producto\\\/cartucho-de-filtros-para-omnia-incl-kit-de-empaques-fase-liquida\\\/#local-main-organization-logo\"},\"image\":{\"@id\":\"https:\\\/\\\/recambiosecogas.com\\\/it\\\/producto\\\/cartucho-de-filtros-para-omnia-incl-kit-de-empaques-fase-liquida\\\/#local-main-organization-logo\"},\"sameAs\":[\"https:\\\/\\\/www.facebook.com\\\/profile.php?id=100062419705358\",\"https:\\\/\\\/www.instagram.com\\\/segimon_automocio\"],\"description\":\"Recambios EcoGas \u2013 Venta y distribuci\u00f3n de sistemas GLP y GNC en Espa\u00f1a y Portugal. Env\u00edos 24 h, soporte t\u00e9cnico a talleres y distribuidores.\",\"hasMerchantReturnPolicy\":{\"@type\":\"MerchantReturnPolicy\",\"merchantReturnLink\":\"https:\\\/\\\/recambiosecogas.com\\\/politicas-privacidad\\\/\"},\"address\":{\"@id\":\"https:\\\/\\\/recambiosecogas.com\\\/it\\\/producto\\\/cartucho-de-filtros-para-omnia-incl-kit-de-empaques-fase-liquida\\\/#local-main-place-address\"},\"telephone\":[\"616250633\"],\"contactPoint\":{\"@type\":\"ContactPoint\",\"email\":\"export@recambiosecogas.com\"},\"openingHoursSpecification\":[{\"@type\":\"OpeningHoursSpecification\",\"dayOfWeek\":[\"Monday\",\"Tuesday\",\"Wednesday\",\"Thursday\",\"Friday\",\"Saturday\",\"Sunday\"],\"opens\":\"09:00\",\"closes\":\"17:00\"}],\"email\":\"info@recambiosecogas.com\",\"faxNumber\":\"SEGIMON AUTOMOCION SL\",\"vatID\":\"ESB19819861\",\"globalLocationNumber\":\"938 616 339\"},{\"@type\":\"PostalAddress\",\"@id\":\"https:\\\/\\\/recambiosecogas.com\\\/it\\\/producto\\\/cartucho-de-filtros-para-omnia-incl-kit-de-empaques-fase-liquida\\\/#local-main-place-address\",\"streetAddress\":\"cami antic de vic, 29 (Nave 3), Pol\u00edgono Industrial Congost\",\"addressLocality\":\"CORRO D`AVALL\",\"postalCode\":\"08520\",\"addressRegion\":\"Barcelona\",\"addressCountry\":\"ES\"},{\"@type\":\"ImageObject\",\"inLanguage\":\"it-IT\",\"@id\":\"https:\\\/\\\/recambiosecogas.com\\\/it\\\/producto\\\/cartucho-de-filtros-para-omnia-incl-kit-de-empaques-fase-liquida\\\/#local-main-organization-logo\",\"url\":\"https:\\\/\\\/recambiosecogas.com\\\/wp-content\\\/uploads\\\/2024\\\/11\\\/cropped-RECAMBIOS-GLP-png.webp\",\"contentUrl\":\"https:\\\/\\\/recambiosecogas.com\\\/wp-content\\\/uploads\\\/2024\\\/11\\\/cropped-RECAMBIOS-GLP-png.webp\",\"width\":512,\"height\":512,\"caption\":\"Recambios EcoGas\"}]}<\/script>\n<meta property=\"product:brand\" content=\"OMNIA\" \/>\n<meta property=\"product:price:amount\" content=\"5.50\" \/>\n<meta property=\"product:price:currency\" content=\"EUR\" \/>\n<meta property=\"og:availability\" content=\"backorder\" \/>\n<meta property=\"product:availability\" content=\"available for order\" \/>\n<meta property=\"product:retailer_item_id\" content=\"100269\" \/>\n<meta property=\"product:condition\" content=\"new\" \/>\n<meta name=\"geo.placename\" content=\"CORRO D`AVALL\" \/>\n<meta name=\"geo.region\" content=\"Spagna\" \/>\n<!-- \/ Yoast SEO Premium plugin. -->","yoast_head_json":{"title":"Filtro GLP fase l\u00edquida OMNIA | compatible con Tartarini y Atiker | Recambios EcoGas | Sistemas GLP y GNC","description":"Filtro fase l\u00edquida OMNIA para GLP. Incluye juntas t\u00f3ricas. Compatible con sistemas Tartarini, Atiker, Koltec, Omnia. Medidas 32x18x4 mm.","robots":{"index":"index","follow":"follow","max-snippet":"max-snippet:-1","max-image-preview":"max-image-preview:large","max-video-preview":"max-video-preview:-1"},"canonical":"https:\/\/recambiosecogas.com\/it\/producto\/cartucho-de-filtros-para-omnia-incl-kit-de-empaques-fase-liquida\/","og_locale":"it_IT","og_type":"article","og_title":"Filtro GLP fase l\u00edquida OMNIA | compatible con Tartarini y Atiker","og_description":"Filtro fase l\u00edquida OMNIA para GLP. Incluye juntas t\u00f3ricas. Compatible con sistemas Tartarini, Atiker, Koltec, Omnia. Medidas 32x18x4 mm.","og_url":"https:\/\/recambiosecogas.com\/it\/producto\/cartucho-de-filtros-para-omnia-incl-kit-de-empaques-fase-liquida\/","og_site_name":"Recambios EcoGas","article_publisher":"https:\/\/www.facebook.com\/profile.php?id=100062419705358","article_modified_time":"2025-12-02T09:06:37+00:00","og_image":[{"width":1000,"height":1000,"url":"https:\/\/recambiosecogas.com\/wp-content\/uploads\/2024\/12\/Cartucho-filtrante-para-Omnia-con-junta-fase-liquida-1-png.webp","type":"image\/png"}],"twitter_card":"summary_large_image","twitter_misc":{"Prezzo":"5,50&nbsp;&euro; (IVA incl.: 6,66&nbsp;&euro;)","Disponibilit\u00e0":"Su ordinazione"},"schema":{"@context":"https:\/\/schema.org","@graph":[{"@type":"WebPage","@id":"https:\/\/recambiosecogas.com\/it\/producto\/cartucho-de-filtros-para-omnia-incl-kit-de-empaques-fase-liquida\/","url":"https:\/\/recambiosecogas.com\/it\/producto\/cartucho-de-filtros-para-omnia-incl-kit-de-empaques-fase-liquida\/","name":"Filtro GLP fase l\u00edquida OMNIA | compatible con Tartarini y Atiker | Recambios EcoGas | Sistemas GLP y GNC","isPartOf":{"@id":"https:\/\/recambiosecogas.com\/it\/#website"},"primaryImageOfPage":{"@id":"https:\/\/recambiosecogas.com\/it\/producto\/cartucho-de-filtros-para-omnia-incl-kit-de-empaques-fase-liquida\/#primaryimage"},"image":{"@id":"https:\/\/recambiosecogas.com\/it\/producto\/cartucho-de-filtros-para-omnia-incl-kit-de-empaques-fase-liquida\/#primaryimage"},"thumbnailUrl":"https:\/\/recambiosecogas.com\/wp-content\/uploads\/2024\/12\/Cartucho-filtrante-para-Omnia-con-junta-fase-liquida-1-png.webp","datePublished":"2024-12-19T11:09:25+00:00","dateModified":"2025-12-02T09:06:37+00:00","description":"Filtro fase l\u00edquida OMNIA para GLP. Incluye juntas t\u00f3ricas. Compatible con sistemas Tartarini, Atiker, Koltec, Omnia. Medidas 32x18x4 mm.","breadcrumb":{"@id":"https:\/\/recambiosecogas.com\/it\/producto\/cartucho-de-filtros-para-omnia-incl-kit-de-empaques-fase-liquida\/#breadcrumb"},"inLanguage":"it-IT","potentialAction":[{"@type":"ReadAction","target":["https:\/\/recambiosecogas.com\/it\/producto\/cartucho-de-filtros-para-omnia-incl-kit-de-empaques-fase-liquida\/"]}]},{"@type":"ImageObject","inLanguage":"it-IT","@id":"https:\/\/recambiosecogas.com\/it\/producto\/cartucho-de-filtros-para-omnia-incl-kit-de-empaques-fase-liquida\/#primaryimage","url":"https:\/\/recambiosecogas.com\/wp-content\/uploads\/2024\/12\/Cartucho-filtrante-para-Omnia-con-junta-fase-liquida-1-png.webp","contentUrl":"https:\/\/recambiosecogas.com\/wp-content\/uploads\/2024\/12\/Cartucho-filtrante-para-Omnia-con-junta-fase-liquida-1-png.webp","width":1000,"height":1000},{"@type":"BreadcrumbList","@id":"https:\/\/recambiosecogas.com\/it\/producto\/cartucho-de-filtros-para-omnia-incl-kit-de-empaques-fase-liquida\/#breadcrumb","itemListElement":[{"@type":"ListItem","position":1,"name":"Portada","item":"https:\/\/recambiosecogas.com\/it\/"},{"@type":"ListItem","position":2,"name":"Negozio","item":"https:\/\/recambiosecogas.com\/it\/?page_id=46382"},{"@type":"ListItem","position":3,"name":"Filtro GLP fase l\u00edquida OMNIA | compatible con Tartarini y Atiker"}]},{"@type":"WebSite","@id":"https:\/\/recambiosecogas.com\/it\/#website","url":"https:\/\/recambiosecogas.com\/it\/","name":"Recambios EcoGas","description":"Recambios Multimarca para sistemas de GLP\/GNC\/GNL\/Hidr\u00f3geno","publisher":{"@id":"https:\/\/recambiosecogas.com\/it\/#organization"},"alternateName":"Recambios Autogas GLP","potentialAction":[{"@type":"SearchAction","target":{"@type":"EntryPoint","urlTemplate":"https:\/\/recambiosecogas.com\/it\/?s={search_term_string}"},"query-input":{"@type":"PropertyValueSpecification","valueRequired":true,"valueName":"search_term_string"}}],"inLanguage":"it-IT"},{"@type":["Organization","Place"],"@id":"https:\/\/recambiosecogas.com\/it\/#organization","name":"Recambios EcoGas","alternateName":"Tienda Online GLP Espa\u00f1a","url":"https:\/\/recambiosecogas.com\/it\/","logo":{"@id":"https:\/\/recambiosecogas.com\/it\/producto\/cartucho-de-filtros-para-omnia-incl-kit-de-empaques-fase-liquida\/#local-main-organization-logo"},"image":{"@id":"https:\/\/recambiosecogas.com\/it\/producto\/cartucho-de-filtros-para-omnia-incl-kit-de-empaques-fase-liquida\/#local-main-organization-logo"},"sameAs":["https:\/\/www.facebook.com\/profile.php?id=100062419705358","https:\/\/www.instagram.com\/segimon_automocio"],"description":"Recambios EcoGas \u2013 Venta y distribuci\u00f3n de sistemas GLP y GNC en Espa\u00f1a y Portugal. Env\u00edos 24 h, soporte t\u00e9cnico a talleres y distribuidores.","hasMerchantReturnPolicy":{"@type":"MerchantReturnPolicy","merchantReturnLink":"https:\/\/recambiosecogas.com\/politicas-privacidad\/"},"address":{"@id":"https:\/\/recambiosecogas.com\/it\/producto\/cartucho-de-filtros-para-omnia-incl-kit-de-empaques-fase-liquida\/#local-main-place-address"},"telephone":["616250633"],"contactPoint":{"@type":"ContactPoint","email":"export@recambiosecogas.com"},"openingHoursSpecification":[{"@type":"OpeningHoursSpecification","dayOfWeek":["Monday","Tuesday","Wednesday","Thursday","Friday","Saturday","Sunday"],"opens":"09:00","closes":"17:00"}],"email":"info@recambiosecogas.com","faxNumber":"SEGIMON AUTOMOCION SL","vatID":"ESB19819861","globalLocationNumber":"938 616 339"},{"@type":"PostalAddress","@id":"https:\/\/recambiosecogas.com\/it\/producto\/cartucho-de-filtros-para-omnia-incl-kit-de-empaques-fase-liquida\/#local-main-place-address","streetAddress":"cami antic de vic, 29 (Nave 3), Pol\u00edgono Industrial Congost","addressLocality":"CORRO D`AVALL","postalCode":"08520","addressRegion":"Barcelona","addressCountry":"ES"},{"@type":"ImageObject","inLanguage":"it-IT","@id":"https:\/\/recambiosecogas.com\/it\/producto\/cartucho-de-filtros-para-omnia-incl-kit-de-empaques-fase-liquida\/#local-main-organization-logo","url":"https:\/\/recambiosecogas.com\/wp-content\/uploads\/2024\/11\/cropped-RECAMBIOS-GLP-png.webp","contentUrl":"https:\/\/recambiosecogas.com\/wp-content\/uploads\/2024\/11\/cropped-RECAMBIOS-GLP-png.webp","width":512,"height":512,"caption":"Recambios EcoGas"}]},"product_brand":"OMNIA","product_price_amount":"5.50","product_price_currency":"EUR","og_availability":"backorder","product_availability":"available for order","product_retailer_item_id":"100269","product_condition":"new","geo.placename":"CORRO D`AVALL","geo.region":"Spagna"},"uagb_featured_image_src":{"full":["https:\/\/recambiosecogas.com\/wp-content\/uploads\/2024\/12\/Cartucho-filtrante-para-Omnia-con-junta-fase-liquida-1-png.webp",1000,1000,false],"thumbnail":["https:\/\/recambiosecogas.com\/wp-content\/uploads\/2024\/12\/Cartucho-filtrante-para-Omnia-con-junta-fase-liquida-1-150x150.webp",150,150,true],"medium":["https:\/\/recambiosecogas.com\/wp-content\/uploads\/2024\/12\/Cartucho-filtrante-para-Omnia-con-junta-fase-liquida-1-300x300.webp",300,300,true],"medium_large":["https:\/\/recambiosecogas.com\/wp-content\/uploads\/2024\/12\/Cartucho-filtrante-para-Omnia-con-junta-fase-liquida-1-768x768.webp",768,768,true],"large":["https:\/\/recambiosecogas.com\/wp-content\/uploads\/2024\/12\/Cartucho-filtrante-para-Omnia-con-junta-fase-liquida-1-png.webp",1000,1000,false],"1536x1536":["https:\/\/recambiosecogas.com\/wp-content\/uploads\/2024\/12\/Cartucho-filtrante-para-Omnia-con-junta-fase-liquida-1-png.webp",1000,1000,false],"2048x2048":["https:\/\/recambiosecogas.com\/wp-content\/uploads\/2024\/12\/Cartucho-filtrante-para-Omnia-con-junta-fase-liquida-1-png.webp",1000,1000,false],"woocommerce_archive_thumbnail":["https:\/\/recambiosecogas.com\/wp-content\/uploads\/2024\/12\/Cartucho-filtrante-para-Omnia-con-junta-fase-liquida-1-png.webp",1000,1000,false],"woocommerce_thumbnail":["https:\/\/recambiosecogas.com\/wp-content\/uploads\/2024\/12\/Cartucho-filtrante-para-Omnia-con-junta-fase-liquida-1-png-300x300.webp",300,300,true],"woocommerce_single":["https:\/\/recambiosecogas.com\/wp-content\/uploads\/2024\/12\/Cartucho-filtrante-para-Omnia-con-junta-fase-liquida-1-png.webp",1000,1000,false],"woocommerce_gallery_thumbnail":["https:\/\/recambiosecogas.com\/wp-content\/uploads\/2024\/12\/Cartucho-filtrante-para-Omnia-con-junta-fase-liquida-1-png.webp",1000,1000,false],"dgwt-wcas-product-suggestion":["https:\/\/recambiosecogas.com\/wp-content\/uploads\/2024\/12\/Cartucho-filtrante-para-Omnia-con-junta-fase-liquida-1-png-64x64.webp",64,64,true]},"uagb_author_info":{"display_name":"Fran - Soporte T\u00e9cnico","author_link":"https:\/\/recambiosecogas.com\/it\/author\/"},"uagb_comment_info":0,"uagb_excerpt":"Omnia","_links":{"self":[{"href":"https:\/\/recambiosecogas.com\/it\/wp-json\/wp\/v2\/product\/10588","targetHints":{"allow":["GET"]}}],"collection":[{"href":"https:\/\/recambiosecogas.com\/it\/wp-json\/wp\/v2\/product"}],"about":[{"href":"https:\/\/recambiosecogas.com\/it\/wp-json\/wp\/v2\/types\/product"}],"replies":[{"embeddable":true,"href":"https:\/\/recambiosecogas.com\/it\/wp-json\/wp\/v2\/comments?post=10588"}],"wp:featuredmedia":[{"embeddable":true,"href":"https:\/\/recambiosecogas.com\/it\/wp-json\/wp\/v2\/media\/11829"}],"wp:attachment":[{"href":"https:\/\/recambiosecogas.com\/it\/wp-json\/wp\/v2\/media?parent=10588"}],"wp:term":[{"taxonomy":"product_brand","embeddable":true,"href":"https:\/\/recambiosecogas.com\/it\/wp-json\/wp\/v2\/product_brand?post=10588"},{"taxonomy":"product_cat","embeddable":true,"href":"https:\/\/recambiosecogas.com\/it\/wp-json\/wp\/v2\/product_cat?post=10588"},{"taxonomy":"product_tag","embeddable":true,"href":"https:\/\/recambiosecogas.com\/it\/wp-json\/wp\/v2\/product_tag?post=10588"}],"curies":[{"name":"wp","href":"https:\/\/api.w.org\/{rel}","templated":true}]}}