{"id":10583,"date":"2024-12-19T11:09:24","date_gmt":"2024-12-19T11:09:24","guid":{"rendered":"https:\/\/recambiosecogas.com\/producto\/cartucho-de-filtro-para-gastech-fase-liquida\/"},"modified":"2025-12-02T10:06:42","modified_gmt":"2025-12-02T09:06:42","slug":"cartucho-de-filtro-para-gastech-fase-liquida","status":"publish","type":"product","link":"https:\/\/recambiosecogas.com\/it\/producto\/cartucho-de-filtro-para-gastech-fase-liquida\/","title":{"rendered":"Filtro GLP fase l\u00edquida GASTECH"},"content":{"rendered":"<h3 class=\"\" style=\"text-align: center;\" data-start=\"195\" data-end=\"255\"><strong data-start=\"199\" data-end=\"255\">Filtro GLP Fase L\u00edquida GASTECH \u2013 Recambio Universal<\/strong><\/h3>\n<p class=\"\" data-start=\"257\" data-end=\"649\">El <strong data-start=\"260\" data-end=\"303\">recambio de filtro fase l\u00edquida GASTECH<\/strong> est\u00e1 dise\u00f1ado para ofrecer una protecci\u00f3n eficaz en sistemas <strong data-start=\"365\" data-end=\"372\">GLP<\/strong>, garantizando la retenci\u00f3n de impurezas presentes en el gas antes de su paso por el reductor. Su funci\u00f3n es clave para prolongar la vida \u00fatil de los componentes del sistema, como los inyectores y v\u00e1lvulas de cierre, y mantener el rendimiento del veh\u00edculo convertido a autogas.<\/p>\n<p class=\"\" data-start=\"651\" data-end=\"1025\">Este filtro est\u00e1 fabricado en <strong data-start=\"681\" data-end=\"738\">material filtrante de alta calidad (pl\u00e1stico + papel)<\/strong> y presenta medidas universales, siendo compatible con una amplia gama de instalaciones, incluso aunque no cuente con referencias cruzadas o equipos espec\u00edficos detallados. Es ideal para <strong data-start=\"925\" data-end=\"963\">tareas de mantenimiento preventivo<\/strong>, gracias a su dise\u00f1o simple, eficiente y f\u00e1cil de reemplazar.<\/p>\n<p class=\"\" data-start=\"1027\" data-end=\"1162\">Aunque no se asocia a una marca concreta, sus medidas est\u00e1ndar lo hacen apto para m\u00faltiples adaptaciones en veh\u00edculos con sistemas GLP.<\/p>\n<hr class=\"\" data-start=\"1164\" data-end=\"1167\" \/>\n<h4 data-start=\"1169\" data-end=\"1231\"><strong data-start=\"1173\" data-end=\"1231\">Caracter\u00edsticas T\u00e9cnicas \u2013 Filtro Fase L\u00edquida GASTECH<\/strong><\/h4>\n<div class=\"overflow-x-auto contain-inline-size\">\n<table data-start=\"1233\" data-end=\"1873\">\n<thead data-start=\"1233\" data-end=\"1297\">\n<tr data-start=\"1233\" data-end=\"1297\">\n<th data-start=\"1233\" data-end=\"1262\">Especificaci\u00f3n<\/th>\n<th data-start=\"1262\" data-end=\"1297\">Detalles<\/th>\n<\/tr>\n<\/thead>\n<tbody data-start=\"1362\" data-end=\"1873\">\n<tr data-start=\"1362\" data-end=\"1425\">\n<td><strong data-start=\"1364\" data-end=\"1382\">Tipo de filtro<\/strong><\/td>\n<td>Fase l\u00edquida<\/td>\n<\/tr>\n<tr data-start=\"1426\" data-end=\"1489\">\n<td><strong data-start=\"1428\" data-end=\"1451\">Material del filtro<\/strong><\/td>\n<td>Pl\u00e1stico \/ Papel<\/td>\n<\/tr>\n<tr data-start=\"1490\" data-end=\"1553\">\n<td><strong data-start=\"1492\" data-end=\"1506\">Altura (h)<\/strong><\/td>\n<td>27 mm<\/td>\n<\/tr>\n<tr data-start=\"1554\" data-end=\"1617\">\n<td><strong data-start=\"1556\" data-end=\"1581\">Di\u00e1metro exterior (D)<\/strong><\/td>\n<td>38 mm<\/td>\n<\/tr>\n<tr data-start=\"1618\" data-end=\"1681\">\n<td><strong data-start=\"1620\" data-end=\"1645\">Di\u00e1metro interior (d)<\/strong><\/td>\n<td>6 mm<\/td>\n<\/tr>\n<tr data-start=\"1682\" data-end=\"1745\">\n<td><strong data-start=\"1684\" data-end=\"1704\">V\u00e1lvula de corte<\/strong><\/td>\n<td>\u2013<\/td>\n<\/tr>\n<tr data-start=\"1746\" data-end=\"1809\">\n<td><strong data-start=\"1748\" data-end=\"1771\">Equipos compatibles<\/strong><\/td>\n<td>\u2013<\/td>\n<\/tr>\n<tr data-start=\"1810\" data-end=\"1873\">\n<td><strong data-start=\"1812\" data-end=\"1827\">Referencias<\/strong><\/td>\n<td>\u2013<\/td>\n<\/tr>\n<\/tbody>\n<\/table>\n<\/div>\n<blockquote data-start=\"1875\" data-end=\"1992\">\n<p class=\"\" data-start=\"1877\" data-end=\"1992\"><em><strong>Se recomienda reemplazar este filtro cada 15.000 \u2013 20.000 km como parte del mantenimiento habitual del sistema GLP.<\/strong><\/em><\/p>\n<\/blockquote>\n<p><a href=\"https:\/\/recambiosecogas.com\/categoria-producto\/filtros\/\">COMPRA MAS PRODUCTOS ONLINE EN NUESTRA TIENDA<\/a><\/p>\n<p><a href=\"http:\/\/www.segimonautomocio.com\/\">HAZ LA CONVERSION A GLP EN NUESTRO TALLER INSTALADOR OFICIAL, MAS INFORMACION EN NUESTRA WEB DE TALLER<\/a><\/p>\n","protected":false},"excerpt":{"rendered":"<p>DT GAS<\/p>\n","protected":false},"featured_media":11820,"comment_status":"open","ping_status":"closed","template":"","meta":{"googlesitekit_rrm_CAowud7EDA:productID":"","_uag_custom_page_level_css":""},"product_brand":[981],"product_cat":[345],"product_tag":[],"class_list":{"0":"post-10583","1":"product","2":"type-product","3":"status-publish","4":"has-post-thumbnail","6":"product_brand-dt-gas-systems-glp","7":"product_cat-fase-liquida","9":"first","10":"onbackorder","11":"taxable","12":"shipping-taxable","13":"purchasable","14":"product-type-simple"},"ct_brands":[{"id":981,"name":"DT GAS","slug":"dt-gas-systems-glp"}],"yoast_head":"<!-- This site is optimized with the Yoast SEO Premium plugin v27.3 (Yoast SEO v27.3) - https:\/\/yoast.com\/product\/yoast-seo-premium-wordpress\/ -->\n<title>Filtro GLP fase l\u00edquida GASTECH | Recambios EcoGas | Sistemas GLP y GNC<\/title>\n<meta name=\"description\" content=\"Filtro GLP fase l\u00edquida GASTECH. Medidas 27x38x6 mm. Recambio universal para mantenimiento en sistemas autogas. Alta protecci\u00f3n.\" \/>\n<meta name=\"robots\" content=\"index, follow, max-snippet:-1, max-image-preview:large, max-video-preview:-1\" \/>\n<link rel=\"canonical\" href=\"https:\/\/recambiosecogas.com\/it\/producto\/cartucho-de-filtro-para-gastech-fase-liquida\/\" \/>\n<meta property=\"og:locale\" content=\"it_IT\" \/>\n<meta property=\"og:type\" content=\"article\" \/>\n<meta property=\"og:title\" content=\"Filtro GLP fase l\u00edquida GASTECH\" \/>\n<meta property=\"og:description\" content=\"Filtro GLP fase l\u00edquida GASTECH. Medidas 27x38x6 mm. Recambio universal para mantenimiento en sistemas autogas. Alta protecci\u00f3n.\" \/>\n<meta property=\"og:url\" content=\"https:\/\/recambiosecogas.com\/it\/producto\/cartucho-de-filtro-para-gastech-fase-liquida\/\" \/>\n<meta property=\"og:site_name\" content=\"Recambios EcoGas\" \/>\n<meta property=\"article:publisher\" content=\"https:\/\/www.facebook.com\/profile.php?id=100062419705358\" \/>\n<meta property=\"article:modified_time\" content=\"2025-12-02T09:06:42+00:00\" \/>\n<meta property=\"og:image\" content=\"https:\/\/recambiosecogas.com\/wp-content\/uploads\/2024\/12\/Cartucho-filtrante-para-Gastech-fase-liquida-png.webp\" \/>\n\t<meta property=\"og:image:width\" content=\"1000\" \/>\n\t<meta property=\"og:image:height\" content=\"1000\" \/>\n\t<meta property=\"og:image:type\" content=\"image\/png\" \/>\n<meta name=\"twitter:card\" content=\"summary_large_image\" \/>\n<meta name=\"twitter:label1\" content=\"Prezzo\" \/>\n\t<meta name=\"twitter:data1\" content=\"5,50&nbsp;&euro; (IVA incl.: 6,66&nbsp;&euro;)\" \/>\n\t<meta name=\"twitter:label2\" content=\"Disponibilit\u00e0\" \/>\n\t<meta name=\"twitter:data2\" content=\"Su ordinazione\" \/>\n<script type=\"application\/ld+json\" class=\"yoast-schema-graph\">{\"@context\":\"https:\\\/\\\/schema.org\",\"@graph\":[{\"@type\":\"WebPage\",\"@id\":\"https:\\\/\\\/recambiosecogas.com\\\/it\\\/producto\\\/cartucho-de-filtro-para-gastech-fase-liquida\\\/\",\"url\":\"https:\\\/\\\/recambiosecogas.com\\\/it\\\/producto\\\/cartucho-de-filtro-para-gastech-fase-liquida\\\/\",\"name\":\"Filtro GLP fase l\u00edquida GASTECH | Recambios EcoGas | Sistemas GLP y GNC\",\"isPartOf\":{\"@id\":\"https:\\\/\\\/recambiosecogas.com\\\/it\\\/#website\"},\"primaryImageOfPage\":{\"@id\":\"https:\\\/\\\/recambiosecogas.com\\\/it\\\/producto\\\/cartucho-de-filtro-para-gastech-fase-liquida\\\/#primaryimage\"},\"image\":{\"@id\":\"https:\\\/\\\/recambiosecogas.com\\\/it\\\/producto\\\/cartucho-de-filtro-para-gastech-fase-liquida\\\/#primaryimage\"},\"thumbnailUrl\":\"https:\\\/\\\/recambiosecogas.com\\\/wp-content\\\/uploads\\\/2024\\\/12\\\/Cartucho-filtrante-para-Gastech-fase-liquida-png.webp\",\"datePublished\":\"2024-12-19T11:09:24+00:00\",\"dateModified\":\"2025-12-02T09:06:42+00:00\",\"description\":\"Filtro GLP fase l\u00edquida GASTECH. Medidas 27x38x6 mm. Recambio universal para mantenimiento en sistemas autogas. Alta protecci\u00f3n.\",\"breadcrumb\":{\"@id\":\"https:\\\/\\\/recambiosecogas.com\\\/it\\\/producto\\\/cartucho-de-filtro-para-gastech-fase-liquida\\\/#breadcrumb\"},\"inLanguage\":\"it-IT\",\"potentialAction\":[{\"@type\":\"ReadAction\",\"target\":[\"https:\\\/\\\/recambiosecogas.com\\\/it\\\/producto\\\/cartucho-de-filtro-para-gastech-fase-liquida\\\/\"]}]},{\"@type\":\"ImageObject\",\"inLanguage\":\"it-IT\",\"@id\":\"https:\\\/\\\/recambiosecogas.com\\\/it\\\/producto\\\/cartucho-de-filtro-para-gastech-fase-liquida\\\/#primaryimage\",\"url\":\"https:\\\/\\\/recambiosecogas.com\\\/wp-content\\\/uploads\\\/2024\\\/12\\\/Cartucho-filtrante-para-Gastech-fase-liquida-png.webp\",\"contentUrl\":\"https:\\\/\\\/recambiosecogas.com\\\/wp-content\\\/uploads\\\/2024\\\/12\\\/Cartucho-filtrante-para-Gastech-fase-liquida-png.webp\",\"width\":1000,\"height\":1000},{\"@type\":\"BreadcrumbList\",\"@id\":\"https:\\\/\\\/recambiosecogas.com\\\/it\\\/producto\\\/cartucho-de-filtro-para-gastech-fase-liquida\\\/#breadcrumb\",\"itemListElement\":[{\"@type\":\"ListItem\",\"position\":1,\"name\":\"Portada\",\"item\":\"https:\\\/\\\/recambiosecogas.com\\\/it\\\/\"},{\"@type\":\"ListItem\",\"position\":2,\"name\":\"Negozio\",\"item\":\"https:\\\/\\\/recambiosecogas.com\\\/it\\\/?page_id=46382\"},{\"@type\":\"ListItem\",\"position\":3,\"name\":\"Filtro GLP fase l\u00edquida GASTECH\"}]},{\"@type\":\"WebSite\",\"@id\":\"https:\\\/\\\/recambiosecogas.com\\\/it\\\/#website\",\"url\":\"https:\\\/\\\/recambiosecogas.com\\\/it\\\/\",\"name\":\"Recambios EcoGas\",\"description\":\"Recambios Multimarca para sistemas de GLP\\\/GNC\\\/GNL\\\/Hidr\u00f3geno\",\"publisher\":{\"@id\":\"https:\\\/\\\/recambiosecogas.com\\\/it\\\/#organization\"},\"alternateName\":\"Recambios Autogas GLP\",\"potentialAction\":[{\"@type\":\"SearchAction\",\"target\":{\"@type\":\"EntryPoint\",\"urlTemplate\":\"https:\\\/\\\/recambiosecogas.com\\\/it\\\/?s={search_term_string}\"},\"query-input\":{\"@type\":\"PropertyValueSpecification\",\"valueRequired\":true,\"valueName\":\"search_term_string\"}}],\"inLanguage\":\"it-IT\"},{\"@type\":[\"Organization\",\"Place\"],\"@id\":\"https:\\\/\\\/recambiosecogas.com\\\/it\\\/#organization\",\"name\":\"Recambios EcoGas\",\"alternateName\":\"Tienda Online GLP Espa\u00f1a\",\"url\":\"https:\\\/\\\/recambiosecogas.com\\\/it\\\/\",\"logo\":{\"@id\":\"https:\\\/\\\/recambiosecogas.com\\\/it\\\/producto\\\/cartucho-de-filtro-para-gastech-fase-liquida\\\/#local-main-organization-logo\"},\"image\":{\"@id\":\"https:\\\/\\\/recambiosecogas.com\\\/it\\\/producto\\\/cartucho-de-filtro-para-gastech-fase-liquida\\\/#local-main-organization-logo\"},\"sameAs\":[\"https:\\\/\\\/www.facebook.com\\\/profile.php?id=100062419705358\",\"https:\\\/\\\/www.instagram.com\\\/segimon_automocio\"],\"description\":\"Recambios EcoGas \u2013 Venta y distribuci\u00f3n de sistemas GLP y GNC en Espa\u00f1a y Portugal. Env\u00edos 24 h, soporte t\u00e9cnico a talleres y distribuidores.\",\"hasMerchantReturnPolicy\":{\"@type\":\"MerchantReturnPolicy\",\"merchantReturnLink\":\"https:\\\/\\\/recambiosecogas.com\\\/politicas-privacidad\\\/\"},\"address\":{\"@id\":\"https:\\\/\\\/recambiosecogas.com\\\/it\\\/producto\\\/cartucho-de-filtro-para-gastech-fase-liquida\\\/#local-main-place-address\"},\"telephone\":[\"616250633\"],\"contactPoint\":{\"@type\":\"ContactPoint\",\"email\":\"export@recambiosecogas.com\"},\"openingHoursSpecification\":[{\"@type\":\"OpeningHoursSpecification\",\"dayOfWeek\":[\"Monday\",\"Tuesday\",\"Wednesday\",\"Thursday\",\"Friday\",\"Saturday\",\"Sunday\"],\"opens\":\"09:00\",\"closes\":\"17:00\"}],\"email\":\"info@recambiosecogas.com\",\"faxNumber\":\"SEGIMON AUTOMOCION SL\",\"vatID\":\"ESB19819861\",\"globalLocationNumber\":\"938 616 339\"},{\"@type\":\"PostalAddress\",\"@id\":\"https:\\\/\\\/recambiosecogas.com\\\/it\\\/producto\\\/cartucho-de-filtro-para-gastech-fase-liquida\\\/#local-main-place-address\",\"streetAddress\":\"cami antic de vic, 29 (Nave 3), Pol\u00edgono Industrial Congost\",\"addressLocality\":\"CORRO D`AVALL\",\"postalCode\":\"08520\",\"addressRegion\":\"Barcelona\",\"addressCountry\":\"ES\"},{\"@type\":\"ImageObject\",\"inLanguage\":\"it-IT\",\"@id\":\"https:\\\/\\\/recambiosecogas.com\\\/it\\\/producto\\\/cartucho-de-filtro-para-gastech-fase-liquida\\\/#local-main-organization-logo\",\"url\":\"https:\\\/\\\/recambiosecogas.com\\\/wp-content\\\/uploads\\\/2024\\\/11\\\/cropped-RECAMBIOS-GLP-png.webp\",\"contentUrl\":\"https:\\\/\\\/recambiosecogas.com\\\/wp-content\\\/uploads\\\/2024\\\/11\\\/cropped-RECAMBIOS-GLP-png.webp\",\"width\":512,\"height\":512,\"caption\":\"Recambios EcoGas\"}]}<\/script>\n<meta property=\"product:brand\" content=\"DT GAS\" \/>\n<meta property=\"product:price:amount\" content=\"5.50\" \/>\n<meta property=\"product:price:currency\" content=\"EUR\" \/>\n<meta property=\"og:availability\" content=\"backorder\" \/>\n<meta property=\"product:availability\" content=\"available for order\" \/>\n<meta property=\"product:retailer_item_id\" content=\"100376A\" \/>\n<meta property=\"product:condition\" content=\"new\" \/>\n<meta name=\"geo.placename\" content=\"CORRO D`AVALL\" \/>\n<meta name=\"geo.region\" content=\"Spagna\" \/>\n<!-- \/ Yoast SEO Premium plugin. -->","yoast_head_json":{"title":"Filtro GLP fase l\u00edquida GASTECH | Recambios EcoGas | Sistemas GLP y GNC","description":"Filtro GLP fase l\u00edquida GASTECH. Medidas 27x38x6 mm. Recambio universal para mantenimiento en sistemas autogas. Alta protecci\u00f3n.","robots":{"index":"index","follow":"follow","max-snippet":"max-snippet:-1","max-image-preview":"max-image-preview:large","max-video-preview":"max-video-preview:-1"},"canonical":"https:\/\/recambiosecogas.com\/it\/producto\/cartucho-de-filtro-para-gastech-fase-liquida\/","og_locale":"it_IT","og_type":"article","og_title":"Filtro GLP fase l\u00edquida GASTECH","og_description":"Filtro GLP fase l\u00edquida GASTECH. Medidas 27x38x6 mm. Recambio universal para mantenimiento en sistemas autogas. Alta protecci\u00f3n.","og_url":"https:\/\/recambiosecogas.com\/it\/producto\/cartucho-de-filtro-para-gastech-fase-liquida\/","og_site_name":"Recambios EcoGas","article_publisher":"https:\/\/www.facebook.com\/profile.php?id=100062419705358","article_modified_time":"2025-12-02T09:06:42+00:00","og_image":[{"width":1000,"height":1000,"url":"https:\/\/recambiosecogas.com\/wp-content\/uploads\/2024\/12\/Cartucho-filtrante-para-Gastech-fase-liquida-png.webp","type":"image\/png"}],"twitter_card":"summary_large_image","twitter_misc":{"Prezzo":"5,50&nbsp;&euro; (IVA incl.: 6,66&nbsp;&euro;)","Disponibilit\u00e0":"Su ordinazione"},"schema":{"@context":"https:\/\/schema.org","@graph":[{"@type":"WebPage","@id":"https:\/\/recambiosecogas.com\/it\/producto\/cartucho-de-filtro-para-gastech-fase-liquida\/","url":"https:\/\/recambiosecogas.com\/it\/producto\/cartucho-de-filtro-para-gastech-fase-liquida\/","name":"Filtro GLP fase l\u00edquida GASTECH | Recambios EcoGas | Sistemas GLP y GNC","isPartOf":{"@id":"https:\/\/recambiosecogas.com\/it\/#website"},"primaryImageOfPage":{"@id":"https:\/\/recambiosecogas.com\/it\/producto\/cartucho-de-filtro-para-gastech-fase-liquida\/#primaryimage"},"image":{"@id":"https:\/\/recambiosecogas.com\/it\/producto\/cartucho-de-filtro-para-gastech-fase-liquida\/#primaryimage"},"thumbnailUrl":"https:\/\/recambiosecogas.com\/wp-content\/uploads\/2024\/12\/Cartucho-filtrante-para-Gastech-fase-liquida-png.webp","datePublished":"2024-12-19T11:09:24+00:00","dateModified":"2025-12-02T09:06:42+00:00","description":"Filtro GLP fase l\u00edquida GASTECH. Medidas 27x38x6 mm. Recambio universal para mantenimiento en sistemas autogas. Alta protecci\u00f3n.","breadcrumb":{"@id":"https:\/\/recambiosecogas.com\/it\/producto\/cartucho-de-filtro-para-gastech-fase-liquida\/#breadcrumb"},"inLanguage":"it-IT","potentialAction":[{"@type":"ReadAction","target":["https:\/\/recambiosecogas.com\/it\/producto\/cartucho-de-filtro-para-gastech-fase-liquida\/"]}]},{"@type":"ImageObject","inLanguage":"it-IT","@id":"https:\/\/recambiosecogas.com\/it\/producto\/cartucho-de-filtro-para-gastech-fase-liquida\/#primaryimage","url":"https:\/\/recambiosecogas.com\/wp-content\/uploads\/2024\/12\/Cartucho-filtrante-para-Gastech-fase-liquida-png.webp","contentUrl":"https:\/\/recambiosecogas.com\/wp-content\/uploads\/2024\/12\/Cartucho-filtrante-para-Gastech-fase-liquida-png.webp","width":1000,"height":1000},{"@type":"BreadcrumbList","@id":"https:\/\/recambiosecogas.com\/it\/producto\/cartucho-de-filtro-para-gastech-fase-liquida\/#breadcrumb","itemListElement":[{"@type":"ListItem","position":1,"name":"Portada","item":"https:\/\/recambiosecogas.com\/it\/"},{"@type":"ListItem","position":2,"name":"Negozio","item":"https:\/\/recambiosecogas.com\/it\/?page_id=46382"},{"@type":"ListItem","position":3,"name":"Filtro GLP fase l\u00edquida GASTECH"}]},{"@type":"WebSite","@id":"https:\/\/recambiosecogas.com\/it\/#website","url":"https:\/\/recambiosecogas.com\/it\/","name":"Recambios EcoGas","description":"Recambios Multimarca para sistemas de GLP\/GNC\/GNL\/Hidr\u00f3geno","publisher":{"@id":"https:\/\/recambiosecogas.com\/it\/#organization"},"alternateName":"Recambios Autogas GLP","potentialAction":[{"@type":"SearchAction","target":{"@type":"EntryPoint","urlTemplate":"https:\/\/recambiosecogas.com\/it\/?s={search_term_string}"},"query-input":{"@type":"PropertyValueSpecification","valueRequired":true,"valueName":"search_term_string"}}],"inLanguage":"it-IT"},{"@type":["Organization","Place"],"@id":"https:\/\/recambiosecogas.com\/it\/#organization","name":"Recambios EcoGas","alternateName":"Tienda Online GLP Espa\u00f1a","url":"https:\/\/recambiosecogas.com\/it\/","logo":{"@id":"https:\/\/recambiosecogas.com\/it\/producto\/cartucho-de-filtro-para-gastech-fase-liquida\/#local-main-organization-logo"},"image":{"@id":"https:\/\/recambiosecogas.com\/it\/producto\/cartucho-de-filtro-para-gastech-fase-liquida\/#local-main-organization-logo"},"sameAs":["https:\/\/www.facebook.com\/profile.php?id=100062419705358","https:\/\/www.instagram.com\/segimon_automocio"],"description":"Recambios EcoGas \u2013 Venta y distribuci\u00f3n de sistemas GLP y GNC en Espa\u00f1a y Portugal. Env\u00edos 24 h, soporte t\u00e9cnico a talleres y distribuidores.","hasMerchantReturnPolicy":{"@type":"MerchantReturnPolicy","merchantReturnLink":"https:\/\/recambiosecogas.com\/politicas-privacidad\/"},"address":{"@id":"https:\/\/recambiosecogas.com\/it\/producto\/cartucho-de-filtro-para-gastech-fase-liquida\/#local-main-place-address"},"telephone":["616250633"],"contactPoint":{"@type":"ContactPoint","email":"export@recambiosecogas.com"},"openingHoursSpecification":[{"@type":"OpeningHoursSpecification","dayOfWeek":["Monday","Tuesday","Wednesday","Thursday","Friday","Saturday","Sunday"],"opens":"09:00","closes":"17:00"}],"email":"info@recambiosecogas.com","faxNumber":"SEGIMON AUTOMOCION SL","vatID":"ESB19819861","globalLocationNumber":"938 616 339"},{"@type":"PostalAddress","@id":"https:\/\/recambiosecogas.com\/it\/producto\/cartucho-de-filtro-para-gastech-fase-liquida\/#local-main-place-address","streetAddress":"cami antic de vic, 29 (Nave 3), Pol\u00edgono Industrial Congost","addressLocality":"CORRO D`AVALL","postalCode":"08520","addressRegion":"Barcelona","addressCountry":"ES"},{"@type":"ImageObject","inLanguage":"it-IT","@id":"https:\/\/recambiosecogas.com\/it\/producto\/cartucho-de-filtro-para-gastech-fase-liquida\/#local-main-organization-logo","url":"https:\/\/recambiosecogas.com\/wp-content\/uploads\/2024\/11\/cropped-RECAMBIOS-GLP-png.webp","contentUrl":"https:\/\/recambiosecogas.com\/wp-content\/uploads\/2024\/11\/cropped-RECAMBIOS-GLP-png.webp","width":512,"height":512,"caption":"Recambios EcoGas"}]},"product_brand":"DT GAS","product_price_amount":"5.50","product_price_currency":"EUR","og_availability":"backorder","product_availability":"available for order","product_retailer_item_id":"100376A","product_condition":"new","geo.placename":"CORRO D`AVALL","geo.region":"Spagna"},"uagb_featured_image_src":{"full":["https:\/\/recambiosecogas.com\/wp-content\/uploads\/2024\/12\/Cartucho-filtrante-para-Gastech-fase-liquida-png.webp",1000,1000,false],"thumbnail":["https:\/\/recambiosecogas.com\/wp-content\/uploads\/2024\/12\/Cartucho-filtrante-para-Gastech-fase-liquida-150x150.webp",150,150,true],"medium":["https:\/\/recambiosecogas.com\/wp-content\/uploads\/2024\/12\/Cartucho-filtrante-para-Gastech-fase-liquida-300x300.webp",300,300,true],"medium_large":["https:\/\/recambiosecogas.com\/wp-content\/uploads\/2024\/12\/Cartucho-filtrante-para-Gastech-fase-liquida-768x768.webp",768,768,true],"large":["https:\/\/recambiosecogas.com\/wp-content\/uploads\/2024\/12\/Cartucho-filtrante-para-Gastech-fase-liquida-png.webp",1000,1000,false],"1536x1536":["https:\/\/recambiosecogas.com\/wp-content\/uploads\/2024\/12\/Cartucho-filtrante-para-Gastech-fase-liquida-png.webp",1000,1000,false],"2048x2048":["https:\/\/recambiosecogas.com\/wp-content\/uploads\/2024\/12\/Cartucho-filtrante-para-Gastech-fase-liquida-png.webp",1000,1000,false],"woocommerce_archive_thumbnail":["https:\/\/recambiosecogas.com\/wp-content\/uploads\/2024\/12\/Cartucho-filtrante-para-Gastech-fase-liquida-png.webp",1000,1000,false],"woocommerce_thumbnail":["https:\/\/recambiosecogas.com\/wp-content\/uploads\/2024\/12\/Cartucho-filtrante-para-Gastech-fase-liquida-png-300x300.webp",300,300,true],"woocommerce_single":["https:\/\/recambiosecogas.com\/wp-content\/uploads\/2024\/12\/Cartucho-filtrante-para-Gastech-fase-liquida-png.webp",1000,1000,false],"woocommerce_gallery_thumbnail":["https:\/\/recambiosecogas.com\/wp-content\/uploads\/2024\/12\/Cartucho-filtrante-para-Gastech-fase-liquida-png.webp",1000,1000,false],"dgwt-wcas-product-suggestion":["https:\/\/recambiosecogas.com\/wp-content\/uploads\/2024\/12\/Cartucho-filtrante-para-Gastech-fase-liquida-png-64x64.webp",64,64,true]},"uagb_author_info":{"display_name":"Fran - Soporte T\u00e9cnico","author_link":"https:\/\/recambiosecogas.com\/it\/author\/"},"uagb_comment_info":0,"uagb_excerpt":"DT GAS","_links":{"self":[{"href":"https:\/\/recambiosecogas.com\/it\/wp-json\/wp\/v2\/product\/10583","targetHints":{"allow":["GET"]}}],"collection":[{"href":"https:\/\/recambiosecogas.com\/it\/wp-json\/wp\/v2\/product"}],"about":[{"href":"https:\/\/recambiosecogas.com\/it\/wp-json\/wp\/v2\/types\/product"}],"replies":[{"embeddable":true,"href":"https:\/\/recambiosecogas.com\/it\/wp-json\/wp\/v2\/comments?post=10583"}],"wp:featuredmedia":[{"embeddable":true,"href":"https:\/\/recambiosecogas.com\/it\/wp-json\/wp\/v2\/media\/11820"}],"wp:attachment":[{"href":"https:\/\/recambiosecogas.com\/it\/wp-json\/wp\/v2\/media?parent=10583"}],"wp:term":[{"taxonomy":"product_brand","embeddable":true,"href":"https:\/\/recambiosecogas.com\/it\/wp-json\/wp\/v2\/product_brand?post=10583"},{"taxonomy":"product_cat","embeddable":true,"href":"https:\/\/recambiosecogas.com\/it\/wp-json\/wp\/v2\/product_cat?post=10583"},{"taxonomy":"product_tag","embeddable":true,"href":"https:\/\/recambiosecogas.com\/it\/wp-json\/wp\/v2\/product_tag?post=10583"}],"curies":[{"name":"wp","href":"https:\/\/api.w.org\/{rel}","templated":true}]}}