{"id":10581,"date":"2024-12-19T11:09:24","date_gmt":"2024-12-19T11:09:24","guid":{"rendered":"https:\/\/recambiosecogas.com\/producto\/cartucho-de-filtros-para-valtek-dream-fase-liquida\/"},"modified":"2025-12-02T10:06:41","modified_gmt":"2025-12-02T09:06:41","slug":"filtro-glp-fase-liquida-valtek-dream","status":"publish","type":"product","link":"https:\/\/recambiosecogas.com\/it\/producto\/filtro-glp-fase-liquida-valtek-dream\/","title":{"rendered":"Filtro GLP Fase L\u00edquida VALTEK DREAM"},"content":{"rendered":"<h3 class=\"\" data-start=\"239\" data-end=\"315\"><strong data-start=\"243\" data-end=\"315\">Filtro GLP Fase L\u00edquida VALTEK DREAM \u2013 Compatible con OMVL y Elpigaz<\/strong><\/h3>\n<p class=\"\" data-start=\"317\" data-end=\"676\">El <strong data-start=\"320\" data-end=\"359\">filtro de fase l\u00edquida VALTEK DREAM<\/strong> es un recambio de alto rendimiento para <strong data-start=\"400\" data-end=\"416\">sistemas GLP<\/strong> que utilizan <strong data-start=\"430\" data-end=\"484\">v\u00e1lvulas de cierre Valtek tipo 07 (formato grande)<\/strong>. Este filtro se instala antes del reductor y est\u00e1 dise\u00f1ado para proteger todo el sistema de alimentaci\u00f3n de <strong data-start=\"593\" data-end=\"625\">impurezas s\u00f3lidas y residuos<\/strong>, alargando la vida \u00fatil del reductor e inyectores.<\/p>\n<p class=\"\" data-start=\"678\" data-end=\"964\">Fabricado en <strong data-start=\"691\" data-end=\"721\">pl\u00e1stico y papel filtrante<\/strong>, ofrece una alta eficiencia de retenci\u00f3n y est\u00e1 especialmente indicado para su uso en <strong data-start=\"808\" data-end=\"825\">sistemas OMVL<\/strong> con reductores <strong data-start=\"841\" data-end=\"852\">MP y HP<\/strong>, as\u00ed como en sistemas <strong data-start=\"875\" data-end=\"889\">OMVL Sue\u00f1o<\/strong> y <strong data-start=\"892\" data-end=\"910\">Elpigaz Stella<\/strong>, habituales en conversiones GLP de gama media y alta.<\/p>\n<p class=\"\" data-start=\"966\" data-end=\"1138\">Gracias a sus medidas est\u00e1ndar y su compatibilidad con m\u00faltiples configuraciones, este filtro es ideal tanto para mantenimientos programados como para instalaciones nuevas.<\/p>\n<hr class=\"\" data-start=\"1140\" data-end=\"1143\" \/>\n<h3 class=\"\" data-start=\"1145\" data-end=\"1199\"><strong data-start=\"1149\" data-end=\"1199\">Caracter\u00edsticas T\u00e9cnicas \u2013 Filtro VALTEK DREAM<\/strong><\/h3>\n<div class=\"overflow-x-auto contain-inline-size\">\n<table data-start=\"1201\" data-end=\"2081\">\n<thead data-start=\"1201\" data-end=\"1281\">\n<tr data-start=\"1201\" data-end=\"1281\">\n<th data-start=\"1201\" data-end=\"1230\">Especificaci\u00f3n<\/th>\n<th data-start=\"1230\" data-end=\"1281\">Detalles<\/th>\n<\/tr>\n<\/thead>\n<tbody data-start=\"1362\" data-end=\"2081\">\n<tr data-start=\"1362\" data-end=\"1441\">\n<td><strong data-start=\"1364\" data-end=\"1382\">Tipo de filtro<\/strong><\/td>\n<td>Fase l\u00edquida<\/td>\n<\/tr>\n<tr data-start=\"1442\" data-end=\"1521\">\n<td><strong data-start=\"1444\" data-end=\"1467\">Material del filtro<\/strong><\/td>\n<td>Pl\u00e1stico + Papel<\/td>\n<\/tr>\n<tr data-start=\"1522\" data-end=\"1601\">\n<td><strong data-start=\"1524\" data-end=\"1538\">Altura (h)<\/strong><\/td>\n<td>46,0 mm<\/td>\n<\/tr>\n<tr data-start=\"1602\" data-end=\"1681\">\n<td><strong data-start=\"1604\" data-end=\"1629\">Di\u00e1metro exterior (D)<\/strong><\/td>\n<td>31,0 mm<\/td>\n<\/tr>\n<tr data-start=\"1682\" data-end=\"1761\">\n<td><strong data-start=\"1684\" data-end=\"1709\">Di\u00e1metro interior (d)<\/strong><\/td>\n<td>8,0 mm \/ 10,0 mm<\/td>\n<\/tr>\n<tr data-start=\"1762\" data-end=\"1841\">\n<td><strong data-start=\"1764\" data-end=\"1786\">V\u00e1lvulas de cierre<\/strong><\/td>\n<td>Valtek tipo 07 (grande)<\/td>\n<\/tr>\n<tr data-start=\"1842\" data-end=\"1921\">\n<td><strong data-start=\"1844\" data-end=\"1870\">Reductores compatibles<\/strong><\/td>\n<td>OMVL MP, OMVL HP<\/td>\n<\/tr>\n<tr data-start=\"1922\" data-end=\"2001\">\n<td><strong data-start=\"1924\" data-end=\"1948\">Sistemas compatibles<\/strong><\/td>\n<td>OMVL Sue\u00f1o, Elpigaz Stella<\/td>\n<\/tr>\n<tr data-start=\"2002\" data-end=\"2081\">\n<td><strong data-start=\"2004\" data-end=\"2019\">Referencias<\/strong><\/td>\n<td>&#8211;<\/td>\n<\/tr>\n<\/tbody>\n<\/table>\n<\/div>\n<blockquote data-start=\"2083\" data-end=\"2217\">\n<p class=\"\" data-start=\"2085\" data-end=\"2217\"><em><strong>Se recomienda reemplazar este filtro cada 15.000 \u2013 20.000 km o en cada revisi\u00f3n del sistema GLP para mantener un rendimiento \u00f3ptimo.<\/strong><\/em><\/p>\n<p><a href=\"https:\/\/recambiosecogas.com\/categoria-producto\/filtros\/\">COMPRA MAS PRODUCTOS ONLINE EN NUESTRA TIENDA<\/a><\/p>\n<p><a href=\"http:\/\/www.segimonautomocio.com\/\">HAZ LA CONVERSION A GLP EN NUESTRO TALLER INSTALADOR OFICIAL, MAS INFORMACION EN NUESTRA WEB DE TALLER<\/a><\/p><\/blockquote>\n","protected":false},"excerpt":{"rendered":"<p>Valtek<\/p>\n","protected":false},"featured_media":11824,"comment_status":"open","ping_status":"closed","template":"","meta":{"googlesitekit_rrm_CAowud7EDA:productID":"","_uag_custom_page_level_css":""},"product_brand":[1002,977],"product_cat":[345],"product_tag":[],"class_list":{"0":"post-10581","1":"product","2":"type-product","3":"status-publish","4":"has-post-thumbnail","6":"product_brand-omvl","7":"product_brand-valtek-glp","8":"product_cat-fase-liquida","10":"first","11":"instock","12":"taxable","13":"shipping-taxable","14":"purchasable","15":"product-type-simple"},"ct_brands":[{"id":1002,"name":"OMVL","slug":"omvl"},{"id":977,"name":"VALTEK","slug":"valtek-glp"}],"yoast_head":"<!-- This site is optimized with the Yoast SEO Premium plugin v27.3 (Yoast SEO v27.3) - https:\/\/yoast.com\/product\/yoast-seo-premium-wordpress\/ -->\n<title>Filtro GLP Fase L\u00edquida VALTEK DREAM | Recambios EcoGas | Sistemas GLP y GNC<\/title>\n<meta name=\"description\" content=\"Filtro GLP fase l\u00edquida VALTEK DREAM. Compatible con v\u00e1lvula Valtek tipo 07, OMVL MP\/HP, Elpigaz Stella. Medidas 46x31x8\/10 mm. Alta eficiencia.\" \/>\n<meta name=\"robots\" content=\"index, follow, max-snippet:-1, max-image-preview:large, max-video-preview:-1\" \/>\n<link rel=\"canonical\" href=\"https:\/\/recambiosecogas.com\/it\/producto\/filtro-glp-fase-liquida-valtek-dream\/\" \/>\n<meta property=\"og:locale\" content=\"it_IT\" \/>\n<meta property=\"og:type\" content=\"article\" \/>\n<meta property=\"og:title\" content=\"Filtro GLP Fase L\u00edquida VALTEK DREAM\" \/>\n<meta property=\"og:description\" content=\"Filtro GLP fase l\u00edquida VALTEK DREAM. Compatible con v\u00e1lvula Valtek tipo 07, OMVL MP\/HP, Elpigaz Stella. Medidas 46x31x8\/10 mm. Alta eficiencia.\" \/>\n<meta property=\"og:url\" content=\"https:\/\/recambiosecogas.com\/it\/producto\/filtro-glp-fase-liquida-valtek-dream\/\" \/>\n<meta property=\"og:site_name\" content=\"Recambios EcoGas\" \/>\n<meta property=\"article:publisher\" content=\"https:\/\/www.facebook.com\/profile.php?id=100062419705358\" \/>\n<meta property=\"article:modified_time\" content=\"2025-12-02T09:06:41+00:00\" \/>\n<meta property=\"og:image\" content=\"https:\/\/recambiosecogas.com\/wp-content\/uploads\/2024\/12\/Cartucho-filtrante-para-Valtek-Dream-fase-liquida-png.webp\" \/>\n\t<meta property=\"og:image:width\" content=\"1000\" \/>\n\t<meta property=\"og:image:height\" content=\"1000\" \/>\n\t<meta property=\"og:image:type\" content=\"image\/png\" \/>\n<meta name=\"twitter:card\" content=\"summary_large_image\" \/>\n<meta name=\"twitter:label1\" content=\"Prezzo\" \/>\n\t<meta name=\"twitter:data1\" content=\"5,00&nbsp;&euro; (IVA incl.: 6,05&nbsp;&euro;)\" \/>\n\t<meta name=\"twitter:label2\" content=\"Disponibilit\u00e0\" \/>\n\t<meta name=\"twitter:data2\" content=\"In stock\" \/>\n<script type=\"application\/ld+json\" class=\"yoast-schema-graph\">{\"@context\":\"https:\\\/\\\/schema.org\",\"@graph\":[{\"@type\":\"WebPage\",\"@id\":\"https:\\\/\\\/recambiosecogas.com\\\/it\\\/producto\\\/filtro-glp-fase-liquida-valtek-dream\\\/\",\"url\":\"https:\\\/\\\/recambiosecogas.com\\\/it\\\/producto\\\/filtro-glp-fase-liquida-valtek-dream\\\/\",\"name\":\"Filtro GLP Fase L\u00edquida VALTEK DREAM | Recambios EcoGas | Sistemas GLP y GNC\",\"isPartOf\":{\"@id\":\"https:\\\/\\\/recambiosecogas.com\\\/it\\\/#website\"},\"primaryImageOfPage\":{\"@id\":\"https:\\\/\\\/recambiosecogas.com\\\/it\\\/producto\\\/filtro-glp-fase-liquida-valtek-dream\\\/#primaryimage\"},\"image\":{\"@id\":\"https:\\\/\\\/recambiosecogas.com\\\/it\\\/producto\\\/filtro-glp-fase-liquida-valtek-dream\\\/#primaryimage\"},\"thumbnailUrl\":\"https:\\\/\\\/recambiosecogas.com\\\/wp-content\\\/uploads\\\/2024\\\/12\\\/Cartucho-filtrante-para-Valtek-Dream-fase-liquida-png.webp\",\"datePublished\":\"2024-12-19T11:09:24+00:00\",\"dateModified\":\"2025-12-02T09:06:41+00:00\",\"description\":\"Filtro GLP fase l\u00edquida VALTEK DREAM. Compatible con v\u00e1lvula Valtek tipo 07, OMVL MP\\\/HP, Elpigaz Stella. Medidas 46x31x8\\\/10 mm. Alta eficiencia.\",\"breadcrumb\":{\"@id\":\"https:\\\/\\\/recambiosecogas.com\\\/it\\\/producto\\\/filtro-glp-fase-liquida-valtek-dream\\\/#breadcrumb\"},\"inLanguage\":\"it-IT\",\"potentialAction\":[{\"@type\":\"ReadAction\",\"target\":[\"https:\\\/\\\/recambiosecogas.com\\\/it\\\/producto\\\/filtro-glp-fase-liquida-valtek-dream\\\/\"]}]},{\"@type\":\"ImageObject\",\"inLanguage\":\"it-IT\",\"@id\":\"https:\\\/\\\/recambiosecogas.com\\\/it\\\/producto\\\/filtro-glp-fase-liquida-valtek-dream\\\/#primaryimage\",\"url\":\"https:\\\/\\\/recambiosecogas.com\\\/wp-content\\\/uploads\\\/2024\\\/12\\\/Cartucho-filtrante-para-Valtek-Dream-fase-liquida-png.webp\",\"contentUrl\":\"https:\\\/\\\/recambiosecogas.com\\\/wp-content\\\/uploads\\\/2024\\\/12\\\/Cartucho-filtrante-para-Valtek-Dream-fase-liquida-png.webp\",\"width\":1000,\"height\":1000,\"caption\":\"Compra filtro GLP VALTEK DREAM. Fase l\u00edquida, 46 mm de alto. Compatible con OMVL, Elpigaz, Valtek tipo 07 grande. Repuesto fiable.\"},{\"@type\":\"BreadcrumbList\",\"@id\":\"https:\\\/\\\/recambiosecogas.com\\\/it\\\/producto\\\/filtro-glp-fase-liquida-valtek-dream\\\/#breadcrumb\",\"itemListElement\":[{\"@type\":\"ListItem\",\"position\":1,\"name\":\"Portada\",\"item\":\"https:\\\/\\\/recambiosecogas.com\\\/it\\\/\"},{\"@type\":\"ListItem\",\"position\":2,\"name\":\"Negozio\",\"item\":\"https:\\\/\\\/recambiosecogas.com\\\/it\\\/?page_id=46382\"},{\"@type\":\"ListItem\",\"position\":3,\"name\":\"Filtro GLP Fase L\u00edquida VALTEK DREAM\"}]},{\"@type\":\"WebSite\",\"@id\":\"https:\\\/\\\/recambiosecogas.com\\\/it\\\/#website\",\"url\":\"https:\\\/\\\/recambiosecogas.com\\\/it\\\/\",\"name\":\"Recambios EcoGas\",\"description\":\"Recambios Multimarca para sistemas de GLP\\\/GNC\\\/GNL\\\/Hidr\u00f3geno\",\"publisher\":{\"@id\":\"https:\\\/\\\/recambiosecogas.com\\\/it\\\/#organization\"},\"alternateName\":\"Recambios Autogas GLP\",\"potentialAction\":[{\"@type\":\"SearchAction\",\"target\":{\"@type\":\"EntryPoint\",\"urlTemplate\":\"https:\\\/\\\/recambiosecogas.com\\\/it\\\/?s={search_term_string}\"},\"query-input\":{\"@type\":\"PropertyValueSpecification\",\"valueRequired\":true,\"valueName\":\"search_term_string\"}}],\"inLanguage\":\"it-IT\"},{\"@type\":[\"Organization\",\"Place\"],\"@id\":\"https:\\\/\\\/recambiosecogas.com\\\/it\\\/#organization\",\"name\":\"Recambios EcoGas\",\"alternateName\":\"Tienda Online GLP Espa\u00f1a\",\"url\":\"https:\\\/\\\/recambiosecogas.com\\\/it\\\/\",\"logo\":{\"@id\":\"https:\\\/\\\/recambiosecogas.com\\\/it\\\/producto\\\/filtro-glp-fase-liquida-valtek-dream\\\/#local-main-organization-logo\"},\"image\":{\"@id\":\"https:\\\/\\\/recambiosecogas.com\\\/it\\\/producto\\\/filtro-glp-fase-liquida-valtek-dream\\\/#local-main-organization-logo\"},\"sameAs\":[\"https:\\\/\\\/www.facebook.com\\\/profile.php?id=100062419705358\",\"https:\\\/\\\/www.instagram.com\\\/segimon_automocio\"],\"description\":\"Recambios EcoGas \u2013 Venta y distribuci\u00f3n de sistemas GLP y GNC en Espa\u00f1a y Portugal. Env\u00edos 24 h, soporte t\u00e9cnico a talleres y distribuidores.\",\"hasMerchantReturnPolicy\":{\"@type\":\"MerchantReturnPolicy\",\"merchantReturnLink\":\"https:\\\/\\\/recambiosecogas.com\\\/politicas-privacidad\\\/\"},\"address\":{\"@id\":\"https:\\\/\\\/recambiosecogas.com\\\/it\\\/producto\\\/filtro-glp-fase-liquida-valtek-dream\\\/#local-main-place-address\"},\"telephone\":[\"616250633\"],\"contactPoint\":{\"@type\":\"ContactPoint\",\"email\":\"export@recambiosecogas.com\"},\"openingHoursSpecification\":[{\"@type\":\"OpeningHoursSpecification\",\"dayOfWeek\":[\"Monday\",\"Tuesday\",\"Wednesday\",\"Thursday\",\"Friday\",\"Saturday\",\"Sunday\"],\"opens\":\"09:00\",\"closes\":\"17:00\"}],\"email\":\"info@recambiosecogas.com\",\"faxNumber\":\"SEGIMON AUTOMOCION SL\",\"vatID\":\"ESB19819861\",\"globalLocationNumber\":\"938 616 339\"},{\"@type\":\"PostalAddress\",\"@id\":\"https:\\\/\\\/recambiosecogas.com\\\/it\\\/producto\\\/filtro-glp-fase-liquida-valtek-dream\\\/#local-main-place-address\",\"streetAddress\":\"cami antic de vic, 29 (Nave 3), Pol\u00edgono Industrial Congost\",\"addressLocality\":\"CORRO D`AVALL\",\"postalCode\":\"08520\",\"addressRegion\":\"Barcelona\",\"addressCountry\":\"ES\"},{\"@type\":\"ImageObject\",\"inLanguage\":\"it-IT\",\"@id\":\"https:\\\/\\\/recambiosecogas.com\\\/it\\\/producto\\\/filtro-glp-fase-liquida-valtek-dream\\\/#local-main-organization-logo\",\"url\":\"https:\\\/\\\/recambiosecogas.com\\\/wp-content\\\/uploads\\\/2024\\\/11\\\/cropped-RECAMBIOS-GLP-png.webp\",\"contentUrl\":\"https:\\\/\\\/recambiosecogas.com\\\/wp-content\\\/uploads\\\/2024\\\/11\\\/cropped-RECAMBIOS-GLP-png.webp\",\"width\":512,\"height\":512,\"caption\":\"Recambios EcoGas\"}]}<\/script>\n<meta property=\"product:brand\" content=\"OMVL\" \/>\n<meta property=\"product:price:amount\" content=\"5.00\" \/>\n<meta property=\"product:price:currency\" content=\"EUR\" \/>\n<meta property=\"og:availability\" content=\"instock\" \/>\n<meta property=\"product:availability\" content=\"instock\" \/>\n<meta property=\"product:retailer_item_id\" content=\"100240\" \/>\n<meta property=\"product:condition\" content=\"new\" \/>\n<meta name=\"geo.placename\" content=\"CORRO D`AVALL\" \/>\n<meta name=\"geo.region\" content=\"Spagna\" \/>\n<!-- \/ Yoast SEO Premium plugin. -->","yoast_head_json":{"title":"Filtro GLP Fase L\u00edquida VALTEK DREAM | Recambios EcoGas | Sistemas GLP y GNC","description":"Filtro GLP fase l\u00edquida VALTEK DREAM. Compatible con v\u00e1lvula Valtek tipo 07, OMVL MP\/HP, Elpigaz Stella. Medidas 46x31x8\/10 mm. Alta eficiencia.","robots":{"index":"index","follow":"follow","max-snippet":"max-snippet:-1","max-image-preview":"max-image-preview:large","max-video-preview":"max-video-preview:-1"},"canonical":"https:\/\/recambiosecogas.com\/it\/producto\/filtro-glp-fase-liquida-valtek-dream\/","og_locale":"it_IT","og_type":"article","og_title":"Filtro GLP Fase L\u00edquida VALTEK DREAM","og_description":"Filtro GLP fase l\u00edquida VALTEK DREAM. Compatible con v\u00e1lvula Valtek tipo 07, OMVL MP\/HP, Elpigaz Stella. Medidas 46x31x8\/10 mm. Alta eficiencia.","og_url":"https:\/\/recambiosecogas.com\/it\/producto\/filtro-glp-fase-liquida-valtek-dream\/","og_site_name":"Recambios EcoGas","article_publisher":"https:\/\/www.facebook.com\/profile.php?id=100062419705358","article_modified_time":"2025-12-02T09:06:41+00:00","og_image":[{"width":1000,"height":1000,"url":"https:\/\/recambiosecogas.com\/wp-content\/uploads\/2024\/12\/Cartucho-filtrante-para-Valtek-Dream-fase-liquida-png.webp","type":"image\/png"}],"twitter_card":"summary_large_image","twitter_misc":{"Prezzo":"5,00&nbsp;&euro; (IVA incl.: 6,05&nbsp;&euro;)","Disponibilit\u00e0":"In stock"},"schema":{"@context":"https:\/\/schema.org","@graph":[{"@type":"WebPage","@id":"https:\/\/recambiosecogas.com\/it\/producto\/filtro-glp-fase-liquida-valtek-dream\/","url":"https:\/\/recambiosecogas.com\/it\/producto\/filtro-glp-fase-liquida-valtek-dream\/","name":"Filtro GLP Fase L\u00edquida VALTEK DREAM | Recambios EcoGas | Sistemas GLP y GNC","isPartOf":{"@id":"https:\/\/recambiosecogas.com\/it\/#website"},"primaryImageOfPage":{"@id":"https:\/\/recambiosecogas.com\/it\/producto\/filtro-glp-fase-liquida-valtek-dream\/#primaryimage"},"image":{"@id":"https:\/\/recambiosecogas.com\/it\/producto\/filtro-glp-fase-liquida-valtek-dream\/#primaryimage"},"thumbnailUrl":"https:\/\/recambiosecogas.com\/wp-content\/uploads\/2024\/12\/Cartucho-filtrante-para-Valtek-Dream-fase-liquida-png.webp","datePublished":"2024-12-19T11:09:24+00:00","dateModified":"2025-12-02T09:06:41+00:00","description":"Filtro GLP fase l\u00edquida VALTEK DREAM. Compatible con v\u00e1lvula Valtek tipo 07, OMVL MP\/HP, Elpigaz Stella. Medidas 46x31x8\/10 mm. Alta eficiencia.","breadcrumb":{"@id":"https:\/\/recambiosecogas.com\/it\/producto\/filtro-glp-fase-liquida-valtek-dream\/#breadcrumb"},"inLanguage":"it-IT","potentialAction":[{"@type":"ReadAction","target":["https:\/\/recambiosecogas.com\/it\/producto\/filtro-glp-fase-liquida-valtek-dream\/"]}]},{"@type":"ImageObject","inLanguage":"it-IT","@id":"https:\/\/recambiosecogas.com\/it\/producto\/filtro-glp-fase-liquida-valtek-dream\/#primaryimage","url":"https:\/\/recambiosecogas.com\/wp-content\/uploads\/2024\/12\/Cartucho-filtrante-para-Valtek-Dream-fase-liquida-png.webp","contentUrl":"https:\/\/recambiosecogas.com\/wp-content\/uploads\/2024\/12\/Cartucho-filtrante-para-Valtek-Dream-fase-liquida-png.webp","width":1000,"height":1000,"caption":"Compra filtro GLP VALTEK DREAM. Fase l\u00edquida, 46 mm de alto. Compatible con OMVL, Elpigaz, Valtek tipo 07 grande. Repuesto fiable."},{"@type":"BreadcrumbList","@id":"https:\/\/recambiosecogas.com\/it\/producto\/filtro-glp-fase-liquida-valtek-dream\/#breadcrumb","itemListElement":[{"@type":"ListItem","position":1,"name":"Portada","item":"https:\/\/recambiosecogas.com\/it\/"},{"@type":"ListItem","position":2,"name":"Negozio","item":"https:\/\/recambiosecogas.com\/it\/?page_id=46382"},{"@type":"ListItem","position":3,"name":"Filtro GLP Fase L\u00edquida VALTEK DREAM"}]},{"@type":"WebSite","@id":"https:\/\/recambiosecogas.com\/it\/#website","url":"https:\/\/recambiosecogas.com\/it\/","name":"Recambios EcoGas","description":"Recambios Multimarca para sistemas de GLP\/GNC\/GNL\/Hidr\u00f3geno","publisher":{"@id":"https:\/\/recambiosecogas.com\/it\/#organization"},"alternateName":"Recambios Autogas GLP","potentialAction":[{"@type":"SearchAction","target":{"@type":"EntryPoint","urlTemplate":"https:\/\/recambiosecogas.com\/it\/?s={search_term_string}"},"query-input":{"@type":"PropertyValueSpecification","valueRequired":true,"valueName":"search_term_string"}}],"inLanguage":"it-IT"},{"@type":["Organization","Place"],"@id":"https:\/\/recambiosecogas.com\/it\/#organization","name":"Recambios EcoGas","alternateName":"Tienda Online GLP Espa\u00f1a","url":"https:\/\/recambiosecogas.com\/it\/","logo":{"@id":"https:\/\/recambiosecogas.com\/it\/producto\/filtro-glp-fase-liquida-valtek-dream\/#local-main-organization-logo"},"image":{"@id":"https:\/\/recambiosecogas.com\/it\/producto\/filtro-glp-fase-liquida-valtek-dream\/#local-main-organization-logo"},"sameAs":["https:\/\/www.facebook.com\/profile.php?id=100062419705358","https:\/\/www.instagram.com\/segimon_automocio"],"description":"Recambios EcoGas \u2013 Venta y distribuci\u00f3n de sistemas GLP y GNC en Espa\u00f1a y Portugal. Env\u00edos 24 h, soporte t\u00e9cnico a talleres y distribuidores.","hasMerchantReturnPolicy":{"@type":"MerchantReturnPolicy","merchantReturnLink":"https:\/\/recambiosecogas.com\/politicas-privacidad\/"},"address":{"@id":"https:\/\/recambiosecogas.com\/it\/producto\/filtro-glp-fase-liquida-valtek-dream\/#local-main-place-address"},"telephone":["616250633"],"contactPoint":{"@type":"ContactPoint","email":"export@recambiosecogas.com"},"openingHoursSpecification":[{"@type":"OpeningHoursSpecification","dayOfWeek":["Monday","Tuesday","Wednesday","Thursday","Friday","Saturday","Sunday"],"opens":"09:00","closes":"17:00"}],"email":"info@recambiosecogas.com","faxNumber":"SEGIMON AUTOMOCION SL","vatID":"ESB19819861","globalLocationNumber":"938 616 339"},{"@type":"PostalAddress","@id":"https:\/\/recambiosecogas.com\/it\/producto\/filtro-glp-fase-liquida-valtek-dream\/#local-main-place-address","streetAddress":"cami antic de vic, 29 (Nave 3), Pol\u00edgono Industrial Congost","addressLocality":"CORRO D`AVALL","postalCode":"08520","addressRegion":"Barcelona","addressCountry":"ES"},{"@type":"ImageObject","inLanguage":"it-IT","@id":"https:\/\/recambiosecogas.com\/it\/producto\/filtro-glp-fase-liquida-valtek-dream\/#local-main-organization-logo","url":"https:\/\/recambiosecogas.com\/wp-content\/uploads\/2024\/11\/cropped-RECAMBIOS-GLP-png.webp","contentUrl":"https:\/\/recambiosecogas.com\/wp-content\/uploads\/2024\/11\/cropped-RECAMBIOS-GLP-png.webp","width":512,"height":512,"caption":"Recambios EcoGas"}]},"product_brand":"OMVL","product_price_amount":"5.00","product_price_currency":"EUR","og_availability":"instock","product_availability":"instock","product_retailer_item_id":"100240","product_condition":"new","geo.placename":"CORRO D`AVALL","geo.region":"Spagna"},"uagb_featured_image_src":{"full":["https:\/\/recambiosecogas.com\/wp-content\/uploads\/2024\/12\/Cartucho-filtrante-para-Valtek-Dream-fase-liquida-png.webp",1000,1000,false],"thumbnail":["https:\/\/recambiosecogas.com\/wp-content\/uploads\/2024\/12\/Cartucho-filtrante-para-Valtek-Dream-fase-liquida-150x150.webp",150,150,true],"medium":["https:\/\/recambiosecogas.com\/wp-content\/uploads\/2024\/12\/Cartucho-filtrante-para-Valtek-Dream-fase-liquida-300x300.webp",300,300,true],"medium_large":["https:\/\/recambiosecogas.com\/wp-content\/uploads\/2024\/12\/Cartucho-filtrante-para-Valtek-Dream-fase-liquida-768x768.webp",768,768,true],"large":["https:\/\/recambiosecogas.com\/wp-content\/uploads\/2024\/12\/Cartucho-filtrante-para-Valtek-Dream-fase-liquida-png.webp",1000,1000,false],"1536x1536":["https:\/\/recambiosecogas.com\/wp-content\/uploads\/2024\/12\/Cartucho-filtrante-para-Valtek-Dream-fase-liquida-png.webp",1000,1000,false],"2048x2048":["https:\/\/recambiosecogas.com\/wp-content\/uploads\/2024\/12\/Cartucho-filtrante-para-Valtek-Dream-fase-liquida-png.webp",1000,1000,false],"woocommerce_archive_thumbnail":["https:\/\/recambiosecogas.com\/wp-content\/uploads\/2024\/12\/Cartucho-filtrante-para-Valtek-Dream-fase-liquida-png.webp",1000,1000,false],"woocommerce_thumbnail":["https:\/\/recambiosecogas.com\/wp-content\/uploads\/2024\/12\/Cartucho-filtrante-para-Valtek-Dream-fase-liquida-png-300x300.webp",300,300,true],"woocommerce_single":["https:\/\/recambiosecogas.com\/wp-content\/uploads\/2024\/12\/Cartucho-filtrante-para-Valtek-Dream-fase-liquida-png.webp",1000,1000,false],"woocommerce_gallery_thumbnail":["https:\/\/recambiosecogas.com\/wp-content\/uploads\/2024\/12\/Cartucho-filtrante-para-Valtek-Dream-fase-liquida-png.webp",1000,1000,false],"dgwt-wcas-product-suggestion":["https:\/\/recambiosecogas.com\/wp-content\/uploads\/2024\/12\/Cartucho-filtrante-para-Valtek-Dream-fase-liquida-png-64x64.webp",64,64,true]},"uagb_author_info":{"display_name":"Fran - Soporte T\u00e9cnico","author_link":"https:\/\/recambiosecogas.com\/it\/author\/"},"uagb_comment_info":0,"uagb_excerpt":"Valtek","_links":{"self":[{"href":"https:\/\/recambiosecogas.com\/it\/wp-json\/wp\/v2\/product\/10581","targetHints":{"allow":["GET"]}}],"collection":[{"href":"https:\/\/recambiosecogas.com\/it\/wp-json\/wp\/v2\/product"}],"about":[{"href":"https:\/\/recambiosecogas.com\/it\/wp-json\/wp\/v2\/types\/product"}],"replies":[{"embeddable":true,"href":"https:\/\/recambiosecogas.com\/it\/wp-json\/wp\/v2\/comments?post=10581"}],"wp:featuredmedia":[{"embeddable":true,"href":"https:\/\/recambiosecogas.com\/it\/wp-json\/wp\/v2\/media\/11824"}],"wp:attachment":[{"href":"https:\/\/recambiosecogas.com\/it\/wp-json\/wp\/v2\/media?parent=10581"}],"wp:term":[{"taxonomy":"product_brand","embeddable":true,"href":"https:\/\/recambiosecogas.com\/it\/wp-json\/wp\/v2\/product_brand?post=10581"},{"taxonomy":"product_cat","embeddable":true,"href":"https:\/\/recambiosecogas.com\/it\/wp-json\/wp\/v2\/product_cat?post=10581"},{"taxonomy":"product_tag","embeddable":true,"href":"https:\/\/recambiosecogas.com\/it\/wp-json\/wp\/v2\/product_tag?post=10581"}],"curies":[{"name":"wp","href":"https:\/\/api.w.org\/{rel}","templated":true}]}}