{"id":10575,"date":"2024-12-19T11:09:22","date_gmt":"2024-12-19T11:09:22","guid":{"rendered":"https:\/\/recambiosecogas.com\/producto\/cartucho-de-filtros-para-reductor-tomasetto-at07-09\/"},"modified":"2026-04-27T09:27:38","modified_gmt":"2026-04-27T08:27:38","slug":"filtro-glp-fase-liquida-reductor-at07-at09-tomasetto","status":"publish","type":"product","link":"https:\/\/recambiosecogas.com\/it\/producto\/filtro-glp-fase-liquida-reductor-at07-at09-tomasetto\/","title":{"rendered":"Filtro GLP fase l\u00edquida Reductor AT07 \/ AT09 TOMASETTO"},"content":{"rendered":"<h3 class=\"\" style=\"text-align: center;\" data-start=\"187\" data-end=\"277\"><strong data-start=\"191\" data-end=\"277\">Filtro GLP fase l\u00edquida Reductor AT07 \/ AT09 TOMASETTO \u2013 Compatible con Alex, Atiker y m\u00e1s<\/strong><\/h3>\n<p class=\"\" data-start=\"279\" data-end=\"596\">Filtro GLP fase l\u00edquida Reductor AT07 \/ AT09 TOMASETTO \u2013 es una pieza fundamental para el mantenimiento de sistemas <strong data-start=\"400\" data-end=\"431\">GLP de inyecci\u00f3n secuencial<\/strong>. Dise\u00f1ado para garantizar una <strong data-start=\"462\" data-end=\"499\">filtraci\u00f3n eficaz en fase l\u00edquida<\/strong>, protege los inyectores y el reductor frente a part\u00edculas s\u00f3lidas, impurezas y residuos del gas.<\/p>\n<p class=\"\" data-start=\"598\" data-end=\"845\">Fabricado en <strong data-start=\"611\" data-end=\"644\">metal y papel de alta calidad<\/strong>, este filtro ofrece <strong data-start=\"665\" data-end=\"704\">durabilidad y excelente rendimiento<\/strong>, siendo compatible con <strong data-start=\"728\" data-end=\"749\">modelos Tomasetto<\/strong> como <strong data-start=\"755\" data-end=\"784\">Alaska, Arctic y Antartic<\/strong>, as\u00ed como con <strong data-start=\"799\" data-end=\"825\">Alex Shark 1200 y 1500<\/strong>, y <strong data-start=\"829\" data-end=\"844\">Atiker SR04<\/strong>.<\/p>\n<p class=\"\" data-start=\"847\" data-end=\"1062\">Gracias a su dise\u00f1o est\u00e1ndar, este filtro se adapta perfectamente a sistemas de marcas como <strong data-start=\"939\" data-end=\"978\">Europegas, Stag, Atiker, Alex y AGC<\/strong>, siendo ideal tanto para instalaciones nuevas como para mantenimientos programados.<\/p>\n<hr class=\"\" data-start=\"1064\" data-end=\"1067\" \/>\n<h4 data-start=\"1069\" data-end=\"1132\"><strong data-start=\"1073\" data-end=\"1132\">Caracter\u00edsticas T\u00e9cnicas \u2013 Filtro Tomasetto AT07 \/ AT09<\/strong><\/h4>\n<div class=\"overflow-x-auto contain-inline-size\">\n<table data-start=\"1134\" data-end=\"2157\">\n<thead data-start=\"1134\" data-end=\"1236\">\n<tr data-start=\"1134\" data-end=\"1236\">\n<th data-start=\"1134\" data-end=\"1163\">Especificaci\u00f3n<\/th>\n<th data-start=\"1163\" data-end=\"1236\">Detalles<\/th>\n<\/tr>\n<\/thead>\n<tbody data-start=\"1339\" data-end=\"2157\">\n<tr data-start=\"1339\" data-end=\"1440\">\n<td><strong data-start=\"1341\" data-end=\"1359\">Tipo de filtro<\/strong><\/td>\n<td>Fase l\u00edquida<\/td>\n<\/tr>\n<tr data-start=\"1441\" data-end=\"1542\">\n<td><strong data-start=\"1443\" data-end=\"1466\">Material del filtro<\/strong><\/td>\n<td>Metal + Papel<\/td>\n<\/tr>\n<tr data-start=\"1543\" data-end=\"1644\">\n<td><strong data-start=\"1545\" data-end=\"1559\">Altura (h)<\/strong><\/td>\n<td>22 mm<\/td>\n<\/tr>\n<tr data-start=\"1645\" data-end=\"1746\">\n<td><strong data-start=\"1647\" data-end=\"1672\">Di\u00e1metro exterior (D)<\/strong><\/td>\n<td>35,5 mm<\/td>\n<\/tr>\n<tr data-start=\"1747\" data-end=\"1848\">\n<td><strong data-start=\"1749\" data-end=\"1774\">Di\u00e1metro interior (d)<\/strong><\/td>\n<td>16,0 mm<\/td>\n<\/tr>\n<tr data-start=\"1849\" data-end=\"1953\">\n<td><strong data-start=\"1851\" data-end=\"1877\">Reductores compatibles<\/strong><\/td>\n<td>Tomasetto AT07, AT09 (Alaska, Arctic, Antartic), Alex Shark, Atiker SR04<\/td>\n<\/tr>\n<tr data-start=\"1954\" data-end=\"2055\">\n<td><strong data-start=\"1956\" data-end=\"1980\">Sistemas compatibles<\/strong><\/td>\n<td>Europegas, Stag, Atiker, Alex, AGC<\/td>\n<\/tr>\n<tr data-start=\"2056\" data-end=\"2157\">\n<td><strong data-start=\"2058\" data-end=\"2073\">Referencias<\/strong><\/td>\n<td>Tomasetto RGAT2070, Atiker FC.060<\/td>\n<\/tr>\n<\/tbody>\n<\/table>\n<\/div>\n<blockquote data-start=\"2159\" data-end=\"2293\">\n<p class=\"\" data-start=\"2161\" data-end=\"2293\"><em><strong>Se recomienda su sustituci\u00f3n cada 15.000 \u2013 20.000 km o en cada revisi\u00f3n del sistema GLP para mantener el rendimiento y la seguridad.<\/strong><\/em><\/p>\n<\/blockquote>\n<p><a href=\"https:\/\/recambiosecogas.com\/categoria-producto\/filtros\/\">COMPRA MAS PRODUCTOS ONLINE EN NUESTRA TIENDA<\/a><\/p>\n<p><a href=\"http:\/\/www.segimonautomocio.com\/\">HAZ LA CONVERSION A GLP EN NUESTRO TALLER INSTALADOR OFICIAL, MAS INFORMACION EN NUESTRA WEB DE TALLER<\/a><\/p>\n<p>&nbsp;<\/p>\n","protected":false},"excerpt":{"rendered":"<p>Tomasetto achille<\/p>\n","protected":false},"featured_media":11802,"comment_status":"open","ping_status":"closed","template":"","meta":{"_uag_custom_page_level_css":""},"product_brand":[1001,1009],"product_cat":[1573],"product_tag":[],"class_list":{"0":"post-10575","1":"product","2":"type-product","3":"status-publish","4":"has-post-thumbnail","6":"product_brand-europegas","7":"product_brand-tomasetto-achille","8":"product_cat-fase-liquida-pt-pt","10":"first","11":"onbackorder","12":"taxable","13":"shipping-taxable","14":"purchasable","15":"product-type-simple"},"ct_brands":[{"id":1001,"name":"EUROPEGAS","slug":"europegas"},{"id":1009,"name":"Tomasetto Achille","slug":"tomasetto-achille"}],"yoast_head":"<!-- This site is optimized with the Yoast SEO Premium plugin v27.5 (Yoast SEO v27.6) - https:\/\/yoast.com\/product\/yoast-seo-premium-wordpress\/ -->\n<title>Filtro GLP fase l\u00edquida Reductor AT07 \/ AT09 TOMASETTO | Recambios EcoGas | Sistemas GLP y GNC<\/title>\n<meta name=\"description\" content=\"Filtro GLP para reductor Tomasetto AT07\/AT09. Compatible con Shark, Atiker, Europegas y m\u00e1s. Medidas 22x35,5x16 mm.\" \/>\n<meta name=\"robots\" content=\"index, follow, max-snippet:-1, max-image-preview:large, max-video-preview:-1\" \/>\n<link rel=\"canonical\" href=\"https:\/\/recambiosecogas.com\/it\/producto\/filtro-glp-fase-liquida-reductor-at07-at09-tomasetto\/\" \/>\n<meta property=\"og:locale\" content=\"it_IT\" \/>\n<meta property=\"og:type\" content=\"article\" \/>\n<meta property=\"og:title\" content=\"Filtro GLP fase l\u00edquida Reductor AT07 \/ AT09 TOMASETTO\" \/>\n<meta property=\"og:description\" content=\"Filtro GLP para reductor Tomasetto AT07\/AT09. Compatible con Shark, Atiker, Europegas y m\u00e1s. Medidas 22x35,5x16 mm.\" \/>\n<meta property=\"og:url\" content=\"https:\/\/recambiosecogas.com\/it\/producto\/filtro-glp-fase-liquida-reductor-at07-at09-tomasetto\/\" \/>\n<meta property=\"og:site_name\" content=\"Recambios EcoGas\" \/>\n<meta property=\"article:publisher\" content=\"https:\/\/www.facebook.com\/profile.php?id=100062419705358\" \/>\n<meta property=\"article:modified_time\" content=\"2026-04-27T08:27:38+00:00\" \/>\n<meta property=\"og:image\" content=\"https:\/\/recambiosecogas.com\/wp-content\/uploads\/2024\/12\/Cartucho-filtrante-para-reductores-Tomasetto-AT07-09-png.webp\" \/>\n\t<meta property=\"og:image:width\" content=\"1000\" \/>\n\t<meta property=\"og:image:height\" content=\"1000\" \/>\n\t<meta property=\"og:image:type\" content=\"image\/png\" \/>\n<meta name=\"twitter:card\" content=\"summary_large_image\" \/>\n<meta name=\"twitter:label1\" content=\"Prezzo\" \/>\n\t<meta name=\"twitter:data1\" content=\"4,55&nbsp;&euro; (Sin IVA: 3,76&nbsp;&euro;)\" \/>\n\t<meta name=\"twitter:label2\" content=\"Disponibilit\u00e0\" \/>\n\t<meta name=\"twitter:data2\" content=\"Su ordinazione\" \/>\n<script type=\"application\/ld+json\" class=\"yoast-schema-graph\">{\"@context\":\"https:\\\/\\\/schema.org\",\"@graph\":[{\"@type\":\"WebPage\",\"@id\":\"https:\\\/\\\/recambiosecogas.com\\\/it\\\/producto\\\/filtro-glp-fase-liquida-reductor-at07-at09-tomasetto\\\/\",\"url\":\"https:\\\/\\\/recambiosecogas.com\\\/it\\\/producto\\\/filtro-glp-fase-liquida-reductor-at07-at09-tomasetto\\\/\",\"name\":\"Filtro GLP fase l\u00edquida Reductor AT07 \\\/ AT09 TOMASETTO | Recambios EcoGas | Sistemas GLP y GNC\",\"isPartOf\":{\"@id\":\"https:\\\/\\\/recambiosecogas.com\\\/it\\\/#website\"},\"primaryImageOfPage\":{\"@id\":\"https:\\\/\\\/recambiosecogas.com\\\/it\\\/producto\\\/filtro-glp-fase-liquida-reductor-at07-at09-tomasetto\\\/#primaryimage\"},\"image\":{\"@id\":\"https:\\\/\\\/recambiosecogas.com\\\/it\\\/producto\\\/filtro-glp-fase-liquida-reductor-at07-at09-tomasetto\\\/#primaryimage\"},\"thumbnailUrl\":\"https:\\\/\\\/recambiosecogas.com\\\/wp-content\\\/uploads\\\/2024\\\/12\\\/Cartucho-filtrante-para-reductores-Tomasetto-AT07-09-png.webp\",\"datePublished\":\"2024-12-19T11:09:22+00:00\",\"dateModified\":\"2026-04-27T08:27:38+00:00\",\"description\":\"Filtro GLP para reductor Tomasetto AT07\\\/AT09. Compatible con Shark, Atiker, Europegas y m\u00e1s. Medidas 22x35,5x16 mm.\",\"breadcrumb\":{\"@id\":\"https:\\\/\\\/recambiosecogas.com\\\/it\\\/producto\\\/filtro-glp-fase-liquida-reductor-at07-at09-tomasetto\\\/#breadcrumb\"},\"inLanguage\":\"it-IT\",\"potentialAction\":[{\"@type\":\"ReadAction\",\"target\":[\"https:\\\/\\\/recambiosecogas.com\\\/it\\\/producto\\\/filtro-glp-fase-liquida-reductor-at07-at09-tomasetto\\\/\"]}]},{\"@type\":\"ImageObject\",\"inLanguage\":\"it-IT\",\"@id\":\"https:\\\/\\\/recambiosecogas.com\\\/it\\\/producto\\\/filtro-glp-fase-liquida-reductor-at07-at09-tomasetto\\\/#primaryimage\",\"url\":\"https:\\\/\\\/recambiosecogas.com\\\/wp-content\\\/uploads\\\/2024\\\/12\\\/Cartucho-filtrante-para-reductores-Tomasetto-AT07-09-png.webp\",\"contentUrl\":\"https:\\\/\\\/recambiosecogas.com\\\/wp-content\\\/uploads\\\/2024\\\/12\\\/Cartucho-filtrante-para-reductores-Tomasetto-AT07-09-png.webp\",\"width\":1000,\"height\":1000},{\"@type\":\"BreadcrumbList\",\"@id\":\"https:\\\/\\\/recambiosecogas.com\\\/it\\\/producto\\\/filtro-glp-fase-liquida-reductor-at07-at09-tomasetto\\\/#breadcrumb\",\"itemListElement\":[{\"@type\":\"ListItem\",\"position\":1,\"name\":\"Portada\",\"item\":\"https:\\\/\\\/recambiosecogas.com\\\/it\\\/\"},{\"@type\":\"ListItem\",\"position\":2,\"name\":\"Negozio\",\"item\":\"https:\\\/\\\/recambiosecogas.com\\\/it\\\/?page_id=46382\"},{\"@type\":\"ListItem\",\"position\":3,\"name\":\"Filtro GLP fase l\u00edquida Reductor AT07 \\\/ AT09 TOMASETTO\"}]},{\"@type\":\"WebSite\",\"@id\":\"https:\\\/\\\/recambiosecogas.com\\\/it\\\/#website\",\"url\":\"https:\\\/\\\/recambiosecogas.com\\\/it\\\/\",\"name\":\"Recambios EcoGas\",\"description\":\"Recambios Multimarca para sistemas de GLP\\\/GNC\\\/GNL\\\/Hidr\u00f3geno\",\"publisher\":{\"@id\":\"https:\\\/\\\/recambiosecogas.com\\\/it\\\/#organization\"},\"alternateName\":\"Recambios Autogas GLP\",\"potentialAction\":[{\"@type\":\"SearchAction\",\"target\":{\"@type\":\"EntryPoint\",\"urlTemplate\":\"https:\\\/\\\/recambiosecogas.com\\\/it\\\/?s={search_term_string}\"},\"query-input\":{\"@type\":\"PropertyValueSpecification\",\"valueRequired\":true,\"valueName\":\"search_term_string\"}}],\"inLanguage\":\"it-IT\"},{\"@type\":[\"Organization\",\"Place\"],\"@id\":\"https:\\\/\\\/recambiosecogas.com\\\/it\\\/#organization\",\"name\":\"Recambios EcoGas\",\"alternateName\":\"Tienda Online GLP Espa\u00f1a\",\"url\":\"https:\\\/\\\/recambiosecogas.com\\\/it\\\/\",\"logo\":{\"@id\":\"https:\\\/\\\/recambiosecogas.com\\\/it\\\/producto\\\/filtro-glp-fase-liquida-reductor-at07-at09-tomasetto\\\/#local-main-organization-logo\"},\"image\":{\"@id\":\"https:\\\/\\\/recambiosecogas.com\\\/it\\\/producto\\\/filtro-glp-fase-liquida-reductor-at07-at09-tomasetto\\\/#local-main-organization-logo\"},\"sameAs\":[\"https:\\\/\\\/www.facebook.com\\\/profile.php?id=100062419705358\",\"https:\\\/\\\/www.instagram.com\\\/segimon_automocio\"],\"description\":\"Recambios EcoGas \u2013 Venta y distribuci\u00f3n de sistemas GLP y GNC en Espa\u00f1a y Portugal. Env\u00edos 24 h, soporte t\u00e9cnico a talleres y distribuidores.\",\"hasMerchantReturnPolicy\":{\"@type\":\"MerchantReturnPolicy\",\"merchantReturnLink\":\"https:\\\/\\\/recambiosecogas.com\\\/politicas-privacidad\\\/\"},\"address\":{\"@id\":\"https:\\\/\\\/recambiosecogas.com\\\/it\\\/producto\\\/filtro-glp-fase-liquida-reductor-at07-at09-tomasetto\\\/#local-main-place-address\"},\"telephone\":[\"616250633\"],\"contactPoint\":{\"@type\":\"ContactPoint\",\"email\":\"export@recambiosecogas.com\"},\"openingHoursSpecification\":[{\"@type\":\"OpeningHoursSpecification\",\"dayOfWeek\":[\"Monday\",\"Tuesday\",\"Wednesday\",\"Thursday\",\"Friday\",\"Saturday\",\"Sunday\"],\"opens\":\"09:00\",\"closes\":\"17:00\"}],\"email\":\"info@recambiosecogas.com\",\"faxNumber\":\"SEGIMON AUTOMOCION SL\",\"vatID\":\"ESB19819861\",\"globalLocationNumber\":\"938 616 339\"},{\"@type\":\"PostalAddress\",\"@id\":\"https:\\\/\\\/recambiosecogas.com\\\/it\\\/producto\\\/filtro-glp-fase-liquida-reductor-at07-at09-tomasetto\\\/#local-main-place-address\",\"streetAddress\":\"cami antic de vic, 29 (Nave 3), Pol\u00edgono Industrial Congost\",\"addressLocality\":\"CORRO D`AVALL\",\"postalCode\":\"08520\",\"addressRegion\":\"Barcelona\",\"addressCountry\":\"ES\"},{\"@type\":\"ImageObject\",\"inLanguage\":\"it-IT\",\"@id\":\"https:\\\/\\\/recambiosecogas.com\\\/it\\\/producto\\\/filtro-glp-fase-liquida-reductor-at07-at09-tomasetto\\\/#local-main-organization-logo\",\"url\":\"https:\\\/\\\/recambiosecogas.com\\\/wp-content\\\/uploads\\\/2024\\\/11\\\/cropped-RECAMBIOS-GLP-png.webp\",\"contentUrl\":\"https:\\\/\\\/recambiosecogas.com\\\/wp-content\\\/uploads\\\/2024\\\/11\\\/cropped-RECAMBIOS-GLP-png.webp\",\"width\":512,\"height\":512,\"caption\":\"Recambios EcoGas\"}]}<\/script>\n<meta property=\"product:brand\" content=\"EUROPEGAS\" \/>\n<meta property=\"product:price:amount\" content=\"4.55\" \/>\n<meta property=\"product:price:currency\" content=\"EUR\" \/>\n<meta property=\"og:availability\" content=\"backorder\" \/>\n<meta property=\"product:availability\" content=\"available for order\" \/>\n<meta property=\"product:retailer_item_id\" content=\"100234\" \/>\n<meta property=\"product:condition\" content=\"new\" \/>\n<meta name=\"geo.placename\" content=\"CORRO D`AVALL\" \/>\n<meta name=\"geo.region\" content=\"Spagna\" \/>\n<!-- \/ Yoast SEO Premium plugin. -->","yoast_head_json":{"title":"Filtro GLP fase l\u00edquida Reductor AT07 \/ AT09 TOMASETTO | Recambios EcoGas | Sistemas GLP y GNC","description":"Filtro GLP para reductor Tomasetto AT07\/AT09. Compatible con Shark, Atiker, Europegas y m\u00e1s. Medidas 22x35,5x16 mm.","robots":{"index":"index","follow":"follow","max-snippet":"max-snippet:-1","max-image-preview":"max-image-preview:large","max-video-preview":"max-video-preview:-1"},"canonical":"https:\/\/recambiosecogas.com\/it\/producto\/filtro-glp-fase-liquida-reductor-at07-at09-tomasetto\/","og_locale":"it_IT","og_type":"article","og_title":"Filtro GLP fase l\u00edquida Reductor AT07 \/ AT09 TOMASETTO","og_description":"Filtro GLP para reductor Tomasetto AT07\/AT09. Compatible con Shark, Atiker, Europegas y m\u00e1s. Medidas 22x35,5x16 mm.","og_url":"https:\/\/recambiosecogas.com\/it\/producto\/filtro-glp-fase-liquida-reductor-at07-at09-tomasetto\/","og_site_name":"Recambios EcoGas","article_publisher":"https:\/\/www.facebook.com\/profile.php?id=100062419705358","article_modified_time":"2026-04-27T08:27:38+00:00","og_image":[{"width":1000,"height":1000,"url":"https:\/\/recambiosecogas.com\/wp-content\/uploads\/2024\/12\/Cartucho-filtrante-para-reductores-Tomasetto-AT07-09-png.webp","type":"image\/png"}],"twitter_card":"summary_large_image","twitter_misc":{"Prezzo":"4,55&nbsp;&euro; (Sin IVA: 3,76&nbsp;&euro;)","Disponibilit\u00e0":"Su ordinazione"},"schema":{"@context":"https:\/\/schema.org","@graph":[{"@type":"WebPage","@id":"https:\/\/recambiosecogas.com\/it\/producto\/filtro-glp-fase-liquida-reductor-at07-at09-tomasetto\/","url":"https:\/\/recambiosecogas.com\/it\/producto\/filtro-glp-fase-liquida-reductor-at07-at09-tomasetto\/","name":"Filtro GLP fase l\u00edquida Reductor AT07 \/ AT09 TOMASETTO | Recambios EcoGas | Sistemas GLP y GNC","isPartOf":{"@id":"https:\/\/recambiosecogas.com\/it\/#website"},"primaryImageOfPage":{"@id":"https:\/\/recambiosecogas.com\/it\/producto\/filtro-glp-fase-liquida-reductor-at07-at09-tomasetto\/#primaryimage"},"image":{"@id":"https:\/\/recambiosecogas.com\/it\/producto\/filtro-glp-fase-liquida-reductor-at07-at09-tomasetto\/#primaryimage"},"thumbnailUrl":"https:\/\/recambiosecogas.com\/wp-content\/uploads\/2024\/12\/Cartucho-filtrante-para-reductores-Tomasetto-AT07-09-png.webp","datePublished":"2024-12-19T11:09:22+00:00","dateModified":"2026-04-27T08:27:38+00:00","description":"Filtro GLP para reductor Tomasetto AT07\/AT09. Compatible con Shark, Atiker, Europegas y m\u00e1s. Medidas 22x35,5x16 mm.","breadcrumb":{"@id":"https:\/\/recambiosecogas.com\/it\/producto\/filtro-glp-fase-liquida-reductor-at07-at09-tomasetto\/#breadcrumb"},"inLanguage":"it-IT","potentialAction":[{"@type":"ReadAction","target":["https:\/\/recambiosecogas.com\/it\/producto\/filtro-glp-fase-liquida-reductor-at07-at09-tomasetto\/"]}]},{"@type":"ImageObject","inLanguage":"it-IT","@id":"https:\/\/recambiosecogas.com\/it\/producto\/filtro-glp-fase-liquida-reductor-at07-at09-tomasetto\/#primaryimage","url":"https:\/\/recambiosecogas.com\/wp-content\/uploads\/2024\/12\/Cartucho-filtrante-para-reductores-Tomasetto-AT07-09-png.webp","contentUrl":"https:\/\/recambiosecogas.com\/wp-content\/uploads\/2024\/12\/Cartucho-filtrante-para-reductores-Tomasetto-AT07-09-png.webp","width":1000,"height":1000},{"@type":"BreadcrumbList","@id":"https:\/\/recambiosecogas.com\/it\/producto\/filtro-glp-fase-liquida-reductor-at07-at09-tomasetto\/#breadcrumb","itemListElement":[{"@type":"ListItem","position":1,"name":"Portada","item":"https:\/\/recambiosecogas.com\/it\/"},{"@type":"ListItem","position":2,"name":"Negozio","item":"https:\/\/recambiosecogas.com\/it\/?page_id=46382"},{"@type":"ListItem","position":3,"name":"Filtro GLP fase l\u00edquida Reductor AT07 \/ AT09 TOMASETTO"}]},{"@type":"WebSite","@id":"https:\/\/recambiosecogas.com\/it\/#website","url":"https:\/\/recambiosecogas.com\/it\/","name":"Recambios EcoGas","description":"Recambios Multimarca para sistemas de GLP\/GNC\/GNL\/Hidr\u00f3geno","publisher":{"@id":"https:\/\/recambiosecogas.com\/it\/#organization"},"alternateName":"Recambios Autogas GLP","potentialAction":[{"@type":"SearchAction","target":{"@type":"EntryPoint","urlTemplate":"https:\/\/recambiosecogas.com\/it\/?s={search_term_string}"},"query-input":{"@type":"PropertyValueSpecification","valueRequired":true,"valueName":"search_term_string"}}],"inLanguage":"it-IT"},{"@type":["Organization","Place"],"@id":"https:\/\/recambiosecogas.com\/it\/#organization","name":"Recambios EcoGas","alternateName":"Tienda Online GLP Espa\u00f1a","url":"https:\/\/recambiosecogas.com\/it\/","logo":{"@id":"https:\/\/recambiosecogas.com\/it\/producto\/filtro-glp-fase-liquida-reductor-at07-at09-tomasetto\/#local-main-organization-logo"},"image":{"@id":"https:\/\/recambiosecogas.com\/it\/producto\/filtro-glp-fase-liquida-reductor-at07-at09-tomasetto\/#local-main-organization-logo"},"sameAs":["https:\/\/www.facebook.com\/profile.php?id=100062419705358","https:\/\/www.instagram.com\/segimon_automocio"],"description":"Recambios EcoGas \u2013 Venta y distribuci\u00f3n de sistemas GLP y GNC en Espa\u00f1a y Portugal. Env\u00edos 24 h, soporte t\u00e9cnico a talleres y distribuidores.","hasMerchantReturnPolicy":{"@type":"MerchantReturnPolicy","merchantReturnLink":"https:\/\/recambiosecogas.com\/politicas-privacidad\/"},"address":{"@id":"https:\/\/recambiosecogas.com\/it\/producto\/filtro-glp-fase-liquida-reductor-at07-at09-tomasetto\/#local-main-place-address"},"telephone":["616250633"],"contactPoint":{"@type":"ContactPoint","email":"export@recambiosecogas.com"},"openingHoursSpecification":[{"@type":"OpeningHoursSpecification","dayOfWeek":["Monday","Tuesday","Wednesday","Thursday","Friday","Saturday","Sunday"],"opens":"09:00","closes":"17:00"}],"email":"info@recambiosecogas.com","faxNumber":"SEGIMON AUTOMOCION SL","vatID":"ESB19819861","globalLocationNumber":"938 616 339"},{"@type":"PostalAddress","@id":"https:\/\/recambiosecogas.com\/it\/producto\/filtro-glp-fase-liquida-reductor-at07-at09-tomasetto\/#local-main-place-address","streetAddress":"cami antic de vic, 29 (Nave 3), Pol\u00edgono Industrial Congost","addressLocality":"CORRO D`AVALL","postalCode":"08520","addressRegion":"Barcelona","addressCountry":"ES"},{"@type":"ImageObject","inLanguage":"it-IT","@id":"https:\/\/recambiosecogas.com\/it\/producto\/filtro-glp-fase-liquida-reductor-at07-at09-tomasetto\/#local-main-organization-logo","url":"https:\/\/recambiosecogas.com\/wp-content\/uploads\/2024\/11\/cropped-RECAMBIOS-GLP-png.webp","contentUrl":"https:\/\/recambiosecogas.com\/wp-content\/uploads\/2024\/11\/cropped-RECAMBIOS-GLP-png.webp","width":512,"height":512,"caption":"Recambios EcoGas"}]},"product_brand":"EUROPEGAS","product_price_amount":"4.55","product_price_currency":"EUR","og_availability":"backorder","product_availability":"available for order","product_retailer_item_id":"100234","product_condition":"new","geo.placename":"CORRO D`AVALL","geo.region":"Spagna"},"uagb_featured_image_src":{"full":["https:\/\/recambiosecogas.com\/wp-content\/uploads\/2024\/12\/Cartucho-filtrante-para-reductores-Tomasetto-AT07-09-png.webp",1000,1000,false],"thumbnail":["https:\/\/recambiosecogas.com\/wp-content\/uploads\/2024\/12\/Cartucho-filtrante-para-reductores-Tomasetto-AT07-09-150x150.webp",150,150,true],"medium":["https:\/\/recambiosecogas.com\/wp-content\/uploads\/2024\/12\/Cartucho-filtrante-para-reductores-Tomasetto-AT07-09-300x300.webp",300,300,true],"medium_large":["https:\/\/recambiosecogas.com\/wp-content\/uploads\/2024\/12\/Cartucho-filtrante-para-reductores-Tomasetto-AT07-09-768x768.webp",768,768,true],"large":["https:\/\/recambiosecogas.com\/wp-content\/uploads\/2024\/12\/Cartucho-filtrante-para-reductores-Tomasetto-AT07-09-png.webp",1000,1000,false],"1536x1536":["https:\/\/recambiosecogas.com\/wp-content\/uploads\/2024\/12\/Cartucho-filtrante-para-reductores-Tomasetto-AT07-09-png.webp",1000,1000,false],"2048x2048":["https:\/\/recambiosecogas.com\/wp-content\/uploads\/2024\/12\/Cartucho-filtrante-para-reductores-Tomasetto-AT07-09-png.webp",1000,1000,false],"woocommerce_archive_thumbnail":["https:\/\/recambiosecogas.com\/wp-content\/uploads\/2024\/12\/Cartucho-filtrante-para-reductores-Tomasetto-AT07-09-png.webp",1000,1000,false],"woocommerce_thumbnail":["https:\/\/recambiosecogas.com\/wp-content\/uploads\/2024\/12\/Cartucho-filtrante-para-reductores-Tomasetto-AT07-09-png-300x300.webp",300,300,true],"woocommerce_single":["https:\/\/recambiosecogas.com\/wp-content\/uploads\/2024\/12\/Cartucho-filtrante-para-reductores-Tomasetto-AT07-09-png.webp",1000,1000,false],"woocommerce_gallery_thumbnail":["https:\/\/recambiosecogas.com\/wp-content\/uploads\/2024\/12\/Cartucho-filtrante-para-reductores-Tomasetto-AT07-09-png.webp",1000,1000,false],"dgwt-wcas-product-suggestion":["https:\/\/recambiosecogas.com\/wp-content\/uploads\/2024\/12\/Cartucho-filtrante-para-reductores-Tomasetto-AT07-09-png-64x64.webp",64,64,true]},"uagb_author_info":{"display_name":"Fran - Soporte T\u00e9cnico","author_link":"https:\/\/recambiosecogas.com\/it\/author\/"},"uagb_comment_info":0,"uagb_excerpt":"Tomasetto achille","_links":{"self":[{"href":"https:\/\/recambiosecogas.com\/it\/wp-json\/wp\/v2\/product\/10575","targetHints":{"allow":["GET"]}}],"collection":[{"href":"https:\/\/recambiosecogas.com\/it\/wp-json\/wp\/v2\/product"}],"about":[{"href":"https:\/\/recambiosecogas.com\/it\/wp-json\/wp\/v2\/types\/product"}],"replies":[{"embeddable":true,"href":"https:\/\/recambiosecogas.com\/it\/wp-json\/wp\/v2\/comments?post=10575"}],"wp:featuredmedia":[{"embeddable":true,"href":"https:\/\/recambiosecogas.com\/it\/wp-json\/wp\/v2\/media\/11802"}],"wp:attachment":[{"href":"https:\/\/recambiosecogas.com\/it\/wp-json\/wp\/v2\/media?parent=10575"}],"wp:term":[{"taxonomy":"product_brand","embeddable":true,"href":"https:\/\/recambiosecogas.com\/it\/wp-json\/wp\/v2\/product_brand?post=10575"},{"taxonomy":"product_cat","embeddable":true,"href":"https:\/\/recambiosecogas.com\/it\/wp-json\/wp\/v2\/product_cat?post=10575"},{"taxonomy":"product_tag","embeddable":true,"href":"https:\/\/recambiosecogas.com\/it\/wp-json\/wp\/v2\/product_tag?post=10575"}],"curies":[{"name":"wp","href":"https:\/\/api.w.org\/{rel}","templated":true}]}}