{"id":10566,"date":"2024-12-19T12:09:20","date_gmt":"2024-12-19T11:09:20","guid":{"rendered":"https:\/\/recambiosecogas.com\/producto\/icom-bomba-de-combustible-adicional-para-sistemas-jtg-hp-88080000\/"},"modified":"2026-03-18T10:34:29","modified_gmt":"2026-03-18T09:34:29","slug":"icom-bomba-de-combustible-adicional-para-sistemas-jtg-hp-88080000","status":"publish","type":"product","link":"https:\/\/recambiosecogas.com\/it\/producto\/icom-bomba-de-combustible-adicional-para-sistemas-jtg-hp-88080000\/","title":{"rendered":"ICOM bomba de combustible adicional para sistemas JTG HP (88080000)"},"content":{"rendered":"<p>La bomba de combustible adicional ICOM JTG HP con referencia 88080000 es un componente esencial para sistemas de gas GLP, dise\u00f1ado para optimizar el rendimiento del sistema de inyecci\u00f3n de combustible en veh\u00edculos equipados con tecnolog\u00eda JTG HP.<\/p>\n<p>Esta bomba act\u00faa como un refuerzo en el suministro de combustible, asegurando un flujo constante y eficiente, lo que es crucial para el correcto funcionamiento del sistema de inyecci\u00f3n de gas. Su dise\u00f1o espec\u00edfico permite una integraci\u00f3n perfecta con los sistemas JTG, garantizando una operaci\u00f3n segura y efectiva.<\/p>\n<p>La instalaci\u00f3n de esta bomba es necesaria en situaciones donde se requiere un aumento en la presi\u00f3n de combustible, especialmente en veh\u00edculos que operan bajo condiciones exigentes o que han sido modificados para mejorar su rendimiento. Es compatible con sistemas de inyecci\u00f3n de gas GLP de tipo JTG HP, aunque se recomienda verificar la referencia original antes de realizar la compra.<\/p>\n<p>Sintomas de fallo:<br \/>\n* P\u00e9rdida de potencia en el motor<br \/>\n* Dificultad para arrancar el veh\u00edculo<br \/>\n* Ruidos inusuales provenientes de la bomba<\/p>\n<p>Compatibilidad<br \/>\nCompatible con veh\u00edculos equipados con sistema GLP JTG HP. Se recomienda verificar la referencia original antes de realizar la compra.<\/p>\n","protected":false},"excerpt":{"rendered":"<p>Bomba de combustible adicional ICOM para sistemas JTG HP. Mejora el rendimiento en veh\u00edculos con sistema GLP.<\/p>\n","protected":false},"featured_media":11790,"comment_status":"open","ping_status":"closed","template":"","meta":{"_uag_custom_page_level_css":""},"product_brand":[610],"product_cat":[294,121],"product_tag":[],"class_list":{"0":"post-10566","1":"product","2":"type-product","3":"status-publish","4":"has-post-thumbnail","6":"product_brand-icom","7":"product_cat-bombas-lpi","8":"product_cat-icom","10":"first","11":"onbackorder","12":"taxable","13":"shipping-taxable","14":"purchasable","15":"product-type-simple"},"ct_brands":[{"id":610,"name":"ICOM","slug":"icom"}],"yoast_head":"<!-- This site is optimized with the Yoast SEO Premium plugin v27.5 (Yoast SEO v27.5) - https:\/\/yoast.com\/product\/yoast-seo-premium-wordpress\/ -->\n<title>Bomba de combustible adicional ICOM JTG HP 88080000 | Recambios Ecogas<\/title>\n<meta name=\"description\" content=\"Bomba de combustible adicional ICOM para sistemas JTG HP. Ideal para mejorar el rendimiento en veh\u00edculos con sistema GLP.\" \/>\n<meta name=\"robots\" content=\"index, follow, max-snippet:-1, max-image-preview:large, max-video-preview:-1\" \/>\n<link rel=\"canonical\" href=\"https:\/\/recambiosecogas.com\/it\/producto\/icom-bomba-de-combustible-adicional-para-sistemas-jtg-hp-88080000\/\" \/>\n<meta property=\"og:locale\" content=\"it_IT\" \/>\n<meta property=\"og:type\" content=\"article\" \/>\n<meta property=\"og:title\" content=\"ICOM bomba de combustible adicional para sistemas JTG HP (88080000)\" \/>\n<meta property=\"og:description\" content=\"Bomba de combustible adicional ICOM para sistemas JTG HP. Ideal para mejorar el rendimiento en veh\u00edculos con sistema GLP.\" \/>\n<meta property=\"og:url\" content=\"https:\/\/recambiosecogas.com\/it\/producto\/icom-bomba-de-combustible-adicional-para-sistemas-jtg-hp-88080000\/\" \/>\n<meta property=\"og:site_name\" content=\"Recambios EcoGas\" \/>\n<meta property=\"article:publisher\" content=\"https:\/\/www.facebook.com\/profile.php?id=100062419705358\" \/>\n<meta property=\"article:modified_time\" content=\"2026-03-18T09:34:29+00:00\" \/>\n<meta property=\"og:image\" content=\"https:\/\/recambiosecogas.com\/wp-content\/uploads\/2024\/12\/Bomba-de-combustible-adicional-ICOM-para-sistemas-JTG-HP-88080000-png.webp\" \/>\n\t<meta property=\"og:image:width\" content=\"1000\" \/>\n\t<meta property=\"og:image:height\" content=\"1000\" \/>\n\t<meta property=\"og:image:type\" content=\"image\/png\" \/>\n<meta name=\"twitter:card\" content=\"summary_large_image\" \/>\n<meta name=\"twitter:label1\" content=\"Prezzo\" \/>\n\t<meta name=\"twitter:data1\" content=\"584,96&nbsp;&euro; (Sin IVA: 483,43&nbsp;&euro;)\" \/>\n\t<meta name=\"twitter:label2\" content=\"Disponibilit\u00e0\" \/>\n\t<meta name=\"twitter:data2\" content=\"Su ordinazione\" \/>\n<script type=\"application\/ld+json\" class=\"yoast-schema-graph\">{\"@context\":\"https:\\\/\\\/schema.org\",\"@graph\":[{\"@type\":\"WebPage\",\"@id\":\"https:\\\/\\\/recambiosecogas.com\\\/it\\\/producto\\\/icom-bomba-de-combustible-adicional-para-sistemas-jtg-hp-88080000\\\/\",\"url\":\"https:\\\/\\\/recambiosecogas.com\\\/it\\\/producto\\\/icom-bomba-de-combustible-adicional-para-sistemas-jtg-hp-88080000\\\/\",\"name\":\"Bomba de combustible adicional ICOM JTG HP 88080000 | Recambios Ecogas\",\"isPartOf\":{\"@id\":\"https:\\\/\\\/recambiosecogas.com\\\/it\\\/#website\"},\"primaryImageOfPage\":{\"@id\":\"https:\\\/\\\/recambiosecogas.com\\\/it\\\/producto\\\/icom-bomba-de-combustible-adicional-para-sistemas-jtg-hp-88080000\\\/#primaryimage\"},\"image\":{\"@id\":\"https:\\\/\\\/recambiosecogas.com\\\/it\\\/producto\\\/icom-bomba-de-combustible-adicional-para-sistemas-jtg-hp-88080000\\\/#primaryimage\"},\"thumbnailUrl\":\"https:\\\/\\\/recambiosecogas.com\\\/wp-content\\\/uploads\\\/2024\\\/12\\\/Bomba-de-combustible-adicional-ICOM-para-sistemas-JTG-HP-88080000-png.webp\",\"datePublished\":\"2024-12-19T11:09:20+00:00\",\"dateModified\":\"2026-03-18T09:34:29+00:00\",\"description\":\"Bomba de combustible adicional ICOM para sistemas JTG HP. Ideal para mejorar el rendimiento en veh\u00edculos con sistema GLP.\",\"breadcrumb\":{\"@id\":\"https:\\\/\\\/recambiosecogas.com\\\/it\\\/producto\\\/icom-bomba-de-combustible-adicional-para-sistemas-jtg-hp-88080000\\\/#breadcrumb\"},\"inLanguage\":\"it-IT\",\"potentialAction\":[{\"@type\":\"ReadAction\",\"target\":[\"https:\\\/\\\/recambiosecogas.com\\\/it\\\/producto\\\/icom-bomba-de-combustible-adicional-para-sistemas-jtg-hp-88080000\\\/\"]}]},{\"@type\":\"ImageObject\",\"inLanguage\":\"it-IT\",\"@id\":\"https:\\\/\\\/recambiosecogas.com\\\/it\\\/producto\\\/icom-bomba-de-combustible-adicional-para-sistemas-jtg-hp-88080000\\\/#primaryimage\",\"url\":\"https:\\\/\\\/recambiosecogas.com\\\/wp-content\\\/uploads\\\/2024\\\/12\\\/Bomba-de-combustible-adicional-ICOM-para-sistemas-JTG-HP-88080000-png.webp\",\"contentUrl\":\"https:\\\/\\\/recambiosecogas.com\\\/wp-content\\\/uploads\\\/2024\\\/12\\\/Bomba-de-combustible-adicional-ICOM-para-sistemas-JTG-HP-88080000-png.webp\",\"width\":1000,\"height\":1000},{\"@type\":\"BreadcrumbList\",\"@id\":\"https:\\\/\\\/recambiosecogas.com\\\/it\\\/producto\\\/icom-bomba-de-combustible-adicional-para-sistemas-jtg-hp-88080000\\\/#breadcrumb\",\"itemListElement\":[{\"@type\":\"ListItem\",\"position\":1,\"name\":\"Portada\",\"item\":\"https:\\\/\\\/recambiosecogas.com\\\/it\\\/\"},{\"@type\":\"ListItem\",\"position\":2,\"name\":\"Negozio\",\"item\":\"https:\\\/\\\/recambiosecogas.com\\\/it\\\/?page_id=46382\"},{\"@type\":\"ListItem\",\"position\":3,\"name\":\"ICOM bomba de combustible adicional para sistemas JTG HP (88080000)\"}]},{\"@type\":\"WebSite\",\"@id\":\"https:\\\/\\\/recambiosecogas.com\\\/it\\\/#website\",\"url\":\"https:\\\/\\\/recambiosecogas.com\\\/it\\\/\",\"name\":\"Recambios EcoGas\",\"description\":\"Recambios Multimarca para sistemas de GLP\\\/GNC\\\/GNL\\\/Hidr\u00f3geno\",\"publisher\":{\"@id\":\"https:\\\/\\\/recambiosecogas.com\\\/it\\\/#organization\"},\"alternateName\":\"Recambios Autogas GLP\",\"potentialAction\":[{\"@type\":\"SearchAction\",\"target\":{\"@type\":\"EntryPoint\",\"urlTemplate\":\"https:\\\/\\\/recambiosecogas.com\\\/it\\\/?s={search_term_string}\"},\"query-input\":{\"@type\":\"PropertyValueSpecification\",\"valueRequired\":true,\"valueName\":\"search_term_string\"}}],\"inLanguage\":\"it-IT\"},{\"@type\":[\"Organization\",\"Place\"],\"@id\":\"https:\\\/\\\/recambiosecogas.com\\\/it\\\/#organization\",\"name\":\"Recambios EcoGas\",\"alternateName\":\"Tienda Online GLP Espa\u00f1a\",\"url\":\"https:\\\/\\\/recambiosecogas.com\\\/it\\\/\",\"logo\":{\"@id\":\"https:\\\/\\\/recambiosecogas.com\\\/it\\\/producto\\\/icom-bomba-de-combustible-adicional-para-sistemas-jtg-hp-88080000\\\/#local-main-organization-logo\"},\"image\":{\"@id\":\"https:\\\/\\\/recambiosecogas.com\\\/it\\\/producto\\\/icom-bomba-de-combustible-adicional-para-sistemas-jtg-hp-88080000\\\/#local-main-organization-logo\"},\"sameAs\":[\"https:\\\/\\\/www.facebook.com\\\/profile.php?id=100062419705358\",\"https:\\\/\\\/www.instagram.com\\\/segimon_automocio\"],\"description\":\"Recambios EcoGas \u2013 Venta y distribuci\u00f3n de sistemas GLP y GNC en Espa\u00f1a y Portugal. Env\u00edos 24 h, soporte t\u00e9cnico a talleres y distribuidores.\",\"hasMerchantReturnPolicy\":{\"@type\":\"MerchantReturnPolicy\",\"merchantReturnLink\":\"https:\\\/\\\/recambiosecogas.com\\\/politicas-privacidad\\\/\"},\"address\":{\"@id\":\"https:\\\/\\\/recambiosecogas.com\\\/it\\\/producto\\\/icom-bomba-de-combustible-adicional-para-sistemas-jtg-hp-88080000\\\/#local-main-place-address\"},\"telephone\":[\"616250633\"],\"contactPoint\":{\"@type\":\"ContactPoint\",\"email\":\"export@recambiosecogas.com\"},\"openingHoursSpecification\":[{\"@type\":\"OpeningHoursSpecification\",\"dayOfWeek\":[\"Monday\",\"Tuesday\",\"Wednesday\",\"Thursday\",\"Friday\",\"Saturday\",\"Sunday\"],\"opens\":\"09:00\",\"closes\":\"17:00\"}],\"email\":\"info@recambiosecogas.com\",\"faxNumber\":\"SEGIMON AUTOMOCION SL\",\"vatID\":\"ESB19819861\",\"globalLocationNumber\":\"938 616 339\"},{\"@type\":\"PostalAddress\",\"@id\":\"https:\\\/\\\/recambiosecogas.com\\\/it\\\/producto\\\/icom-bomba-de-combustible-adicional-para-sistemas-jtg-hp-88080000\\\/#local-main-place-address\",\"streetAddress\":\"cami antic de vic, 29 (Nave 3), Pol\u00edgono Industrial Congost\",\"addressLocality\":\"CORRO D`AVALL\",\"postalCode\":\"08520\",\"addressRegion\":\"Barcelona\",\"addressCountry\":\"ES\"},{\"@type\":\"ImageObject\",\"inLanguage\":\"it-IT\",\"@id\":\"https:\\\/\\\/recambiosecogas.com\\\/it\\\/producto\\\/icom-bomba-de-combustible-adicional-para-sistemas-jtg-hp-88080000\\\/#local-main-organization-logo\",\"url\":\"https:\\\/\\\/recambiosecogas.com\\\/wp-content\\\/uploads\\\/2024\\\/11\\\/cropped-RECAMBIOS-GLP-png.webp\",\"contentUrl\":\"https:\\\/\\\/recambiosecogas.com\\\/wp-content\\\/uploads\\\/2024\\\/11\\\/cropped-RECAMBIOS-GLP-png.webp\",\"width\":512,\"height\":512,\"caption\":\"Recambios EcoGas\"}]}<\/script>\n<meta property=\"product:brand\" content=\"ICOM\" \/>\n<meta property=\"product:price:amount\" content=\"584.96\" \/>\n<meta property=\"product:price:currency\" content=\"EUR\" \/>\n<meta property=\"og:availability\" content=\"backorder\" \/>\n<meta property=\"product:availability\" content=\"available for order\" \/>\n<meta property=\"product:retailer_item_id\" content=\"108089A\" \/>\n<meta property=\"product:condition\" content=\"new\" \/>\n<meta name=\"geo.placename\" content=\"CORRO D`AVALL\" \/>\n<meta name=\"geo.region\" content=\"Spagna\" \/>\n<!-- \/ Yoast SEO Premium plugin. -->","yoast_head_json":{"title":"Bomba de combustible adicional ICOM JTG HP 88080000 | Recambios Ecogas","description":"Bomba de combustible adicional ICOM para sistemas JTG HP. Ideal para mejorar el rendimiento en veh\u00edculos con sistema GLP.","robots":{"index":"index","follow":"follow","max-snippet":"max-snippet:-1","max-image-preview":"max-image-preview:large","max-video-preview":"max-video-preview:-1"},"canonical":"https:\/\/recambiosecogas.com\/it\/producto\/icom-bomba-de-combustible-adicional-para-sistemas-jtg-hp-88080000\/","og_locale":"it_IT","og_type":"article","og_title":"ICOM bomba de combustible adicional para sistemas JTG HP (88080000)","og_description":"Bomba de combustible adicional ICOM para sistemas JTG HP. Ideal para mejorar el rendimiento en veh\u00edculos con sistema GLP.","og_url":"https:\/\/recambiosecogas.com\/it\/producto\/icom-bomba-de-combustible-adicional-para-sistemas-jtg-hp-88080000\/","og_site_name":"Recambios EcoGas","article_publisher":"https:\/\/www.facebook.com\/profile.php?id=100062419705358","article_modified_time":"2026-03-18T09:34:29+00:00","og_image":[{"width":1000,"height":1000,"url":"https:\/\/recambiosecogas.com\/wp-content\/uploads\/2024\/12\/Bomba-de-combustible-adicional-ICOM-para-sistemas-JTG-HP-88080000-png.webp","type":"image\/png"}],"twitter_card":"summary_large_image","twitter_misc":{"Prezzo":"584,96&nbsp;&euro; (Sin IVA: 483,43&nbsp;&euro;)","Disponibilit\u00e0":"Su ordinazione"},"schema":{"@context":"https:\/\/schema.org","@graph":[{"@type":"WebPage","@id":"https:\/\/recambiosecogas.com\/it\/producto\/icom-bomba-de-combustible-adicional-para-sistemas-jtg-hp-88080000\/","url":"https:\/\/recambiosecogas.com\/it\/producto\/icom-bomba-de-combustible-adicional-para-sistemas-jtg-hp-88080000\/","name":"Bomba de combustible adicional ICOM JTG HP 88080000 | Recambios Ecogas","isPartOf":{"@id":"https:\/\/recambiosecogas.com\/it\/#website"},"primaryImageOfPage":{"@id":"https:\/\/recambiosecogas.com\/it\/producto\/icom-bomba-de-combustible-adicional-para-sistemas-jtg-hp-88080000\/#primaryimage"},"image":{"@id":"https:\/\/recambiosecogas.com\/it\/producto\/icom-bomba-de-combustible-adicional-para-sistemas-jtg-hp-88080000\/#primaryimage"},"thumbnailUrl":"https:\/\/recambiosecogas.com\/wp-content\/uploads\/2024\/12\/Bomba-de-combustible-adicional-ICOM-para-sistemas-JTG-HP-88080000-png.webp","datePublished":"2024-12-19T11:09:20+00:00","dateModified":"2026-03-18T09:34:29+00:00","description":"Bomba de combustible adicional ICOM para sistemas JTG HP. Ideal para mejorar el rendimiento en veh\u00edculos con sistema GLP.","breadcrumb":{"@id":"https:\/\/recambiosecogas.com\/it\/producto\/icom-bomba-de-combustible-adicional-para-sistemas-jtg-hp-88080000\/#breadcrumb"},"inLanguage":"it-IT","potentialAction":[{"@type":"ReadAction","target":["https:\/\/recambiosecogas.com\/it\/producto\/icom-bomba-de-combustible-adicional-para-sistemas-jtg-hp-88080000\/"]}]},{"@type":"ImageObject","inLanguage":"it-IT","@id":"https:\/\/recambiosecogas.com\/it\/producto\/icom-bomba-de-combustible-adicional-para-sistemas-jtg-hp-88080000\/#primaryimage","url":"https:\/\/recambiosecogas.com\/wp-content\/uploads\/2024\/12\/Bomba-de-combustible-adicional-ICOM-para-sistemas-JTG-HP-88080000-png.webp","contentUrl":"https:\/\/recambiosecogas.com\/wp-content\/uploads\/2024\/12\/Bomba-de-combustible-adicional-ICOM-para-sistemas-JTG-HP-88080000-png.webp","width":1000,"height":1000},{"@type":"BreadcrumbList","@id":"https:\/\/recambiosecogas.com\/it\/producto\/icom-bomba-de-combustible-adicional-para-sistemas-jtg-hp-88080000\/#breadcrumb","itemListElement":[{"@type":"ListItem","position":1,"name":"Portada","item":"https:\/\/recambiosecogas.com\/it\/"},{"@type":"ListItem","position":2,"name":"Negozio","item":"https:\/\/recambiosecogas.com\/it\/?page_id=46382"},{"@type":"ListItem","position":3,"name":"ICOM bomba de combustible adicional para sistemas JTG HP (88080000)"}]},{"@type":"WebSite","@id":"https:\/\/recambiosecogas.com\/it\/#website","url":"https:\/\/recambiosecogas.com\/it\/","name":"Recambios EcoGas","description":"Recambios Multimarca para sistemas de GLP\/GNC\/GNL\/Hidr\u00f3geno","publisher":{"@id":"https:\/\/recambiosecogas.com\/it\/#organization"},"alternateName":"Recambios Autogas GLP","potentialAction":[{"@type":"SearchAction","target":{"@type":"EntryPoint","urlTemplate":"https:\/\/recambiosecogas.com\/it\/?s={search_term_string}"},"query-input":{"@type":"PropertyValueSpecification","valueRequired":true,"valueName":"search_term_string"}}],"inLanguage":"it-IT"},{"@type":["Organization","Place"],"@id":"https:\/\/recambiosecogas.com\/it\/#organization","name":"Recambios EcoGas","alternateName":"Tienda Online GLP Espa\u00f1a","url":"https:\/\/recambiosecogas.com\/it\/","logo":{"@id":"https:\/\/recambiosecogas.com\/it\/producto\/icom-bomba-de-combustible-adicional-para-sistemas-jtg-hp-88080000\/#local-main-organization-logo"},"image":{"@id":"https:\/\/recambiosecogas.com\/it\/producto\/icom-bomba-de-combustible-adicional-para-sistemas-jtg-hp-88080000\/#local-main-organization-logo"},"sameAs":["https:\/\/www.facebook.com\/profile.php?id=100062419705358","https:\/\/www.instagram.com\/segimon_automocio"],"description":"Recambios EcoGas \u2013 Venta y distribuci\u00f3n de sistemas GLP y GNC en Espa\u00f1a y Portugal. Env\u00edos 24 h, soporte t\u00e9cnico a talleres y distribuidores.","hasMerchantReturnPolicy":{"@type":"MerchantReturnPolicy","merchantReturnLink":"https:\/\/recambiosecogas.com\/politicas-privacidad\/"},"address":{"@id":"https:\/\/recambiosecogas.com\/it\/producto\/icom-bomba-de-combustible-adicional-para-sistemas-jtg-hp-88080000\/#local-main-place-address"},"telephone":["616250633"],"contactPoint":{"@type":"ContactPoint","email":"export@recambiosecogas.com"},"openingHoursSpecification":[{"@type":"OpeningHoursSpecification","dayOfWeek":["Monday","Tuesday","Wednesday","Thursday","Friday","Saturday","Sunday"],"opens":"09:00","closes":"17:00"}],"email":"info@recambiosecogas.com","faxNumber":"SEGIMON AUTOMOCION SL","vatID":"ESB19819861","globalLocationNumber":"938 616 339"},{"@type":"PostalAddress","@id":"https:\/\/recambiosecogas.com\/it\/producto\/icom-bomba-de-combustible-adicional-para-sistemas-jtg-hp-88080000\/#local-main-place-address","streetAddress":"cami antic de vic, 29 (Nave 3), Pol\u00edgono Industrial Congost","addressLocality":"CORRO D`AVALL","postalCode":"08520","addressRegion":"Barcelona","addressCountry":"ES"},{"@type":"ImageObject","inLanguage":"it-IT","@id":"https:\/\/recambiosecogas.com\/it\/producto\/icom-bomba-de-combustible-adicional-para-sistemas-jtg-hp-88080000\/#local-main-organization-logo","url":"https:\/\/recambiosecogas.com\/wp-content\/uploads\/2024\/11\/cropped-RECAMBIOS-GLP-png.webp","contentUrl":"https:\/\/recambiosecogas.com\/wp-content\/uploads\/2024\/11\/cropped-RECAMBIOS-GLP-png.webp","width":512,"height":512,"caption":"Recambios EcoGas"}]},"product_brand":"ICOM","product_price_amount":"584.96","product_price_currency":"EUR","og_availability":"backorder","product_availability":"available for order","product_retailer_item_id":"108089A","product_condition":"new","geo.placename":"CORRO D`AVALL","geo.region":"Spagna"},"uagb_featured_image_src":{"full":["https:\/\/recambiosecogas.com\/wp-content\/uploads\/2024\/12\/Bomba-de-combustible-adicional-ICOM-para-sistemas-JTG-HP-88080000-png.webp",1000,1000,false],"thumbnail":["https:\/\/recambiosecogas.com\/wp-content\/uploads\/2024\/12\/Bomba-de-combustible-adicional-ICOM-para-sistemas-JTG-HP-88080000-150x150.webp",150,150,true],"medium":["https:\/\/recambiosecogas.com\/wp-content\/uploads\/2024\/12\/Bomba-de-combustible-adicional-ICOM-para-sistemas-JTG-HP-88080000-300x300.webp",300,300,true],"medium_large":["https:\/\/recambiosecogas.com\/wp-content\/uploads\/2024\/12\/Bomba-de-combustible-adicional-ICOM-para-sistemas-JTG-HP-88080000-768x768.webp",768,768,true],"large":["https:\/\/recambiosecogas.com\/wp-content\/uploads\/2024\/12\/Bomba-de-combustible-adicional-ICOM-para-sistemas-JTG-HP-88080000-png.webp",1000,1000,false],"1536x1536":["https:\/\/recambiosecogas.com\/wp-content\/uploads\/2024\/12\/Bomba-de-combustible-adicional-ICOM-para-sistemas-JTG-HP-88080000-png.webp",1000,1000,false],"2048x2048":["https:\/\/recambiosecogas.com\/wp-content\/uploads\/2024\/12\/Bomba-de-combustible-adicional-ICOM-para-sistemas-JTG-HP-88080000-png.webp",1000,1000,false],"woocommerce_archive_thumbnail":["https:\/\/recambiosecogas.com\/wp-content\/uploads\/2024\/12\/Bomba-de-combustible-adicional-ICOM-para-sistemas-JTG-HP-88080000-png.webp",1000,1000,false],"woocommerce_thumbnail":["https:\/\/recambiosecogas.com\/wp-content\/uploads\/2024\/12\/Bomba-de-combustible-adicional-ICOM-para-sistemas-JTG-HP-88080000-png-300x300.webp",300,300,true],"woocommerce_single":["https:\/\/recambiosecogas.com\/wp-content\/uploads\/2024\/12\/Bomba-de-combustible-adicional-ICOM-para-sistemas-JTG-HP-88080000-png.webp",1000,1000,false],"woocommerce_gallery_thumbnail":["https:\/\/recambiosecogas.com\/wp-content\/uploads\/2024\/12\/Bomba-de-combustible-adicional-ICOM-para-sistemas-JTG-HP-88080000-png.webp",1000,1000,false],"dgwt-wcas-product-suggestion":["https:\/\/recambiosecogas.com\/wp-content\/uploads\/2024\/12\/Bomba-de-combustible-adicional-ICOM-para-sistemas-JTG-HP-88080000-png-64x64.webp",64,64,true]},"uagb_author_info":{"display_name":"Fran - Soporte T\u00e9cnico","author_link":"https:\/\/recambiosecogas.com\/it\/author\/"},"uagb_comment_info":0,"uagb_excerpt":"Bomba de combustible adicional ICOM para sistemas JTG HP. Mejora el rendimiento en veh\u00edculos con sistema GLP.","_links":{"self":[{"href":"https:\/\/recambiosecogas.com\/it\/wp-json\/wp\/v2\/product\/10566","targetHints":{"allow":["GET"]}}],"collection":[{"href":"https:\/\/recambiosecogas.com\/it\/wp-json\/wp\/v2\/product"}],"about":[{"href":"https:\/\/recambiosecogas.com\/it\/wp-json\/wp\/v2\/types\/product"}],"replies":[{"embeddable":true,"href":"https:\/\/recambiosecogas.com\/it\/wp-json\/wp\/v2\/comments?post=10566"}],"wp:featuredmedia":[{"embeddable":true,"href":"https:\/\/recambiosecogas.com\/it\/wp-json\/wp\/v2\/media\/11790"}],"wp:attachment":[{"href":"https:\/\/recambiosecogas.com\/it\/wp-json\/wp\/v2\/media?parent=10566"}],"wp:term":[{"taxonomy":"product_brand","embeddable":true,"href":"https:\/\/recambiosecogas.com\/it\/wp-json\/wp\/v2\/product_brand?post=10566"},{"taxonomy":"product_cat","embeddable":true,"href":"https:\/\/recambiosecogas.com\/it\/wp-json\/wp\/v2\/product_cat?post=10566"},{"taxonomy":"product_tag","embeddable":true,"href":"https:\/\/recambiosecogas.com\/it\/wp-json\/wp\/v2\/product_tag?post=10566"}],"curies":[{"name":"wp","href":"https:\/\/api.w.org\/{rel}","templated":true}]}}