{"id":40958,"date":"2025-04-08T16:26:18","date_gmt":"2025-04-08T15:26:18","guid":{"rendered":"https:\/\/recambiosecogas.com\/producto\/pro-tec-lpg-protetor-de-valvula-psc-gpl-p1921\/"},"modified":"2026-03-23T10:28:34","modified_gmt":"2026-03-23T09:28:34","slug":"pro-tec-glp-protector-de-valvulas-psc-lpg-p1921","status":"publish","type":"product","link":"https:\/\/recambiosecogas.com\/pt-pt\/produto\/pro-tec-glp-protector-de-valvulas-psc-lpg-p1921\/","title":{"rendered":"PRO-TEC GLP Protector de V\u00e1lvulas | PSC-LPG P1921"},"content":{"rendered":"<h2 class=\"\" style=\"text-align: center;\" data-start=\"118\" data-end=\"253\"><strong data-start=\"121\" data-end=\"253\">PRO-TEC GLP Protector de V\u00e1lvulas | PSC-LPG P1921<\/strong><\/h2>\n<p class=\"\" data-start=\"255\" data-end=\"676\">El <strong data-start=\"258\" data-end=\"295\">PRO-TEC Petrol System Cleaner LPG<\/strong> es un aditivo t\u00e9cnico de alto rendimiento desarrollado especialmente para <strong data-start=\"370\" data-end=\"404\">veh\u00edculos con sistemas Bi-Fuel<\/strong> que utilizan tanto <strong data-start=\"424\" data-end=\"472\">gasolina como GLP (gas licuado del petr\u00f3leo)<\/strong>. Su funci\u00f3n principal es <strong data-start=\"498\" data-end=\"559\">limpiar y proteger el sistema de alimentaci\u00f3n de gasolina<\/strong>, garantizando un rendimiento \u00f3ptimo y una mayor durabilidad del motor, especialmente en veh\u00edculos convertidos a GLP. <span style=\"color: #ffffff;\">\u00a9RecambiosEcoGas<\/span><\/p>\n<p class=\"\" data-start=\"678\" data-end=\"1087\">Este tratamiento<em><span style=\"color: #000000;\"> <strong>se aplica directamente en el dep\u00f3sito de gasolina<\/strong><\/span><\/em>, donde act\u00faa sobre v\u00e1lvulas, conductos de inyecci\u00f3n y c\u00e1maras de combusti\u00f3n, <strong data-start=\"826\" data-end=\"910\">eliminando dep\u00f3sitos, humedad y residuos derivados del uso mixto de combustibles<\/strong>. Gracias a su <strong data-start=\"925\" data-end=\"949\">formulaci\u00f3n avanzada<\/strong>, previene el desgaste prematuro, la corrosi\u00f3n interna y la formaci\u00f3n de residuos que pueden comprometer el sistema a medio o largo plazo. <span style=\"color: #ffffff;\">\u00a9RecambiosEcoGas<\/span><\/p>\n<p class=\"\" data-start=\"1089\" data-end=\"1506\">El uso regular de PRO-TEC LPG Petrol System Cleaner ayuda a <strong data-start=\"1149\" data-end=\"1182\">mantener limpias las v\u00e1lvulas<\/strong>, evita el picado t\u00edpico en veh\u00edculos GLP, disuelve residuos acumulados, y <strong data-start=\"1257\" data-end=\"1303\">lubrica los componentes cr\u00edticos del motor<\/strong>, mejorando el rendimiento y reduciendo emisiones. Tambi\u00e9n protege la gasolina almacenada frente al envejecimiento, ideal en veh\u00edculos que operan habitualmente con gas y utilizan gasolina ocasionalmente. <span style=\"color: #ffffff;\">\u00a9RecambiosEcoGas<\/span><\/p>\n<p class=\"\" data-start=\"1508\" data-end=\"1734\">Este producto est\u00e1 recomendado para su uso cada <strong data-start=\"1556\" data-end=\"1571\">3 o 4 meses<\/strong>, o cada <strong data-start=\"1580\" data-end=\"1593\">10.000 km<\/strong>, y puede utilizarse en conjunto con <strong data-start=\"1630\" data-end=\"1668\">PRO-TEC LPG System Clean &amp; Protect<\/strong> para una limpieza integral del sistema completo (gas y gasolina). <span style=\"color: #ffffff;\">\u00a9RecambiosEcoGas<\/span><\/p>\n<hr class=\"\" data-start=\"1736\" data-end=\"1739\" \/>\n<h4 data-start=\"1741\" data-end=\"1793\"><strong data-start=\"1745\" data-end=\"1793\">Caracter\u00edsticas T\u00e9cnicas<\/strong><\/h4>\n<div class=\"overflow-x-auto bg-no-repeat contain-inline-size\">\n<table data-start=\"1795\" data-end=\"3004\">\n<thead data-start=\"1795\" data-end=\"1896\">\n<tr data-start=\"1795\" data-end=\"1896\">\n<th data-start=\"1795\" data-end=\"1831\"><strong data-start=\"1797\" data-end=\"1815\">Especificaci\u00f3n<\/strong><\/th>\n<th data-start=\"1831\" data-end=\"1896\"><strong data-start=\"1833\" data-end=\"1844\">Detalle<\/strong><\/th>\n<\/tr>\n<\/thead>\n<tbody data-start=\"1998\" data-end=\"3004\">\n<tr data-start=\"1998\" data-end=\"2097\">\n<td><strong data-start=\"2000\" data-end=\"2012\">Producto<\/strong><\/td>\n<td>Limpiador de sistema gasolina para veh\u00edculos GLP Bi-Fuel<\/td>\n<\/tr>\n<tr data-start=\"2098\" data-end=\"2197\">\n<td><strong data-start=\"2100\" data-end=\"2114\">Referencia<\/strong><\/td>\n<td>01921 <span style=\"color: #ffffff;\">\u00a9RecambiosEcoGas<\/span><\/td>\n<\/tr>\n<tr data-start=\"2198\" data-end=\"2297\">\n<td><strong data-start=\"2200\" data-end=\"2213\">Capacidad<\/strong><\/td>\n<td>375 ml <span style=\"color: #ffffff;\">\u00a9RecambiosEcoGas<\/span><\/td>\n<\/tr>\n<tr data-start=\"2298\" data-end=\"2397\">\n<td><strong data-start=\"2300\" data-end=\"2318\">Compatibilidad<\/strong><\/td>\n<td>Motores GLP + gasolina \/ Bi-Fuel <span style=\"color: #ffffff;\">\u00a9RecambiosEcoGas<\/span><\/td>\n<\/tr>\n<tr data-start=\"2398\" data-end=\"2497\">\n<td><strong data-start=\"2400\" data-end=\"2414\">Aplicaci\u00f3n<\/strong><\/td>\n<td>Dep\u00f3sito de gasolina <span style=\"color: #ffffff;\">\u00a9RecambiosEcoGas<\/span><\/td>\n<\/tr>\n<tr data-start=\"2498\" data-end=\"2597\">\n<td><strong data-start=\"2500\" data-end=\"2521\">Frecuencia de uso<\/strong><\/td>\n<td>Cada 3-4 meses o 10.000 km <span style=\"color: #ffffff;\">\u00a9RecambiosEcoGas<\/span><\/td>\n<\/tr>\n<tr data-start=\"2598\" data-end=\"2697\">\n<td><strong data-start=\"2600\" data-end=\"2627\">Tratamiento recomendado<\/strong><\/td>\n<td>Hasta 80 litros de gasolina <span style=\"color: #ffffff;\">\u00a9RecambiosEcoGas<\/span><\/td>\n<\/tr>\n<tr data-start=\"2698\" data-end=\"2797\">\n<td><strong data-start=\"2700\" data-end=\"2720\">Acci\u00f3n adicional<\/strong><\/td>\n<td>Protecci\u00f3n de v\u00e1lvulas, eliminaci\u00f3n de agua, limpieza interna<\/td>\n<\/tr>\n<tr data-start=\"2798\" data-end=\"2904\">\n<td><strong data-start=\"2800\" data-end=\"2814\">Prevenci\u00f3n<\/strong><\/td>\n<td>Evita desgaste, picado de v\u00e1lvulas y envejecimiento del combustible<\/td>\n<\/tr>\n<tr data-start=\"2905\" data-end=\"3004\">\n<td><strong data-start=\"2907\" data-end=\"2921\">Fabricante<\/strong><\/td>\n<td>PRO-TEC<\/td>\n<\/tr>\n<\/tbody>\n<\/table>\n<\/div>\n<p><a href=\"https:\/\/recambiosecogas.com\/pt-pt\/categoria-produto\/aditivos-pt-pt\/liquido-de-protecao-das-valvulas\/\">CONSIGUE MAS ADITIVOS Y PROTECTORES DE VALVULAS GLP AQU\u00cd<\/a><br \/>\n<a href=\"https:\/\/segimonautomocio.com\/gas-glp\/convertir-coche-a-gas-glp-en-barcelona\/\">HAZ LA CONVERSION A GLP EN NUESTRO TALLER<\/a><\/p>\n","protected":false},"excerpt":{"rendered":"<p>PRO-TEC GLP Protector de V\u00e1lvulas | PSC-LPG P1921 El PRO-TEC Petrol System Cleaner LPG es un aditivo t\u00e9cnico de alto rendimiento desarrollado especialmente para veh\u00edculos con sistemas Bi-Fuel que utilizan tanto gasolina como GLP (gas licuado del petr\u00f3leo). Su funci\u00f3n principal es limpiar y proteger el sistema de alimentaci\u00f3n de gasolina, garantizando un rendimiento \u00f3ptimo [&hellip;]<\/p>\n","protected":false},"featured_media":34784,"comment_status":"open","ping_status":"closed","template":"","meta":{"googlesitekit_rrm_CAowud7EDA:productID":"","_uag_custom_page_level_css":""},"product_brand":[],"product_cat":[1323,1338],"product_tag":[],"class_list":{"0":"post-40958","1":"product","2":"type-product","3":"status-publish","4":"has-post-thumbnail","6":"product_cat-liquido-de-protecao-das-valvulas","7":"product_cat-valvecare-injectorcare-pt-pt","9":"first","10":"onbackorder","11":"taxable","12":"shipping-taxable","13":"purchasable","14":"product-type-simple"},"ct_brands":[],"yoast_head":"<!-- This site is optimized with the Yoast SEO Premium plugin v27.4 (Yoast SEO v27.4) - https:\/\/yoast.com\/product\/yoast-seo-premium-wordpress\/ -->\n<title>PRO-TEC GLP Protector de V\u00e1lvulas | PSC-LPG P1921 | Recambios EcoGas | Sistemas GLP y GNC<\/title>\n<meta name=\"description\" content=\"Protector de v\u00e1lvulas para veh\u00edculos GLP. PRO-TEC Ref. 01921. Limpieza del sistema de gasolina en Bi-Fuel. Aditivo profesional 375 ml.\" \/>\n<meta name=\"robots\" content=\"index, follow, max-snippet:-1, max-image-preview:large, max-video-preview:-1\" \/>\n<link rel=\"canonical\" href=\"https:\/\/recambiosecogas.com\/pt-pt\/produto\/pro-tec-glp-protector-de-valvulas-psc-lpg-p1921\/\" \/>\n<meta property=\"og:locale\" content=\"pt_PT\" \/>\n<meta property=\"og:type\" content=\"article\" \/>\n<meta property=\"og:title\" content=\"PRO-TEC GLP Protector de V\u00e1lvulas | PSC-LPG P1921\" \/>\n<meta property=\"og:description\" content=\"Protector de v\u00e1lvulas para veh\u00edculos GLP. PRO-TEC Ref. 01921. Limpieza del sistema de gasolina en Bi-Fuel. Aditivo profesional 375 ml.\" \/>\n<meta property=\"og:url\" content=\"https:\/\/recambiosecogas.com\/pt-pt\/produto\/pro-tec-glp-protector-de-valvulas-psc-lpg-p1921\/\" \/>\n<meta property=\"og:site_name\" content=\"Recambios EcoGas\" \/>\n<meta property=\"article:publisher\" content=\"https:\/\/www.facebook.com\/profile.php?id=100062419705358\" \/>\n<meta property=\"article:modified_time\" content=\"2026-03-23T09:28:34+00:00\" \/>\n<meta property=\"og:image\" content=\"https:\/\/recambiosecogas.com\/wp-content\/uploads\/2025\/04\/PRO-TEC-GLP-Protector-de-Valvulas-PSC-LPG-P1921-png.webp\" \/>\n\t<meta property=\"og:image:width\" content=\"1000\" \/>\n\t<meta property=\"og:image:height\" content=\"1000\" \/>\n\t<meta property=\"og:image:type\" content=\"image\/png\" \/>\n<meta name=\"twitter:card\" content=\"summary_large_image\" \/>\n<meta name=\"twitter:label1\" content=\"pre\u00e7o\" \/>\n\t<meta name=\"twitter:data1\" content=\"19,80&nbsp;&euro; (IVA incl.: 23,96&nbsp;&euro;)\" \/>\n\t<meta name=\"twitter:label2\" content=\"Disponibilidade\" \/>\n\t<meta name=\"twitter:data2\" content=\"Por encomenda\" \/>\n<script type=\"application\/ld+json\" class=\"yoast-schema-graph\">{\"@context\":\"https:\\\/\\\/schema.org\",\"@graph\":[{\"@type\":\"WebPage\",\"@id\":\"https:\\\/\\\/recambiosecogas.com\\\/pt-pt\\\/produto\\\/pro-tec-glp-protector-de-valvulas-psc-lpg-p1921\\\/\",\"url\":\"https:\\\/\\\/recambiosecogas.com\\\/pt-pt\\\/produto\\\/pro-tec-glp-protector-de-valvulas-psc-lpg-p1921\\\/\",\"name\":\"PRO-TEC GLP Protector de V\u00e1lvulas | PSC-LPG P1921 | Recambios EcoGas | Sistemas GLP y GNC\",\"isPartOf\":{\"@id\":\"https:\\\/\\\/recambiosecogas.com\\\/pt-pt\\\/#website\"},\"primaryImageOfPage\":{\"@id\":\"https:\\\/\\\/recambiosecogas.com\\\/pt-pt\\\/produto\\\/pro-tec-glp-protector-de-valvulas-psc-lpg-p1921\\\/#primaryimage\"},\"image\":{\"@id\":\"https:\\\/\\\/recambiosecogas.com\\\/pt-pt\\\/produto\\\/pro-tec-glp-protector-de-valvulas-psc-lpg-p1921\\\/#primaryimage\"},\"thumbnailUrl\":\"https:\\\/\\\/recambiosecogas.com\\\/wp-content\\\/uploads\\\/2025\\\/04\\\/PRO-TEC-GLP-Protector-de-Valvulas-PSC-LPG-P1921-png.webp\",\"datePublished\":\"2025-04-08T15:26:18+00:00\",\"dateModified\":\"2026-03-23T09:28:34+00:00\",\"description\":\"Protector de v\u00e1lvulas para veh\u00edculos GLP. PRO-TEC Ref. 01921. Limpieza del sistema de gasolina en Bi-Fuel. Aditivo profesional 375 ml.\",\"breadcrumb\":{\"@id\":\"https:\\\/\\\/recambiosecogas.com\\\/pt-pt\\\/produto\\\/pro-tec-glp-protector-de-valvulas-psc-lpg-p1921\\\/#breadcrumb\"},\"inLanguage\":\"pt-PT\",\"potentialAction\":[{\"@type\":\"ReadAction\",\"target\":[\"https:\\\/\\\/recambiosecogas.com\\\/pt-pt\\\/produto\\\/pro-tec-glp-protector-de-valvulas-psc-lpg-p1921\\\/\"]}]},{\"@type\":\"ImageObject\",\"inLanguage\":\"pt-PT\",\"@id\":\"https:\\\/\\\/recambiosecogas.com\\\/pt-pt\\\/produto\\\/pro-tec-glp-protector-de-valvulas-psc-lpg-p1921\\\/#primaryimage\",\"url\":\"https:\\\/\\\/recambiosecogas.com\\\/wp-content\\\/uploads\\\/2025\\\/04\\\/PRO-TEC-GLP-Protector-de-Valvulas-PSC-LPG-P1921-png.webp\",\"contentUrl\":\"https:\\\/\\\/recambiosecogas.com\\\/wp-content\\\/uploads\\\/2025\\\/04\\\/PRO-TEC-GLP-Protector-de-Valvulas-PSC-LPG-P1921-png.webp\",\"width\":1000,\"height\":1000},{\"@type\":\"BreadcrumbList\",\"@id\":\"https:\\\/\\\/recambiosecogas.com\\\/pt-pt\\\/produto\\\/pro-tec-glp-protector-de-valvulas-psc-lpg-p1921\\\/#breadcrumb\",\"itemListElement\":[{\"@type\":\"ListItem\",\"position\":1,\"name\":\"P\u00e1gina inicial\",\"item\":\"https:\\\/\\\/recambiosecogas.com\\\/pt-pt\\\/\"},{\"@type\":\"ListItem\",\"position\":2,\"name\":\"Loja\",\"item\":\"https:\\\/\\\/recambiosecogas.com\\\/pt-pt\\\/tienda\\\/\"},{\"@type\":\"ListItem\",\"position\":3,\"name\":\"PRO-TEC GLP Protector de V\u00e1lvulas | PSC-LPG P1921\"}]},{\"@type\":\"WebSite\",\"@id\":\"https:\\\/\\\/recambiosecogas.com\\\/pt-pt\\\/#website\",\"url\":\"https:\\\/\\\/recambiosecogas.com\\\/pt-pt\\\/\",\"name\":\"Recambios EcoGas\",\"description\":\"Pe\u00e7as multimarca para sistemas de GPL\\\/GNC\\\/GNL\\\/Hidrog\u00e9nio\",\"publisher\":{\"@id\":\"https:\\\/\\\/recambiosecogas.com\\\/pt-pt\\\/#organization\"},\"alternateName\":\"Recambios Autogas GLP\",\"potentialAction\":[{\"@type\":\"SearchAction\",\"target\":{\"@type\":\"EntryPoint\",\"urlTemplate\":\"https:\\\/\\\/recambiosecogas.com\\\/pt-pt\\\/?s={search_term_string}\"},\"query-input\":{\"@type\":\"PropertyValueSpecification\",\"valueRequired\":true,\"valueName\":\"search_term_string\"}}],\"inLanguage\":\"pt-PT\"},{\"@type\":[\"Organization\",\"Place\"],\"@id\":\"https:\\\/\\\/recambiosecogas.com\\\/pt-pt\\\/#organization\",\"name\":\"Recambios EcoGas\",\"alternateName\":\"Loja de GPL Autog\u00e1s Espanha\",\"url\":\"https:\\\/\\\/recambiosecogas.com\\\/pt-pt\\\/\",\"logo\":{\"@id\":\"https:\\\/\\\/recambiosecogas.com\\\/pt-pt\\\/produto\\\/pro-tec-glp-protector-de-valvulas-psc-lpg-p1921\\\/#local-main-organization-logo\"},\"image\":{\"@id\":\"https:\\\/\\\/recambiosecogas.com\\\/pt-pt\\\/produto\\\/pro-tec-glp-protector-de-valvulas-psc-lpg-p1921\\\/#local-main-organization-logo\"},\"sameAs\":[\"https:\\\/\\\/www.facebook.com\\\/profile.php?id=100062419705358\",\"https:\\\/\\\/www.instagram.com\\\/segimon_automocio\"],\"description\":\"Recambios EcoGas \u2013 Venta y distribuci\u00f3n de sistemas GLP y GNC en Espa\u00f1a y Portugal. Env\u00edos 24 h, soporte t\u00e9cnico a talleres y distribuidores.\",\"hasMerchantReturnPolicy\":{\"@type\":\"MerchantReturnPolicy\",\"merchantReturnLink\":\"https:\\\/\\\/recambiosecogas.com\\\/politicas-privacidad\\\/\"},\"address\":{\"@id\":\"https:\\\/\\\/recambiosecogas.com\\\/pt-pt\\\/produto\\\/pro-tec-glp-protector-de-valvulas-psc-lpg-p1921\\\/#local-main-place-address\"},\"telephone\":[\"616250633\"],\"contactPoint\":{\"@type\":\"ContactPoint\",\"email\":\"export@recambiosecogas.com\"},\"openingHoursSpecification\":[{\"@type\":\"OpeningHoursSpecification\",\"dayOfWeek\":[\"Monday\",\"Tuesday\",\"Wednesday\",\"Thursday\",\"Friday\",\"Saturday\",\"Sunday\"],\"opens\":\"09:00\",\"closes\":\"17:00\"}],\"email\":\"info@recambiosecogas.com\",\"faxNumber\":\"SEGIMON AUTOMOCION SL\",\"vatID\":\"ESB19819861\",\"globalLocationNumber\":\"938 616 339\"},{\"@type\":\"PostalAddress\",\"@id\":\"https:\\\/\\\/recambiosecogas.com\\\/pt-pt\\\/produto\\\/pro-tec-glp-protector-de-valvulas-psc-lpg-p1921\\\/#local-main-place-address\",\"streetAddress\":\"cami antic de vic, 29 (Nave 3), Pol\u00edgono Industrial Congost\",\"addressLocality\":\"CORRO D`AVALL\",\"postalCode\":\"08520\",\"addressRegion\":\"Barcelona\",\"addressCountry\":\"ES\"},{\"@type\":\"ImageObject\",\"inLanguage\":\"pt-PT\",\"@id\":\"https:\\\/\\\/recambiosecogas.com\\\/pt-pt\\\/produto\\\/pro-tec-glp-protector-de-valvulas-psc-lpg-p1921\\\/#local-main-organization-logo\",\"url\":\"https:\\\/\\\/recambiosecogas.com\\\/wp-content\\\/uploads\\\/2024\\\/11\\\/cropped-RECAMBIOS-GLP-png.webp\",\"contentUrl\":\"https:\\\/\\\/recambiosecogas.com\\\/wp-content\\\/uploads\\\/2024\\\/11\\\/cropped-RECAMBIOS-GLP-png.webp\",\"width\":512,\"height\":512,\"caption\":\"Recambios EcoGas\"}]}<\/script>\n<meta property=\"product:price:amount\" content=\"19.80\" \/>\n<meta property=\"product:price:currency\" content=\"EUR\" \/>\n<meta property=\"og:availability\" content=\"backorder\" \/>\n<meta property=\"product:availability\" content=\"available for order\" \/>\n<meta property=\"product:retailer_item_id\" content=\"01921\" \/>\n<meta property=\"product:condition\" content=\"new\" \/>\n<meta name=\"geo.placename\" content=\"CORRO D`AVALL\" \/>\n<meta name=\"geo.region\" content=\"Espanha\" \/>\n<!-- \/ Yoast SEO Premium plugin. -->","yoast_head_json":{"title":"PRO-TEC GLP Protector de V\u00e1lvulas | PSC-LPG P1921 | Recambios EcoGas | Sistemas GLP y GNC","description":"Protector de v\u00e1lvulas para veh\u00edculos GLP. PRO-TEC Ref. 01921. Limpieza del sistema de gasolina en Bi-Fuel. Aditivo profesional 375 ml.","robots":{"index":"index","follow":"follow","max-snippet":"max-snippet:-1","max-image-preview":"max-image-preview:large","max-video-preview":"max-video-preview:-1"},"canonical":"https:\/\/recambiosecogas.com\/pt-pt\/produto\/pro-tec-glp-protector-de-valvulas-psc-lpg-p1921\/","og_locale":"pt_PT","og_type":"article","og_title":"PRO-TEC GLP Protector de V\u00e1lvulas | PSC-LPG P1921","og_description":"Protector de v\u00e1lvulas para veh\u00edculos GLP. PRO-TEC Ref. 01921. Limpieza del sistema de gasolina en Bi-Fuel. Aditivo profesional 375 ml.","og_url":"https:\/\/recambiosecogas.com\/pt-pt\/produto\/pro-tec-glp-protector-de-valvulas-psc-lpg-p1921\/","og_site_name":"Recambios EcoGas","article_publisher":"https:\/\/www.facebook.com\/profile.php?id=100062419705358","article_modified_time":"2026-03-23T09:28:34+00:00","og_image":[{"width":1000,"height":1000,"url":"https:\/\/recambiosecogas.com\/wp-content\/uploads\/2025\/04\/PRO-TEC-GLP-Protector-de-Valvulas-PSC-LPG-P1921-png.webp","type":"image\/png"}],"twitter_card":"summary_large_image","twitter_misc":{"pre\u00e7o":"19,80&nbsp;&euro; (IVA incl.: 23,96&nbsp;&euro;)","Disponibilidade":"Por encomenda"},"schema":{"@context":"https:\/\/schema.org","@graph":[{"@type":"WebPage","@id":"https:\/\/recambiosecogas.com\/pt-pt\/produto\/pro-tec-glp-protector-de-valvulas-psc-lpg-p1921\/","url":"https:\/\/recambiosecogas.com\/pt-pt\/produto\/pro-tec-glp-protector-de-valvulas-psc-lpg-p1921\/","name":"PRO-TEC GLP Protector de V\u00e1lvulas | PSC-LPG P1921 | Recambios EcoGas | Sistemas GLP y GNC","isPartOf":{"@id":"https:\/\/recambiosecogas.com\/pt-pt\/#website"},"primaryImageOfPage":{"@id":"https:\/\/recambiosecogas.com\/pt-pt\/produto\/pro-tec-glp-protector-de-valvulas-psc-lpg-p1921\/#primaryimage"},"image":{"@id":"https:\/\/recambiosecogas.com\/pt-pt\/produto\/pro-tec-glp-protector-de-valvulas-psc-lpg-p1921\/#primaryimage"},"thumbnailUrl":"https:\/\/recambiosecogas.com\/wp-content\/uploads\/2025\/04\/PRO-TEC-GLP-Protector-de-Valvulas-PSC-LPG-P1921-png.webp","datePublished":"2025-04-08T15:26:18+00:00","dateModified":"2026-03-23T09:28:34+00:00","description":"Protector de v\u00e1lvulas para veh\u00edculos GLP. PRO-TEC Ref. 01921. Limpieza del sistema de gasolina en Bi-Fuel. Aditivo profesional 375 ml.","breadcrumb":{"@id":"https:\/\/recambiosecogas.com\/pt-pt\/produto\/pro-tec-glp-protector-de-valvulas-psc-lpg-p1921\/#breadcrumb"},"inLanguage":"pt-PT","potentialAction":[{"@type":"ReadAction","target":["https:\/\/recambiosecogas.com\/pt-pt\/produto\/pro-tec-glp-protector-de-valvulas-psc-lpg-p1921\/"]}]},{"@type":"ImageObject","inLanguage":"pt-PT","@id":"https:\/\/recambiosecogas.com\/pt-pt\/produto\/pro-tec-glp-protector-de-valvulas-psc-lpg-p1921\/#primaryimage","url":"https:\/\/recambiosecogas.com\/wp-content\/uploads\/2025\/04\/PRO-TEC-GLP-Protector-de-Valvulas-PSC-LPG-P1921-png.webp","contentUrl":"https:\/\/recambiosecogas.com\/wp-content\/uploads\/2025\/04\/PRO-TEC-GLP-Protector-de-Valvulas-PSC-LPG-P1921-png.webp","width":1000,"height":1000},{"@type":"BreadcrumbList","@id":"https:\/\/recambiosecogas.com\/pt-pt\/produto\/pro-tec-glp-protector-de-valvulas-psc-lpg-p1921\/#breadcrumb","itemListElement":[{"@type":"ListItem","position":1,"name":"P\u00e1gina inicial","item":"https:\/\/recambiosecogas.com\/pt-pt\/"},{"@type":"ListItem","position":2,"name":"Loja","item":"https:\/\/recambiosecogas.com\/pt-pt\/tienda\/"},{"@type":"ListItem","position":3,"name":"PRO-TEC GLP Protector de V\u00e1lvulas | PSC-LPG P1921"}]},{"@type":"WebSite","@id":"https:\/\/recambiosecogas.com\/pt-pt\/#website","url":"https:\/\/recambiosecogas.com\/pt-pt\/","name":"Recambios EcoGas","description":"Pe\u00e7as multimarca para sistemas de GPL\/GNC\/GNL\/Hidrog\u00e9nio","publisher":{"@id":"https:\/\/recambiosecogas.com\/pt-pt\/#organization"},"alternateName":"Recambios Autogas GLP","potentialAction":[{"@type":"SearchAction","target":{"@type":"EntryPoint","urlTemplate":"https:\/\/recambiosecogas.com\/pt-pt\/?s={search_term_string}"},"query-input":{"@type":"PropertyValueSpecification","valueRequired":true,"valueName":"search_term_string"}}],"inLanguage":"pt-PT"},{"@type":["Organization","Place"],"@id":"https:\/\/recambiosecogas.com\/pt-pt\/#organization","name":"Recambios EcoGas","alternateName":"Loja de GPL Autog\u00e1s Espanha","url":"https:\/\/recambiosecogas.com\/pt-pt\/","logo":{"@id":"https:\/\/recambiosecogas.com\/pt-pt\/produto\/pro-tec-glp-protector-de-valvulas-psc-lpg-p1921\/#local-main-organization-logo"},"image":{"@id":"https:\/\/recambiosecogas.com\/pt-pt\/produto\/pro-tec-glp-protector-de-valvulas-psc-lpg-p1921\/#local-main-organization-logo"},"sameAs":["https:\/\/www.facebook.com\/profile.php?id=100062419705358","https:\/\/www.instagram.com\/segimon_automocio"],"description":"Recambios EcoGas \u2013 Venta y distribuci\u00f3n de sistemas GLP y GNC en Espa\u00f1a y Portugal. Env\u00edos 24 h, soporte t\u00e9cnico a talleres y distribuidores.","hasMerchantReturnPolicy":{"@type":"MerchantReturnPolicy","merchantReturnLink":"https:\/\/recambiosecogas.com\/politicas-privacidad\/"},"address":{"@id":"https:\/\/recambiosecogas.com\/pt-pt\/produto\/pro-tec-glp-protector-de-valvulas-psc-lpg-p1921\/#local-main-place-address"},"telephone":["616250633"],"contactPoint":{"@type":"ContactPoint","email":"export@recambiosecogas.com"},"openingHoursSpecification":[{"@type":"OpeningHoursSpecification","dayOfWeek":["Monday","Tuesday","Wednesday","Thursday","Friday","Saturday","Sunday"],"opens":"09:00","closes":"17:00"}],"email":"info@recambiosecogas.com","faxNumber":"SEGIMON AUTOMOCION SL","vatID":"ESB19819861","globalLocationNumber":"938 616 339"},{"@type":"PostalAddress","@id":"https:\/\/recambiosecogas.com\/pt-pt\/produto\/pro-tec-glp-protector-de-valvulas-psc-lpg-p1921\/#local-main-place-address","streetAddress":"cami antic de vic, 29 (Nave 3), Pol\u00edgono Industrial Congost","addressLocality":"CORRO D`AVALL","postalCode":"08520","addressRegion":"Barcelona","addressCountry":"ES"},{"@type":"ImageObject","inLanguage":"pt-PT","@id":"https:\/\/recambiosecogas.com\/pt-pt\/produto\/pro-tec-glp-protector-de-valvulas-psc-lpg-p1921\/#local-main-organization-logo","url":"https:\/\/recambiosecogas.com\/wp-content\/uploads\/2024\/11\/cropped-RECAMBIOS-GLP-png.webp","contentUrl":"https:\/\/recambiosecogas.com\/wp-content\/uploads\/2024\/11\/cropped-RECAMBIOS-GLP-png.webp","width":512,"height":512,"caption":"Recambios EcoGas"}]},"product_price_amount":"19.80","product_price_currency":"EUR","og_availability":"backorder","product_availability":"available for order","product_retailer_item_id":"01921","product_condition":"new","geo.placename":"CORRO D`AVALL","geo.region":"Espanha"},"uagb_featured_image_src":{"full":["https:\/\/recambiosecogas.com\/wp-content\/uploads\/2025\/04\/PRO-TEC-GLP-Protector-de-Valvulas-PSC-LPG-P1921-png.webp",1000,1000,false],"thumbnail":["https:\/\/recambiosecogas.com\/wp-content\/uploads\/2025\/04\/PRO-TEC-GLP-Protector-de-Valvulas-PSC-LPG-P1921-150x150.webp",150,150,true],"medium":["https:\/\/recambiosecogas.com\/wp-content\/uploads\/2025\/04\/PRO-TEC-GLP-Protector-de-Valvulas-PSC-LPG-P1921-300x300.webp",300,300,true],"medium_large":["https:\/\/recambiosecogas.com\/wp-content\/uploads\/2025\/04\/PRO-TEC-GLP-Protector-de-Valvulas-PSC-LPG-P1921-768x768.webp",768,768,true],"large":["https:\/\/recambiosecogas.com\/wp-content\/uploads\/2025\/04\/PRO-TEC-GLP-Protector-de-Valvulas-PSC-LPG-P1921-png.webp",1000,1000,false],"1536x1536":["https:\/\/recambiosecogas.com\/wp-content\/uploads\/2025\/04\/PRO-TEC-GLP-Protector-de-Valvulas-PSC-LPG-P1921-png.webp",1000,1000,false],"2048x2048":["https:\/\/recambiosecogas.com\/wp-content\/uploads\/2025\/04\/PRO-TEC-GLP-Protector-de-Valvulas-PSC-LPG-P1921-png.webp",1000,1000,false],"woocommerce_archive_thumbnail":["https:\/\/recambiosecogas.com\/wp-content\/uploads\/2025\/04\/PRO-TEC-GLP-Protector-de-Valvulas-PSC-LPG-P1921-png.webp",1000,1000,false],"woocommerce_thumbnail":["https:\/\/recambiosecogas.com\/wp-content\/uploads\/2025\/04\/PRO-TEC-GLP-Protector-de-Valvulas-PSC-LPG-P1921-300x300.webp",300,300,true],"woocommerce_single":["https:\/\/recambiosecogas.com\/wp-content\/uploads\/2025\/04\/PRO-TEC-GLP-Protector-de-Valvulas-PSC-LPG-P1921-png.webp",1000,1000,false],"woocommerce_gallery_thumbnail":["https:\/\/recambiosecogas.com\/wp-content\/uploads\/2025\/04\/PRO-TEC-GLP-Protector-de-Valvulas-PSC-LPG-P1921-png.webp",1000,1000,false],"dgwt-wcas-product-suggestion":["https:\/\/recambiosecogas.com\/wp-content\/uploads\/2025\/04\/PRO-TEC-GLP-Protector-de-Valvulas-PSC-LPG-P1921-64x64.webp",64,64,true]},"uagb_author_info":{"display_name":"Fran - Soporte T\u00e9cnico","author_link":"https:\/\/recambiosecogas.com\/pt-pt\/author\/"},"uagb_comment_info":0,"uagb_excerpt":"PRO-TEC GLP Protector de V\u00e1lvulas | PSC-LPG P1921 El PRO-TEC Petrol System Cleaner LPG es un aditivo t\u00e9cnico de alto rendimiento desarrollado especialmente para veh\u00edculos con sistemas Bi-Fuel que utilizan tanto gasolina como GLP (gas licuado del petr\u00f3leo). Su funci\u00f3n principal es limpiar y proteger el sistema de alimentaci\u00f3n de gasolina, garantizando un rendimiento \u00f3ptimo&hellip;","_links":{"self":[{"href":"https:\/\/recambiosecogas.com\/pt-pt\/wp-json\/wp\/v2\/product\/40958","targetHints":{"allow":["GET"]}}],"collection":[{"href":"https:\/\/recambiosecogas.com\/pt-pt\/wp-json\/wp\/v2\/product"}],"about":[{"href":"https:\/\/recambiosecogas.com\/pt-pt\/wp-json\/wp\/v2\/types\/product"}],"replies":[{"embeddable":true,"href":"https:\/\/recambiosecogas.com\/pt-pt\/wp-json\/wp\/v2\/comments?post=40958"}],"wp:featuredmedia":[{"embeddable":true,"href":"https:\/\/recambiosecogas.com\/pt-pt\/wp-json\/wp\/v2\/media\/34784"}],"wp:attachment":[{"href":"https:\/\/recambiosecogas.com\/pt-pt\/wp-json\/wp\/v2\/media?parent=40958"}],"wp:term":[{"taxonomy":"product_brand","embeddable":true,"href":"https:\/\/recambiosecogas.com\/pt-pt\/wp-json\/wp\/v2\/product_brand?post=40958"},{"taxonomy":"product_cat","embeddable":true,"href":"https:\/\/recambiosecogas.com\/pt-pt\/wp-json\/wp\/v2\/product_cat?post=40958"},{"taxonomy":"product_tag","embeddable":true,"href":"https:\/\/recambiosecogas.com\/pt-pt\/wp-json\/wp\/v2\/product_tag?post=40958"}],"curies":[{"name":"wp","href":"https:\/\/api.w.org\/{rel}","templated":true}]}}